{"id":18145,"date":"2024-05-20T16:41:53","date_gmt":"2024-05-20T16:41:53","guid":{"rendered":"https:\/\/weegree.com\/regulamin-serwisu\/"},"modified":"2024-06-12T12:06:08","modified_gmt":"2024-06-12T12:06:08","slug":"regulamin-serwisu","status":"publish","type":"page","link":"https:\/\/weegree.com\/de\/regulamin-serwisu\/","title":{"rendered":"Bedingungen f\u00fcr den Service"},"content":{"rendered":"\n<ol class=\"wp-block-list\">\n<li><strong>Vorl\u00e4ufige Bestimmungen.<\/strong>\n<ol class=\"wp-block-list\">\n<li>Die folgenden Allgemeinen Gesch\u00e4ftsbedingungen (&#8222;AGB&#8220;) legen die Regeln f\u00fcr die Website Weegree.com fest. Die Allgemeinen Gesch\u00e4ftsbedingungen legen die Rechte und Pflichten des Administrators der Website Weegree.com (die &#8222;Website&#8220;) fest und enthalten auch andere gesetzlich vorgeschriebene Informationen.<\/li>\n<\/ol>\n<\/li>\n\n\n\n<li><strong>Definitionen.<\/strong>\n<ol class=\"wp-block-list\">\n<li><strong>Service<\/strong> &#8211; ein vom Administrator elektronisch bereitgestellter Service, der die Ver\u00f6ffentlichung von Anzeigen auf der Domain http:\/\/weegree.com erm\u00f6glicht.<\/li>\n\n\n\n<li><strong>Administrator<\/strong> &#8211; die Einrichtung, die den Dienst verwaltet und betreibt, d.h. Weegree sp. z o.o.<\/li>\n\n\n\n<li><strong>Dienste<\/strong> &#8211; alle Dienste, die der Administrator den Nutzern auf der Grundlage dieser Bestimmungen elektronisch zur Verf\u00fcgung stellt.<\/li>\n\n\n\n<li><strong>Weegree.com<\/strong> &#8211; die Website des Verwalters unter www.weegree.com, auf der der Verwalter die Dienste anbietet.<\/li>\n\n\n\n<li><strong>Konto<\/strong> &#8211; das kostenlose Konto des Nutzers innerhalb des Dienstes.<\/li>\n\n\n\n<li><strong>Anzeige<\/strong> &#8211; ein Angebot f\u00fcr eine Arbeit, eine Zusammenarbeit oder einen Auftrag, das der Nutzer oder eine autorisierte Person in den Service einstellt, zugunsten von Eurobud Contracting Sp. z o.o.<\/li>\n\n\n\n<li><strong>Kandidat<\/strong> &#8211; eine Person, die sich um ein Stellenangebot innerhalb des Dienstes bewirbt.<\/li>\n\n\n\n<li><strong>IKT-System<\/strong> &#8211; eine Reihe von zusammenarbeitenden IT-Ger\u00e4ten und Software, die die Verarbeitung und Speicherung sowie das Senden und Empfangen von Daten \u00fcber Telekommunikationsnetze mit Hilfe eines f\u00fcr einen bestimmten Netzwerktyp geeigneten Endger\u00e4ts im Sinne des Telekommunikationsgesetzes gew\u00e4hrleisten.<\/li>\n\n\n\n<li><strong>Verordnungen<\/strong> &#8211; diese Verordnungen.<\/li>\n<\/ol>\n<\/li>\n\n\n\n<li><strong>Allgemeine Bestimmungen.<\/strong>\n<ol class=\"wp-block-list\">\n<li>Diese Verordnungen legen fest:\n<ol class=\"wp-block-list\">\n<li>Die Rechte und Pflichten des Administrators und der Kandidaten in Bezug auf die Bereitstellung der Dienste auf elektronischem Wege,<\/li>\n\n\n\n<li>Regeln zum Ausschluss der Haftung des Administrators f\u00fcr die elektronische Bereitstellung der Dienste,<\/li>\n\n\n\n<li>Grunds\u00e4tze f\u00fcr den Schutz personenbezogener Daten von Personen, die die elektronisch bereitgestellten Dienste nutzen.<\/li>\n<\/ol>\n<\/li>\n\n\n\n<li>Der Verwalter stellt den Kandidaten die Regeln und Vorschriften kostenlos und auf deren Anfrage so zur Verf\u00fcgung, dass es m\u00f6glich ist, den Inhalt der Regeln und Vorschriften mittels eines Datenkommunikationssystems zu erhalten, zu reproduzieren und aufzuzeichnen. Der Kandidat ist nicht an die Bestimmungen der Gesch\u00e4ftsordnung gebunden, die ihm nicht auf die oben beschriebene Weise zug\u00e4nglich gemacht wurden.<\/li>\n\n\n\n<li>Der Administrator erbringt die Dienstleistungen elektronisch in \u00dcbereinstimmung mit den Bestimmungen.<\/li>\n\n\n\n<li>Der Administrator ist verpflichtet, die Bestimmungen der Verordnungen von dem Moment an einzuhalten, in dem er die auf die Nutzung der Dienste gerichteten Aktivit\u00e4ten unternimmt.<\/li>\n<\/ol>\n<\/li>\n\n\n\n<li><strong>Bedingungen f\u00fcr die Anzeige von Werbungen.<\/strong>\n<ol class=\"wp-block-list\">\n<li>Der Administrator kann im Rahmen des Dienstes eine unbegrenzte Anzahl von Anzeigen schalten.<\/li>\n\n\n\n<li>Die Beschreibung der Anzeige muss genau und vollst\u00e4ndig sein und darf andere Nutzer nicht in die Irre f\u00fchren, insbesondere nicht \u00fcber die Eigenschaften des Dienstes oder des Auftrags. Die Beschreibung der Anzeige sollte den gesetzlichen Anforderungen entsprechen, insbesondere sollte sie die unter bestimmten Umst\u00e4nden erforderlichen Informationen enthalten, einschlie\u00dflich der Informationen, die in den geltenden Verbraucherschutzgesetzen angegeben sind. Der Administrator tr\u00e4gt die volle Verantwortung f\u00fcr den von ihm in die Beschreibung der Anzeige eingestellten Inhalt, einschlie\u00dflich der Verantwortung f\u00fcr etwaige Fehler oder Ungenauigkeiten in dieser Beschreibung.<\/li>\n\n\n\n<li>Der Administrator verpflichtet sich, keine Anzeigen zu schalten, deren Inhalt gegen geltende gesetzliche Bestimmungen oder Rechte Dritter (insbesondere Urheberrechte und andere geistige Eigentumsrechte) verst\u00f6\u00dft, sowie deren Darstellung als Versto\u00df gegen die guten Sitten angesehen werden kann.<\/li>\n\n\n\n<li>Sobald der Administrator den Inhalt der Anzeigenbeschreibung genehmigt hat, wird diese auf der Website zur Verf\u00fcgung gestellt und von diesem Moment an ist der Administrator an den Inhalt der Anzeigenbeschreibung gebunden und die Ver\u00f6ffentlichung beginnt.<\/li>\n<\/ol>\n<\/li>\n\n\n\n<li><strong>Technische Determinanten der Dienstleistungserbringung.<\/strong>\n<ol class=\"wp-block-list\">\n<li>Um ein Kandidat des Dienstes zu sein und seine Ressourcen zu nutzen, ben\u00f6tigen Sie einen Computer, einen beliebigen Internet-Browser, einen Internetzugang und ein beliebiges und aktives elektronisches Postfach (E-Mail).<\/li>\n\n\n\n<li>Die Website speichert Cookies auf den Computern der Kandidaten, um sich an die Angebote zu erinnern, die sie angesehen haben, um Statistiken f\u00fcr unsere Inhaltspartner und Werbetreibenden zu erstellen, um Online-Werbung mit Inhalten zu pr\u00e4sentieren, die f\u00fcr die Interessen des Benutzers am relevantesten sind, und um Online-Umfragen zu erstellen und sie gegen mehrfache Abstimmungen durch dieselben Personen zu sichern.<\/li>\n<\/ol>\n<\/li>\n\n\n\n<li><strong>Rechte und Pflichten des Administrators und der Kandidaten.<\/strong>\n<ol class=\"wp-block-list\">\n<li>Der Administrator verpflichtet sich, die Dienste kontinuierlich und ohne Unterbrechung bereitzustellen.<\/li>\n\n\n\n<li>Der Administrator beh\u00e4lt sich das Recht vor:\n<ol class=\"wp-block-list\">\n<li>vor\u00fcbergehende Unterbrechung der Dienste aufgrund von Wartungsarbeiten oder \u00c4nderungen an der Weegree.com Website,<\/li>\n\n\n\n<li>technische Mitteilungen in Bezug auf den Betrieb der Dienste an die elektronischen Adressen der Nutzer zu senden.<\/li>\n\n\n\n<li>Der Administrator beh\u00e4lt sich das Recht vor, ein Angebot jederzeit zu entfernen, wenn sich herausstellt, dass sein Inhalt gegen geltendes Recht &#8211; insbesondere gegen das Umweltschutzgesetz &#8211; verst\u00f6\u00dft. unlauteren Wettbewerb, andere Rechte Dritter und die Bestimmungen der Nutzungsbedingungen.<\/li>\n\n\n\n<li>Der Administrator beh\u00e4lt sich das Recht vor, Korrekturen an den Angeboten vorzunehmen, indem er sprachliche Fehler korrigiert, die Kategoriezugeh\u00f6rigkeit \u00e4ndert, den Inhalt formatiert, angeh\u00e4ngte Dateien umbenennt, die Gr\u00f6\u00dfe des hochgeladenen Logos \u00e4ndert und falsche Anh\u00e4nge l\u00f6scht.<\/li>\n<\/ol>\n<\/li>\n\n\n\n<li>Das Ausf\u00fcllen des elektronischen Anmeldeformulars, das zur Registrierung des Kontos f\u00fchrt, ist gleichbedeutend mit der Zustimmung zur Verarbeitung der pers\u00f6nlichen Daten des Benutzers durch Eurobud Contracting Sp. z o.o. innerhalb des Dienstes, in \u00dcbereinstimmung mit dem Gesetz vom 29. August 1997. zum Schutz personenbezogener Daten (Gesetzblatt Nr. 133, Pos. 883, in ge\u00e4nderter Fassung).<\/li>\n\n\n\n<li>Der Administrator erkl\u00e4rt, dass alle Inhalte, einschlie\u00dflich Fotos, Downloads, Logos, die auf der Website platziert sind, der Wahrheit entsprechen und keine Urheber- oder Pers\u00f6nlichkeitsrechte verletzen.<\/li>\n<\/ol>\n<\/li>\n\n\n\n<li><strong>Verantwortung.<\/strong>\n<ol class=\"wp-block-list\">\n<li>Der Administrator ist verantwortlich f\u00fcr den Inhalt und das Material, das an die Website \u00fcbermittelt und dort ver\u00f6ffentlicht wird, einschlie\u00dflich seiner Ansichten, sowie f\u00fcr das auf der Website ver\u00f6ffentlichte Material.<\/li>\n\n\n\n<li>Der Administrator ist verantwortlich f\u00fcr die Authentizit\u00e4t der Informationen und Daten, die der Website hinzugef\u00fcgt werden.<\/li>\n\n\n\n<li>Der Administrator ist nicht verantwortlich f\u00fcr den Verlust von Daten des Dienstes, die in den Computersystemen des Administrators gespeichert sind, verursacht durch Ger\u00e4teausfall, Internetst\u00f6rungen, Verlust durch Handlungen Dritter oder andere Gr\u00fcnde.<\/li>\n\n\n\n<li>Der Administrator haftet nicht f\u00fcr Sch\u00e4den, die durch eine unsachgem\u00e4\u00dfe Nutzung des Dienstes durch die Kandidaten verursacht werden, insbesondere durch eine Nutzung des Dienstes durch den Kandidaten, die nicht den Bestimmungen dieses Reglements entspricht.<\/li>\n\n\n\n<li>Der Verwalter haftet nicht f\u00fcr Probleme bei der Nutzung des Dienstes, wenn diese infolge von Ereignissen aufgetreten sind, die der Verwalter bei Anwendung der gebotenen Sorgfalt nicht vorhersehen oder verhindern konnte, insbesondere die St\u00f6rung des IT-Systems oder der Internetverbindungen des Kandidaten sowie Ereignisse h\u00f6herer Gewalt.<\/li>\n\n\n\n<li>Der Kandidat \u00fcbernimmt die volle rechtliche Verantwortung f\u00fcr die Informationen und Materialien, die er\/sie in den Service einstellt.<\/li>\n<\/ol>\n<\/li>\n\n\n\n<li><strong>Verarbeitung personenbezogener Daten, Datenschutzrichtlinie.<\/strong>\n<ol class=\"wp-block-list\">\n<li>Die Datenbank mit den pers\u00f6nlichen Daten der Kandidaten und den Informationen, die an den Dienst \u00fcbermittelt werden, unterliegt dem gesetzlichen Schutz. Der Administrator der Website ist der Verantwortliche f\u00fcr die personenbezogenen Daten (im Sinne des Gesetzes zum Schutz personenbezogener Daten), die in \u00dcbereinstimmung mit diesem Gesetz und dem Umfang der von den Kandidaten erteilten Einwilligungen verarbeitet werden.<\/li>\n\n\n\n<li>Der Kandidat hat das Recht auf Zugang zu seinen Daten, die von der oben genannten Stelle verarbeitet werden, das Recht auf Berichtigung der Daten und das Recht, die Einstellung der Verarbeitung durch L\u00f6schung aus der Datenbank zu verlangen.<\/li>\n\n\n\n<li>Der Verwalter stellt Informationen und Daten \u00fcber Nutzer in keiner anderen Weise zur Verf\u00fcgung, als es sich aus dem Zweck des Dienstes und dem Umfang der Zustimmungen und Erkl\u00e4rungen der Nutzungsbedingungen ergibt, ohne dass es eine gesetzliche Grundlage gibt, die den Verwalter dazu verpflichtet, und gew\u00e4hrleistet, dass alle Anstrengungen unternommen werden, um sicherzustellen, dass diese Informationen zumindest in der Weise gesch\u00fctzt werden, wie es die Bestimmungen des Gesetzes zum Schutz personenbezogener Daten und die auf seiner Grundlage erlassenen Vorschriften vorsehen.<\/li>\n\n\n\n<li>Der Nutzer stellt der Website alle pers\u00f6nlichen Daten, sonstige Informationen und deren Umfang auf freiwilliger Basis zur Verf\u00fcgung und erkl\u00e4rt sich damit einverstanden, dass diese Daten und Informationen ver\u00f6ffentlicht werden, was bedeutet, dass eine unbegrenzte Anzahl von Internetnutzern Zugang zu ihnen hat.<\/li>\n<\/ol>\n<\/li>\n\n\n\n<li><strong>Kontaktieren Sie den Service. Pannen. Melden Sie Verst\u00f6\u00dfe gegen das Gesetz. Reklamationen.<\/strong>\n<ol class=\"wp-block-list\">\n<li>Jegliche Kommentare, Fragen und Informationen zum Service k\u00f6nnen an den Administrator unter http:\/\/www.weegree.com\/firma\/kontakt\/ gerichtet werden.<\/li>\n\n\n\n<li>St\u00f6rungen bei der Nutzung des Dienstes k\u00f6nnen vom Kandidaten beanstandet werden, indem er die St\u00f6rung dem Administrator mit dem unter http:\/\/www.weegree.com\/firma\/kontakt\/ verf\u00fcgbaren Formular meldet.<\/li>\n\n\n\n<li>Beschwerden werden vom Serviceteam innerhalb von 14 Tagen nach Einreichung der Beschwerde bearbeitet. Der Administrator beh\u00e4lt sich jedoch das Recht vor, die Beschwerde unbeantwortet zu lassen, wenn es sich um Fehlfunktionen handelt, die auf die mangelnde Kenntnis der Regeln und Vorschriften durch den Kandidaten zur\u00fcckzuf\u00fchren sind, oder wenn der Kandidat die Anweisungen nicht befolgt hat, die der Administrator den Kandidaten direkt gegeben hat.<\/li>\n\n\n\n<li>Ein korrekt eingereichter Antrag sollte mindestens die folgenden Angaben enthalten:\n<ol class=\"wp-block-list\">\n<li>die Identifizierung des Benutzers (Name, Vorname, Adresse, E-Mail-Adresse &#8211; im Angebot angegeben),<\/li>\n\n\n\n<li>den Gegenstand der Beschwerde,<\/li>\n\n\n\n<li>die Umst\u00e4nde, die die Beschwerde rechtfertigen.<\/li>\n<\/ol>\n<\/li>\n\n\n\n<li>Beschwerden, die die oben genannten Angaben nicht enthalten, werden nicht ber\u00fccksichtigt.<\/li>\n\n\n\n<li>Der Administrator beh\u00e4lt sich das Recht vor, in die technische Struktur der Ank\u00fcndigung einzugreifen, um Fehlfunktionen des Dienstes zu diagnostizieren, sowie \u00c4nderungen vorzunehmen und in sonstiger Weise auf die technische Seite des Dienstes einzuwirken, um ihn zu modifizieren oder seine Funktionsf\u00e4higkeit wiederherzustellen.<\/li>\n\n\n\n<li>Wenn unangemessene Inhalte und Materialien gemeldet werden, werden sie entfernt oder \u00fcberpr\u00fcft.<\/li>\n<\/ol>\n<\/li>\n\n\n\n<li><strong>Schlussbestimmungen.<\/strong>\n<ol class=\"wp-block-list\">\n<li>Der Administrator beh\u00e4lt sich das Recht vor, seine Rechte und Pflichten im Zusammenhang mit dem Service ganz oder teilweise an eine andere Einrichtung abzutreten, ohne die Zustimmung der Kandidaten einholen zu m\u00fcssen.<\/li>\n\n\n\n<li>Die Bestimmungen dieser Allgemeinen Gesch\u00e4ftsbedingungen k\u00f6nnen vom Verwalter jederzeit ohne Angabe von Gr\u00fcnden ge\u00e4ndert werden. Diese \u00c4nderungen werden auf der Website laufend mit Informationen \u00fcber die \u00c4nderung ver\u00f6ffentlicht.<\/li>\n\n\n\n<li>Es ist verboten, ohne die schriftliche Zustimmung des Administrators: Informationen, Daten oder andere Inhalte der Website ganz oder teilweise zu kopieren, zu vervielf\u00e4ltigen oder anderweitig zu nutzen, au\u00dfer f\u00fcr den pers\u00f6nlichen Gebrauch.<\/li>\n\n\n\n<li>Alle Streitigkeiten, die sich aus diesen Allgemeinen Gesch\u00e4ftsbedingungen oder aus Vertr\u00e4gen \u00fcber die Erbringung von Dienstleistungen auf elektronischem Wege ergeben, werden vor dem polnischen ordentlichen Gericht entschieden.<\/li>\n\n\n\n<li>In Angelegenheiten, die in diesen Bedingungen nicht geregelt sind, gelten die Bestimmungen des Gesetzes \u00fcber die Erbringung elektronischer Dienstleistungen, des Gesetzes \u00fcber den Schutz personenbezogener Daten, des B\u00fcrgerlichen Gesetzbuches und anderer zwingender gesetzlicher Bestimmungen.<\/li>\n<\/ol>\n<\/li>\n<\/ol>\n","protected":false},"excerpt":{"rendered":"","protected":false},"author":1,"featured_media":0,"parent":0,"menu_order":0,"comment_status":"closed","ping_status":"closed","template":"","meta":{"_acf_changed":false,"footnotes":""},"class_list":["post-18145","page","type-page","status-publish","hentry"],"acf":[],"yoast_head":"<!-- This site is optimized with the Yoast SEO plugin v25.5 - https:\/\/yoast.com\/wordpress\/plugins\/seo\/ -->\n<title>Bedingungen f\u00fcr den Service - Weegree<\/title>\n<meta name=\"robots\" content=\"index, follow, max-snippet:-1, max-image-preview:large, max-video-preview:-1\" \/>\n<link rel=\"canonical\" href=\"https:\/\/weegree.com\/de\/regulamin-serwisu\/\" \/>\n<meta property=\"og:locale\" content=\"de_DE\" \/>\n<meta property=\"og:type\" content=\"article\" \/>\n<meta property=\"og:title\" content=\"Bedingungen f\u00fcr den Service - Weegree\" \/>\n<meta property=\"og:url\" content=\"https:\/\/weegree.com\/de\/regulamin-serwisu\/\" \/>\n<meta property=\"og:site_name\" content=\"Weegree\" \/>\n<meta property=\"article:publisher\" content=\"http:\/\/www.facebook.com\/weegreeworld\" \/>\n<meta property=\"article:modified_time\" content=\"2024-06-12T12:06:08+00:00\" \/>\n<meta name=\"twitter:card\" content=\"summary_large_image\" \/>\n<meta name=\"twitter:label1\" content=\"Gesch\u00e4tzte Lesezeit\" \/>\n\t<meta name=\"twitter:data1\" content=\"9\u00a0Minuten\" \/>\n<script type=\"application\/ld+json\" class=\"yoast-schema-graph\">{\"@context\":\"https:\/\/schema.org\",\"@graph\":[{\"@type\":\"WebPage\",\"@id\":\"https:\/\/weegree.com\/de\/regulamin-serwisu\/\",\"url\":\"https:\/\/weegree.com\/de\/regulamin-serwisu\/\",\"name\":\"Bedingungen f\u00fcr den Service - Weegree\",\"isPartOf\":{\"@id\":\"https:\/\/weegree.com\/fr\/#website\"},\"datePublished\":\"2024-05-20T16:41:53+00:00\",\"dateModified\":\"2024-06-12T12:06:08+00:00\",\"breadcrumb\":{\"@id\":\"https:\/\/weegree.com\/de\/regulamin-serwisu\/#breadcrumb\"},\"inLanguage\":\"de\",\"potentialAction\":[{\"@type\":\"ReadAction\",\"target\":[\"https:\/\/weegree.com\/de\/regulamin-serwisu\/\"]}]},{\"@type\":\"BreadcrumbList\",\"@id\":\"https:\/\/weegree.com\/de\/regulamin-serwisu\/#breadcrumb\",\"itemListElement\":[{\"@type\":\"ListItem\",\"position\":1,\"name\":\"Strona g\u0142\u00f3wna\",\"item\":\"https:\/\/weegree.com\/de\/\"},{\"@type\":\"ListItem\",\"position\":2,\"name\":\"Bedingungen f\u00fcr den Service\"}]},{\"@type\":\"WebSite\",\"@id\":\"https:\/\/weegree.com\/fr\/#website\",\"url\":\"https:\/\/weegree.com\/fr\/\",\"name\":\"Weegree\",\"description\":\"dostarczanie specjalist\u00f3w to nasza specjalno\u015b\u0107\",\"publisher\":{\"@id\":\"https:\/\/weegree.com\/fr\/#organization\"},\"potentialAction\":[{\"@type\":\"SearchAction\",\"target\":{\"@type\":\"EntryPoint\",\"urlTemplate\":\"https:\/\/weegree.com\/fr\/?s={search_term_string}\"},\"query-input\":{\"@type\":\"PropertyValueSpecification\",\"valueRequired\":true,\"valueName\":\"search_term_string\"}}],\"inLanguage\":\"de\"},{\"@type\":\"Organization\",\"@id\":\"https:\/\/weegree.com\/fr\/#organization\",\"name\":\"Weegree\",\"url\":\"https:\/\/weegree.com\/fr\/\",\"logo\":{\"@type\":\"ImageObject\",\"inLanguage\":\"de\",\"@id\":\"https:\/\/weegree.com\/fr\/#\/schema\/logo\/image\/\",\"url\":\"https:\/\/weegree.com\/wp-content\/uploads\/2024\/06\/weegree-logo.svg\",\"contentUrl\":\"https:\/\/weegree.com\/wp-content\/uploads\/2024\/06\/weegree-logo.svg\",\"width\":94,\"height\":36,\"caption\":\"Weegree\"},\"image\":{\"@id\":\"https:\/\/weegree.com\/fr\/#\/schema\/logo\/image\/\"},\"sameAs\":[\"http:\/\/www.facebook.com\/weegreeworld\",\"http:\/\/www.linkedin.com\/company\/2972953\"]}]}<\/script>\n<!-- \/ Yoast SEO plugin. -->","yoast_head_json":{"title":"Bedingungen f\u00fcr den Service - Weegree","robots":{"index":"index","follow":"follow","max-snippet":"max-snippet:-1","max-image-preview":"max-image-preview:large","max-video-preview":"max-video-preview:-1"},"canonical":"https:\/\/weegree.com\/de\/regulamin-serwisu\/","og_locale":"de_DE","og_type":"article","og_title":"Bedingungen f\u00fcr den Service - Weegree","og_url":"https:\/\/weegree.com\/de\/regulamin-serwisu\/","og_site_name":"Weegree","article_publisher":"http:\/\/www.facebook.com\/weegreeworld","article_modified_time":"2024-06-12T12:06:08+00:00","twitter_card":"summary_large_image","twitter_misc":{"Gesch\u00e4tzte Lesezeit":"9\u00a0Minuten"},"schema":{"@context":"https:\/\/schema.org","@graph":[{"@type":"WebPage","@id":"https:\/\/weegree.com\/de\/regulamin-serwisu\/","url":"https:\/\/weegree.com\/de\/regulamin-serwisu\/","name":"Bedingungen f\u00fcr den Service - Weegree","isPartOf":{"@id":"https:\/\/weegree.com\/fr\/#website"},"datePublished":"2024-05-20T16:41:53+00:00","dateModified":"2024-06-12T12:06:08+00:00","breadcrumb":{"@id":"https:\/\/weegree.com\/de\/regulamin-serwisu\/#breadcrumb"},"inLanguage":"de","potentialAction":[{"@type":"ReadAction","target":["https:\/\/weegree.com\/de\/regulamin-serwisu\/"]}]},{"@type":"BreadcrumbList","@id":"https:\/\/weegree.com\/de\/regulamin-serwisu\/#breadcrumb","itemListElement":[{"@type":"ListItem","position":1,"name":"Strona g\u0142\u00f3wna","item":"https:\/\/weegree.com\/de\/"},{"@type":"ListItem","position":2,"name":"Bedingungen f\u00fcr den Service"}]},{"@type":"WebSite","@id":"https:\/\/weegree.com\/fr\/#website","url":"https:\/\/weegree.com\/fr\/","name":"Weegree","description":"dostarczanie specjalist\u00f3w to nasza specjalno\u015b\u0107","publisher":{"@id":"https:\/\/weegree.com\/fr\/#organization"},"potentialAction":[{"@type":"SearchAction","target":{"@type":"EntryPoint","urlTemplate":"https:\/\/weegree.com\/fr\/?s={search_term_string}"},"query-input":{"@type":"PropertyValueSpecification","valueRequired":true,"valueName":"search_term_string"}}],"inLanguage":"de"},{"@type":"Organization","@id":"https:\/\/weegree.com\/fr\/#organization","name":"Weegree","url":"https:\/\/weegree.com\/fr\/","logo":{"@type":"ImageObject","inLanguage":"de","@id":"https:\/\/weegree.com\/fr\/#\/schema\/logo\/image\/","url":"https:\/\/weegree.com\/wp-content\/uploads\/2024\/06\/weegree-logo.svg","contentUrl":"https:\/\/weegree.com\/wp-content\/uploads\/2024\/06\/weegree-logo.svg","width":94,"height":36,"caption":"Weegree"},"image":{"@id":"https:\/\/weegree.com\/fr\/#\/schema\/logo\/image\/"},"sameAs":["http:\/\/www.facebook.com\/weegreeworld","http:\/\/www.linkedin.com\/company\/2972953"]}]}},"_links":{"self":[{"href":"https:\/\/weegree.com\/de\/wp-json\/wp\/v2\/pages\/18145","targetHints":{"allow":["GET"]}}],"collection":[{"href":"https:\/\/weegree.com\/de\/wp-json\/wp\/v2\/pages"}],"about":[{"href":"https:\/\/weegree.com\/de\/wp-json\/wp\/v2\/types\/page"}],"author":[{"embeddable":true,"href":"https:\/\/weegree.com\/de\/wp-json\/wp\/v2\/users\/1"}],"replies":[{"embeddable":true,"href":"https:\/\/weegree.com\/de\/wp-json\/wp\/v2\/comments?post=18145"}],"version-history":[{"count":3,"href":"https:\/\/weegree.com\/de\/wp-json\/wp\/v2\/pages\/18145\/revisions"}],"predecessor-version":[{"id":86138,"href":"https:\/\/weegree.com\/de\/wp-json\/wp\/v2\/pages\/18145\/revisions\/86138"}],"wp:attachment":[{"href":"https:\/\/weegree.com\/de\/wp-json\/wp\/v2\/media?parent=18145"}],"curies":[{"name":"wp","href":"https:\/\/api.w.org\/{rel}","templated":true}]}}