{"id":18245,"date":"2024-03-12T14:34:51","date_gmt":"2024-03-12T14:34:51","guid":{"rendered":"https:\/\/weegree.com\/polityka-prywatnosci\/"},"modified":"2024-06-11T09:08:41","modified_gmt":"2024-06-11T09:08:41","slug":"polityka-prywatnosci","status":"publish","type":"page","link":"https:\/\/weegree.com\/de\/polityka-prywatnosci\/","title":{"rendered":"Datenschutzbestimmungen"},"content":{"rendered":"\n<p><strong>Informationspflicht:<\/strong><\/p>\n\n<ol class=\"wp-block-list\">\n<li>Der Verwalter der bereitgestellten und gesammelten Daten ist Weegree sp. z o.o. S.K. mit Sitz in Opole, ul. Krakowska 26\/1, 45-018 Opole.<\/li>\n\n\n\n<li>Die Kontaktdaten des f\u00fcr die Datenverarbeitung Verantwortlichen finden Sie in der Rubrik Kontakt auf www.weegree.com. Den Datenschutzbeauftragten erreichen Sie unter iod@weegree.com und \u00fcber die Angaben im Abschnitt Kontakt auf www.weegree.com.<\/li>\n\n\n\n<li>Die personenbezogenen Daten werden zum Zwecke der Vermarktung der vom Verwalter oder seinen Partnern angebotenen Dienstleistungen und zur Erf\u00fcllung der von Ihnen mit uns geschlossenen Vertr\u00e4ge verarbeitet.<\/li>\n\n\n\n<li>Die Daten werden f\u00fcr einen Zeitraum von 3 Jahren gespeichert. Pers\u00f6nliche Daten von Kontaktpersonen bei Unternehmen oder Partnerunternehmen werden so lange gespeichert, bis sie bekannterma\u00dfen veraltet sind oder bis ein Antrag auf L\u00f6schung eingegangen ist.<\/li>\n\n\n\n<li>Sie haben das Recht, von dem f\u00fcr die Verarbeitung Verantwortlichen Auskunft, Berichtigung, L\u00f6schung oder Einschr\u00e4nkung der Verarbeitung der Sie betreffenden personenbezogenen Daten zu verlangen, sowie das Recht auf Widerspruch und das Recht auf Daten\u00fcbertragbarkeit. Sie haben das Recht, eine Beschwerde bei einer Aufsichtsbeh\u00f6rde einzureichen.<\/li>\n\n\n\n<li>Die Grundlage f\u00fcr die Verarbeitung ist der Zweck, der sich aus den berechtigten Interessen des f\u00fcr die Verarbeitung Verantwortlichen ergibt (Artikel 6 Absatz 1 Buchstabe f) DSGVO).<\/li>\n<\/ol>\n","protected":false},"excerpt":{"rendered":"<p>Informationspflicht:<\/p>\n","protected":false},"author":1,"featured_media":0,"parent":0,"menu_order":0,"comment_status":"closed","ping_status":"closed","template":"","meta":{"_acf_changed":false,"footnotes":""},"class_list":["post-18245","page","type-page","status-publish","hentry"],"acf":[],"yoast_head":"<!-- This site is optimized with the Yoast SEO plugin v25.5 - https:\/\/yoast.com\/wordpress\/plugins\/seo\/ -->\n<title>Datenschutzbestimmungen - Weegree<\/title>\n<meta name=\"robots\" content=\"index, follow, max-snippet:-1, max-image-preview:large, max-video-preview:-1\" \/>\n<link rel=\"canonical\" href=\"https:\/\/weegree.com\/de\/polityka-prywatnosci\/\" \/>\n<meta property=\"og:locale\" content=\"de_DE\" \/>\n<meta property=\"og:type\" content=\"article\" \/>\n<meta property=\"og:title\" content=\"Datenschutzbestimmungen - Weegree\" \/>\n<meta property=\"og:description\" content=\"Informationspflicht:\" \/>\n<meta property=\"og:url\" content=\"https:\/\/weegree.com\/de\/polityka-prywatnosci\/\" \/>\n<meta property=\"og:site_name\" content=\"Weegree\" \/>\n<meta property=\"article:publisher\" content=\"http:\/\/www.facebook.com\/weegreeworld\" \/>\n<meta property=\"article:modified_time\" content=\"2024-06-11T09:08:41+00:00\" \/>\n<meta name=\"twitter:card\" content=\"summary_large_image\" \/>\n<meta name=\"twitter:label1\" content=\"Gesch\u00e4tzte Lesezeit\" \/>\n\t<meta name=\"twitter:data1\" content=\"1\u00a0Minute\" \/>\n<script type=\"application\/ld+json\" class=\"yoast-schema-graph\">{\"@context\":\"https:\/\/schema.org\",\"@graph\":[{\"@type\":\"WebPage\",\"@id\":\"https:\/\/weegree.com\/de\/polityka-prywatnosci\/\",\"url\":\"https:\/\/weegree.com\/de\/polityka-prywatnosci\/\",\"name\":\"Datenschutzbestimmungen - Weegree\",\"isPartOf\":{\"@id\":\"https:\/\/weegree.com\/fr\/#website\"},\"datePublished\":\"2024-03-12T14:34:51+00:00\",\"dateModified\":\"2024-06-11T09:08:41+00:00\",\"breadcrumb\":{\"@id\":\"https:\/\/weegree.com\/de\/polityka-prywatnosci\/#breadcrumb\"},\"inLanguage\":\"de\",\"potentialAction\":[{\"@type\":\"ReadAction\",\"target\":[\"https:\/\/weegree.com\/de\/polityka-prywatnosci\/\"]}]},{\"@type\":\"BreadcrumbList\",\"@id\":\"https:\/\/weegree.com\/de\/polityka-prywatnosci\/#breadcrumb\",\"itemListElement\":[{\"@type\":\"ListItem\",\"position\":1,\"name\":\"Strona g\u0142\u00f3wna\",\"item\":\"https:\/\/weegree.com\/de\/\"},{\"@type\":\"ListItem\",\"position\":2,\"name\":\"Datenschutzbestimmungen\"}]},{\"@type\":\"WebSite\",\"@id\":\"https:\/\/weegree.com\/fr\/#website\",\"url\":\"https:\/\/weegree.com\/fr\/\",\"name\":\"Weegree\",\"description\":\"dostarczanie specjalist\u00f3w to nasza specjalno\u015b\u0107\",\"publisher\":{\"@id\":\"https:\/\/weegree.com\/fr\/#organization\"},\"potentialAction\":[{\"@type\":\"SearchAction\",\"target\":{\"@type\":\"EntryPoint\",\"urlTemplate\":\"https:\/\/weegree.com\/fr\/?s={search_term_string}\"},\"query-input\":{\"@type\":\"PropertyValueSpecification\",\"valueRequired\":true,\"valueName\":\"search_term_string\"}}],\"inLanguage\":\"de\"},{\"@type\":\"Organization\",\"@id\":\"https:\/\/weegree.com\/fr\/#organization\",\"name\":\"Weegree\",\"url\":\"https:\/\/weegree.com\/fr\/\",\"logo\":{\"@type\":\"ImageObject\",\"inLanguage\":\"de\",\"@id\":\"https:\/\/weegree.com\/fr\/#\/schema\/logo\/image\/\",\"url\":\"https:\/\/weegree.com\/wp-content\/uploads\/2024\/06\/weegree-logo.svg\",\"contentUrl\":\"https:\/\/weegree.com\/wp-content\/uploads\/2024\/06\/weegree-logo.svg\",\"width\":94,\"height\":36,\"caption\":\"Weegree\"},\"image\":{\"@id\":\"https:\/\/weegree.com\/fr\/#\/schema\/logo\/image\/\"},\"sameAs\":[\"http:\/\/www.facebook.com\/weegreeworld\",\"http:\/\/www.linkedin.com\/company\/2972953\"]}]}<\/script>\n<!-- \/ Yoast SEO plugin. -->","yoast_head_json":{"title":"Datenschutzbestimmungen - Weegree","robots":{"index":"index","follow":"follow","max-snippet":"max-snippet:-1","max-image-preview":"max-image-preview:large","max-video-preview":"max-video-preview:-1"},"canonical":"https:\/\/weegree.com\/de\/polityka-prywatnosci\/","og_locale":"de_DE","og_type":"article","og_title":"Datenschutzbestimmungen - Weegree","og_description":"Informationspflicht:","og_url":"https:\/\/weegree.com\/de\/polityka-prywatnosci\/","og_site_name":"Weegree","article_publisher":"http:\/\/www.facebook.com\/weegreeworld","article_modified_time":"2024-06-11T09:08:41+00:00","twitter_card":"summary_large_image","twitter_misc":{"Gesch\u00e4tzte Lesezeit":"1\u00a0Minute"},"schema":{"@context":"https:\/\/schema.org","@graph":[{"@type":"WebPage","@id":"https:\/\/weegree.com\/de\/polityka-prywatnosci\/","url":"https:\/\/weegree.com\/de\/polityka-prywatnosci\/","name":"Datenschutzbestimmungen - Weegree","isPartOf":{"@id":"https:\/\/weegree.com\/fr\/#website"},"datePublished":"2024-03-12T14:34:51+00:00","dateModified":"2024-06-11T09:08:41+00:00","breadcrumb":{"@id":"https:\/\/weegree.com\/de\/polityka-prywatnosci\/#breadcrumb"},"inLanguage":"de","potentialAction":[{"@type":"ReadAction","target":["https:\/\/weegree.com\/de\/polityka-prywatnosci\/"]}]},{"@type":"BreadcrumbList","@id":"https:\/\/weegree.com\/de\/polityka-prywatnosci\/#breadcrumb","itemListElement":[{"@type":"ListItem","position":1,"name":"Strona g\u0142\u00f3wna","item":"https:\/\/weegree.com\/de\/"},{"@type":"ListItem","position":2,"name":"Datenschutzbestimmungen"}]},{"@type":"WebSite","@id":"https:\/\/weegree.com\/fr\/#website","url":"https:\/\/weegree.com\/fr\/","name":"Weegree","description":"dostarczanie specjalist\u00f3w to nasza specjalno\u015b\u0107","publisher":{"@id":"https:\/\/weegree.com\/fr\/#organization"},"potentialAction":[{"@type":"SearchAction","target":{"@type":"EntryPoint","urlTemplate":"https:\/\/weegree.com\/fr\/?s={search_term_string}"},"query-input":{"@type":"PropertyValueSpecification","valueRequired":true,"valueName":"search_term_string"}}],"inLanguage":"de"},{"@type":"Organization","@id":"https:\/\/weegree.com\/fr\/#organization","name":"Weegree","url":"https:\/\/weegree.com\/fr\/","logo":{"@type":"ImageObject","inLanguage":"de","@id":"https:\/\/weegree.com\/fr\/#\/schema\/logo\/image\/","url":"https:\/\/weegree.com\/wp-content\/uploads\/2024\/06\/weegree-logo.svg","contentUrl":"https:\/\/weegree.com\/wp-content\/uploads\/2024\/06\/weegree-logo.svg","width":94,"height":36,"caption":"Weegree"},"image":{"@id":"https:\/\/weegree.com\/fr\/#\/schema\/logo\/image\/"},"sameAs":["http:\/\/www.facebook.com\/weegreeworld","http:\/\/www.linkedin.com\/company\/2972953"]}]}},"_links":{"self":[{"href":"https:\/\/weegree.com\/de\/wp-json\/wp\/v2\/pages\/18245","targetHints":{"allow":["GET"]}}],"collection":[{"href":"https:\/\/weegree.com\/de\/wp-json\/wp\/v2\/pages"}],"about":[{"href":"https:\/\/weegree.com\/de\/wp-json\/wp\/v2\/types\/page"}],"author":[{"embeddable":true,"href":"https:\/\/weegree.com\/de\/wp-json\/wp\/v2\/users\/1"}],"replies":[{"embeddable":true,"href":"https:\/\/weegree.com\/de\/wp-json\/wp\/v2\/comments?post=18245"}],"version-history":[{"count":2,"href":"https:\/\/weegree.com\/de\/wp-json\/wp\/v2\/pages\/18245\/revisions"}],"predecessor-version":[{"id":85853,"href":"https:\/\/weegree.com\/de\/wp-json\/wp\/v2\/pages\/18245\/revisions\/85853"}],"wp:attachment":[{"href":"https:\/\/weegree.com\/de\/wp-json\/wp\/v2\/media?parent=18245"}],"curies":[{"name":"wp","href":"https:\/\/api.w.org\/{rel}","templated":true}]}}