{"id":85079,"date":"2024-06-04T11:24:32","date_gmt":"2024-06-04T11:24:32","guid":{"rendered":"https:\/\/weegree.com\/anwendungen\/"},"modified":"2024-06-11T09:08:25","modified_gmt":"2024-06-11T09:08:25","slug":"anwendungen","status":"publish","type":"page","link":"https:\/\/weegree.com\/de\/anwendungen\/","title":{"rendered":"Anwendungen"},"content":{"rendered":"\n<h2 class=\"wp-block-heading\"><strong>Haben Sie Unregelm\u00e4\u00dfigkeiten oder Rechtsverst\u00f6\u00dfe in Ihrem Unternehmen festgestellt?<\/strong><\/h2>\n\n<p>Sie k\u00f6nnen Ihre Bedenken ruhig \u00e4u\u00dfern!<br\/>Wir werden uns Ihr Signal ansehen und \u00fcberlegen, wie wir darauf reagieren k\u00f6nnen, um Verst\u00f6\u00dfe und Missbrauch in Zukunft zu verhindern.<br\/>Kontaktieren Sie uns \u00fcber das Formular oder per E-Mail an <a href=\"mailto:zgloszenia@weegree.com\">zgloszenia@weegree.com.<\/a><\/p>\n\n<div class=\"wp-block-contact-form-7-contact-form-selector\">\n<div class=\"wpcf7 no-js\" id=\"wpcf7-f85945-o1\" lang=\"de-DE\" dir=\"ltr\" data-wpcf7-id=\"85945\">\n<div class=\"screen-reader-response\"><p role=\"status\" aria-live=\"polite\" aria-atomic=\"true\"><\/p> <ul><\/ul><\/div>\n<form action=\"\/de\/wp-json\/wp\/v2\/pages\/85079#wpcf7-f85945-o1\" method=\"post\" class=\"wpcf7-form init\" aria-label=\"Kontaktformular\" enctype=\"multipart\/form-data\" novalidate=\"novalidate\" data-status=\"init\">\n<fieldset class=\"hidden-fields-container\"><input type=\"hidden\" name=\"_wpcf7\" value=\"85945\" \/><input type=\"hidden\" name=\"_wpcf7_version\" value=\"6.1\" \/><input type=\"hidden\" name=\"_wpcf7_locale\" value=\"de_DE\" \/><input type=\"hidden\" name=\"_wpcf7_unit_tag\" value=\"wpcf7-f85945-o1\" \/><input type=\"hidden\" name=\"_wpcf7_container_post\" value=\"0\" \/><input type=\"hidden\" name=\"_wpcf7_posted_data_hash\" value=\"\" \/><input type=\"hidden\" name=\"_wpcf7_recaptcha_response\" value=\"\" \/>\n<\/fieldset>\n<div class=\"zgloszenia-form\">\n<span class=\"wpcf7-form-control-wrap\" data-name=\"your-name\"><input size=\"40\" maxlength=\"400\" class=\"wpcf7-form-control wpcf7-text wpcf7-validates-as-required\" autocomplete=\"name\" aria-required=\"true\" aria-invalid=\"false\" placeholder=\"Name\" value=\"\" type=\"text\" name=\"your-name\" \/><\/span>\n<span class=\"wpcf7-form-control-wrap\" data-name=\"your-email-or-phone\"><input size=\"40\" maxlength=\"400\" class=\"wpcf7-form-control wpcf7-text wpcf7-validates-as-required\" aria-required=\"true\" aria-invalid=\"false\" placeholder=\"Telefon oder Adresse-E-Mail\" value=\"\" type=\"text\" name=\"your-email-or-phone\" \/><\/span>\n<span class=\"wpcf7-form-control-wrap\" data-name=\"your-text\"><textarea cols=\"40\" rows=\"10\" maxlength=\"2000\" class=\"wpcf7-form-control wpcf7-textarea wpcf7-validates-as-required\" aria-required=\"true\" aria-invalid=\"false\" placeholder=\"Beschreibung des Vorfalls (bekannte Fakten, Ereignisse und Umst\u00e4nde, Angaben zu Personen, die zur Aufkl\u00e4rung des Falls beitragen k\u00f6nnen)\" name=\"your-text\"><\/textarea><\/span>\n<span class=\"wpcf7-form-control-wrap\" data-name=\"file-558\"><input size=\"40\" class=\"wpcf7-form-control wpcf7-file\" accept=\"audio\/*,video\/*,image\/*\" aria-invalid=\"false\" type=\"file\" name=\"file-558\" \/><\/span>\n<input class=\"wpcf7-form-control wpcf7-submit has-spinner wg-button\" type=\"submit\" value=\"Senden\" \/>\n<\/div><div class=\"wpcf7-response-output\" aria-hidden=\"true\"><\/div>\n<\/form>\n<\/div>\n<\/div>\n","protected":false},"excerpt":{"rendered":"<p>Haben Sie Unregelm\u00e4\u00dfigkeiten oder Rechtsverst\u00f6\u00dfe in Ihrem Unternehmen festgestellt? Sie k\u00f6nnen Ihre Bedenken ruhig \u00e4u\u00dfern!Wir werden uns Ihr Signal ansehen und \u00fcberlegen, wie wir darauf reagieren k\u00f6nnen, um Verst\u00f6\u00dfe und Missbrauch in Zukunft zu verhindern.Kontaktieren Sie uns \u00fcber das Formular oder per E-Mail an zgloszenia@weegree.com.<\/p>\n","protected":false},"author":1,"featured_media":0,"parent":0,"menu_order":0,"comment_status":"closed","ping_status":"closed","template":"","meta":{"_acf_changed":false,"footnotes":""},"class_list":["post-85079","page","type-page","status-publish","hentry"],"acf":[],"yoast_head":"<!-- This site is optimized with the Yoast SEO plugin v25.5 - https:\/\/yoast.com\/wordpress\/plugins\/seo\/ -->\n<title>Anwendungen - Weegree<\/title>\n<meta name=\"robots\" content=\"index, follow, max-snippet:-1, max-image-preview:large, max-video-preview:-1\" \/>\n<link rel=\"canonical\" href=\"https:\/\/weegree.com\/de\/anwendungen\/\" \/>\n<meta property=\"og:locale\" content=\"de_DE\" \/>\n<meta property=\"og:type\" content=\"article\" \/>\n<meta property=\"og:title\" content=\"Anwendungen - Weegree\" \/>\n<meta property=\"og:description\" content=\"Haben Sie Unregelm\u00e4\u00dfigkeiten oder Rechtsverst\u00f6\u00dfe in Ihrem Unternehmen festgestellt? Sie k\u00f6nnen Ihre Bedenken ruhig \u00e4u\u00dfern!Wir werden uns Ihr Signal ansehen und \u00fcberlegen, wie wir darauf reagieren k\u00f6nnen, um Verst\u00f6\u00dfe und Missbrauch in Zukunft zu verhindern.Kontaktieren Sie uns \u00fcber das Formular oder per E-Mail an zgloszenia@weegree.com.\" \/>\n<meta property=\"og:url\" content=\"https:\/\/weegree.com\/de\/anwendungen\/\" \/>\n<meta property=\"og:site_name\" content=\"Weegree\" \/>\n<meta property=\"article:publisher\" content=\"http:\/\/www.facebook.com\/weegreeworld\" \/>\n<meta property=\"article:modified_time\" content=\"2024-06-11T09:08:25+00:00\" \/>\n<meta name=\"twitter:card\" content=\"summary_large_image\" \/>\n<script type=\"application\/ld+json\" class=\"yoast-schema-graph\">{\"@context\":\"https:\/\/schema.org\",\"@graph\":[{\"@type\":\"WebPage\",\"@id\":\"https:\/\/weegree.com\/de\/anwendungen\/\",\"url\":\"https:\/\/weegree.com\/de\/anwendungen\/\",\"name\":\"Anwendungen - Weegree\",\"isPartOf\":{\"@id\":\"https:\/\/weegree.com\/fr\/#website\"},\"datePublished\":\"2024-06-04T11:24:32+00:00\",\"dateModified\":\"2024-06-11T09:08:25+00:00\",\"breadcrumb\":{\"@id\":\"https:\/\/weegree.com\/de\/anwendungen\/#breadcrumb\"},\"inLanguage\":\"de\",\"potentialAction\":[{\"@type\":\"ReadAction\",\"target\":[\"https:\/\/weegree.com\/de\/anwendungen\/\"]}]},{\"@type\":\"BreadcrumbList\",\"@id\":\"https:\/\/weegree.com\/de\/anwendungen\/#breadcrumb\",\"itemListElement\":[{\"@type\":\"ListItem\",\"position\":1,\"name\":\"Strona g\u0142\u00f3wna\",\"item\":\"https:\/\/weegree.com\/de\/\"},{\"@type\":\"ListItem\",\"position\":2,\"name\":\"Anwendungen\"}]},{\"@type\":\"WebSite\",\"@id\":\"https:\/\/weegree.com\/fr\/#website\",\"url\":\"https:\/\/weegree.com\/fr\/\",\"name\":\"Weegree\",\"description\":\"dostarczanie specjalist\u00f3w to nasza specjalno\u015b\u0107\",\"publisher\":{\"@id\":\"https:\/\/weegree.com\/fr\/#organization\"},\"potentialAction\":[{\"@type\":\"SearchAction\",\"target\":{\"@type\":\"EntryPoint\",\"urlTemplate\":\"https:\/\/weegree.com\/fr\/?s={search_term_string}\"},\"query-input\":{\"@type\":\"PropertyValueSpecification\",\"valueRequired\":true,\"valueName\":\"search_term_string\"}}],\"inLanguage\":\"de\"},{\"@type\":\"Organization\",\"@id\":\"https:\/\/weegree.com\/fr\/#organization\",\"name\":\"Weegree\",\"url\":\"https:\/\/weegree.com\/fr\/\",\"logo\":{\"@type\":\"ImageObject\",\"inLanguage\":\"de\",\"@id\":\"https:\/\/weegree.com\/fr\/#\/schema\/logo\/image\/\",\"url\":\"https:\/\/weegree.com\/wp-content\/uploads\/2024\/06\/weegree-logo.svg\",\"contentUrl\":\"https:\/\/weegree.com\/wp-content\/uploads\/2024\/06\/weegree-logo.svg\",\"width\":94,\"height\":36,\"caption\":\"Weegree\"},\"image\":{\"@id\":\"https:\/\/weegree.com\/fr\/#\/schema\/logo\/image\/\"},\"sameAs\":[\"http:\/\/www.facebook.com\/weegreeworld\",\"http:\/\/www.linkedin.com\/company\/2972953\"]}]}<\/script>\n<!-- \/ Yoast SEO plugin. -->","yoast_head_json":{"title":"Anwendungen - Weegree","robots":{"index":"index","follow":"follow","max-snippet":"max-snippet:-1","max-image-preview":"max-image-preview:large","max-video-preview":"max-video-preview:-1"},"canonical":"https:\/\/weegree.com\/de\/anwendungen\/","og_locale":"de_DE","og_type":"article","og_title":"Anwendungen - Weegree","og_description":"Haben Sie Unregelm\u00e4\u00dfigkeiten oder Rechtsverst\u00f6\u00dfe in Ihrem Unternehmen festgestellt? Sie k\u00f6nnen Ihre Bedenken ruhig \u00e4u\u00dfern!Wir werden uns Ihr Signal ansehen und \u00fcberlegen, wie wir darauf reagieren k\u00f6nnen, um Verst\u00f6\u00dfe und Missbrauch in Zukunft zu verhindern.Kontaktieren Sie uns \u00fcber das Formular oder per E-Mail an zgloszenia@weegree.com.","og_url":"https:\/\/weegree.com\/de\/anwendungen\/","og_site_name":"Weegree","article_publisher":"http:\/\/www.facebook.com\/weegreeworld","article_modified_time":"2024-06-11T09:08:25+00:00","twitter_card":"summary_large_image","schema":{"@context":"https:\/\/schema.org","@graph":[{"@type":"WebPage","@id":"https:\/\/weegree.com\/de\/anwendungen\/","url":"https:\/\/weegree.com\/de\/anwendungen\/","name":"Anwendungen - Weegree","isPartOf":{"@id":"https:\/\/weegree.com\/fr\/#website"},"datePublished":"2024-06-04T11:24:32+00:00","dateModified":"2024-06-11T09:08:25+00:00","breadcrumb":{"@id":"https:\/\/weegree.com\/de\/anwendungen\/#breadcrumb"},"inLanguage":"de","potentialAction":[{"@type":"ReadAction","target":["https:\/\/weegree.com\/de\/anwendungen\/"]}]},{"@type":"BreadcrumbList","@id":"https:\/\/weegree.com\/de\/anwendungen\/#breadcrumb","itemListElement":[{"@type":"ListItem","position":1,"name":"Strona g\u0142\u00f3wna","item":"https:\/\/weegree.com\/de\/"},{"@type":"ListItem","position":2,"name":"Anwendungen"}]},{"@type":"WebSite","@id":"https:\/\/weegree.com\/fr\/#website","url":"https:\/\/weegree.com\/fr\/","name":"Weegree","description":"dostarczanie specjalist\u00f3w to nasza specjalno\u015b\u0107","publisher":{"@id":"https:\/\/weegree.com\/fr\/#organization"},"potentialAction":[{"@type":"SearchAction","target":{"@type":"EntryPoint","urlTemplate":"https:\/\/weegree.com\/fr\/?s={search_term_string}"},"query-input":{"@type":"PropertyValueSpecification","valueRequired":true,"valueName":"search_term_string"}}],"inLanguage":"de"},{"@type":"Organization","@id":"https:\/\/weegree.com\/fr\/#organization","name":"Weegree","url":"https:\/\/weegree.com\/fr\/","logo":{"@type":"ImageObject","inLanguage":"de","@id":"https:\/\/weegree.com\/fr\/#\/schema\/logo\/image\/","url":"https:\/\/weegree.com\/wp-content\/uploads\/2024\/06\/weegree-logo.svg","contentUrl":"https:\/\/weegree.com\/wp-content\/uploads\/2024\/06\/weegree-logo.svg","width":94,"height":36,"caption":"Weegree"},"image":{"@id":"https:\/\/weegree.com\/fr\/#\/schema\/logo\/image\/"},"sameAs":["http:\/\/www.facebook.com\/weegreeworld","http:\/\/www.linkedin.com\/company\/2972953"]}]}},"_links":{"self":[{"href":"https:\/\/weegree.com\/de\/wp-json\/wp\/v2\/pages\/85079","targetHints":{"allow":["GET"]}}],"collection":[{"href":"https:\/\/weegree.com\/de\/wp-json\/wp\/v2\/pages"}],"about":[{"href":"https:\/\/weegree.com\/de\/wp-json\/wp\/v2\/types\/page"}],"author":[{"embeddable":true,"href":"https:\/\/weegree.com\/de\/wp-json\/wp\/v2\/users\/1"}],"replies":[{"embeddable":true,"href":"https:\/\/weegree.com\/de\/wp-json\/wp\/v2\/comments?post=85079"}],"version-history":[{"count":1,"href":"https:\/\/weegree.com\/de\/wp-json\/wp\/v2\/pages\/85079\/revisions"}],"predecessor-version":[{"id":85845,"href":"https:\/\/weegree.com\/de\/wp-json\/wp\/v2\/pages\/85079\/revisions\/85845"}],"wp:attachment":[{"href":"https:\/\/weegree.com\/de\/wp-json\/wp\/v2\/media?parent=85079"}],"curies":[{"name":"wp","href":"https:\/\/api.w.org\/{rel}","templated":true}]}}