{"id":85085,"date":"2024-06-03T12:28:29","date_gmt":"2024-06-03T12:28:29","guid":{"rendered":"https:\/\/weegree.com\/datenverarbeitung\/"},"modified":"2024-06-11T09:08:20","modified_gmt":"2024-06-11T09:08:20","slug":"datenverarbeitung","status":"publish","type":"page","link":"https:\/\/weegree.com\/de\/datenverarbeitung\/","title":{"rendered":"Datenverarbeitung"},"content":{"rendered":"\n<h2 class=\"wp-block-heading\"><strong>VERARBEITUNG VON PERSONENBEZOGENEN DATEN<\/strong><\/h2>\n\n<p><strong>  Informationspflicht f\u00fcr potenzielle Mitarbeiter<\/strong><\/p>\n\n<ol class=\"wp-block-list\">\n<li>Der Verwalter der bereitgestellten und gesammelten Daten ist Weegree sp. z o.o. S.K. mit Sitz in Opole, ul. Krakowska 26, 45-018 Opole.<\/li>\n\n\n\n<li>Die Kontaktdaten des f\u00fcr die Datenverarbeitung Verantwortlichen finden Sie in der Rubrik Kontakt auf www.weegree.com. Den Datenschutzbeauftragten erreichen Sie unter iod@weegree.com und \u00fcber die Angaben im Abschnitt Kontakt auf www.weegree.com.<\/li>\n\n\n\n<li>Die personenbezogenen Daten werden zum Zweck des Einstellungsverfahrens verarbeitet. Daten, die als obligatorisch gekennzeichnet sind, werden in \u00dcbereinstimmung mit den Bestimmungen des Arbeitsgesetzes verarbeitet. Andere Daten, die Sie uns zur Verf\u00fcgung stellen, einschlie\u00dflich Ihrer Kontaktdaten, werden auf der Grundlage Ihrer Zustimmung verarbeitet.<\/li>\n\n\n\n<li>Pers\u00f6nliche Daten werden mit Arbeitgebern zum Zwecke der Besch\u00e4ftigung oder weiteren Anwerbung in \u00dcbereinstimmung mit dem Zweck der Verarbeitung geteilt. Die Daten d\u00fcrfen nur im Rahmen der f\u00fcr den f\u00fcr die Verarbeitung Verantwortlichen erbrachten Dienstleistungen an Unterauftragnehmer weitergegeben werden, insbesondere an den Personalvermittlungsdienst, IT-Unternehmen, Personal- und Finanzdienste sowie an Beh\u00f6rden.<\/li>\n\n\n\n<li>Die Daten werden f\u00fcr die Dauer des Einstellungsverfahrens aufbewahrt. Wenn Sie freiwillig zustimmen, an zuk\u00fcnftigen Rekrutierungen teilzunehmen, werden Ihre Daten f\u00fcr einen Zeitraum von 2 Jahren oder bis Sie sie zur\u00fcckziehen verarbeitet.<\/li>\n\n\n\n<li>Sie haben das Recht, von dem f\u00fcr die Verarbeitung Verantwortlichen Auskunft, Berichtigung, L\u00f6schung oder Einschr\u00e4nkung der Verarbeitung der Sie betreffenden personenbezogenen Daten zu verlangen, sowie das Recht auf Widerspruch und das Recht auf Daten\u00fcbertragbarkeit. Sie haben das Recht, eine Beschwerde bei einer Aufsichtsbeh\u00f6rde einzureichen.<\/li>\n\n\n\n<li>Wenn Sie Ihre Zustimmung gegeben haben, haben Sie das Recht, diese zu widerrufen. Der Widerruf der Einwilligung zu einem beliebigen Zeitpunkt ber\u00fchrt nicht die Rechtm\u00e4\u00dfigkeit der Verarbeitung, die auf der Grundlage der Einwilligung vor deren Widerruf erfolgt ist. Wenn Sie Ihre Zustimmung zur Teilnahme an sp\u00e4teren Anwerbungs- und Verkaufsprozessen zur\u00fcckziehen, werden Ihre Daten nicht mehr zu diesem Zweck verarbeitet.<\/li>\n\n\n\n<li>Die Grundlage f\u00fcr die Verarbeitung ist die freiwillige Zustimmung (Artikel 6(1)(a) des Datenschutzgesetzes) und die Bestimmungen des Arbeitsgesetzes.<\/li>\n<\/ol>\n\n<p><strong>Informationspflicht f\u00fcr potenzielle Kunden<\/strong><\/p>\n\n<ol class=\"wp-block-list\">\n<li>Der Verwalter der bereitgestellten und gesammelten Daten ist Weegree sp. z o.o. S.K. mit Sitz in Opole, ul. Krakowska 26, 45-018 Opole.<\/li>\n\n\n\n<li>Die Kontaktdaten des f\u00fcr die Datenverarbeitung Verantwortlichen finden Sie in der Rubrik Kontakt auf www.weegree.com. Den Datenschutzbeauftragten erreichen Sie unter iod@weegree.com und \u00fcber die Angaben im Abschnitt Kontakt auf www.weegree.com.<\/li>\n\n\n\n<li>Personenbezogene Daten werden zum Zweck der Bearbeitung und des Verkaufs verarbeitet.<\/li>\n\n\n\n<li>Die Daten d\u00fcrfen nur im Rahmen der f\u00fcr den f\u00fcr die Verarbeitung Verantwortlichen erbrachten Dienstleistungen an Unterauftragnehmer weitergegeben werden, insbesondere an den Vertriebsanwendungsservice, IT-Unternehmen und den Hosting-Provider.<\/li>\n\n\n\n<li>Die Daten werden f\u00fcr die Dauer des Verkaufsprozesses gespeichert.<\/li>\n\n\n\n<li>Sie haben das Recht, von dem f\u00fcr die Verarbeitung Verantwortlichen Auskunft, Berichtigung, L\u00f6schung oder Einschr\u00e4nkung der Verarbeitung der Sie betreffenden personenbezogenen Daten zu verlangen, sowie das Recht auf Widerspruch und das Recht auf Daten\u00fcbertragbarkeit. Sie haben das Recht, eine Beschwerde bei einer Aufsichtsbeh\u00f6rde einzureichen.<\/li>\n\n\n\n<li>Wenn Sie Ihre Zustimmung gegeben haben, haben Sie das Recht, diese zu widerrufen. Der Widerruf der Einwilligung zu einem beliebigen Zeitpunkt ber\u00fchrt nicht die Rechtm\u00e4\u00dfigkeit der Verarbeitung, die auf der Grundlage der Einwilligung vor deren Widerruf erfolgt ist. Wenn Sie Ihre Zustimmung zur Teilnahme an sp\u00e4teren Anwerbungs- und Verkaufsprozessen zur\u00fcckziehen, werden Ihre Daten nicht mehr zu diesem Zweck verarbeitet.<\/li>\n\n\n\n<li>Die Grundlage f\u00fcr die Verarbeitung ist die freiwillige Einwilligung, die durch die Kontaktaufnahme mit uns erteilt wird (Art. 6(1)(a) RODO), oder die Beschaffung von Informationen, die uns freiwillig zur Verf\u00fcgung gestellt werden, z.B. durch Anzeigen oder Kooperationsvorschl\u00e4ge, die im \u00f6ffentlichen Bereich (Internet, Presse) ver\u00f6ffentlicht werden, und die durch die spezifischen Bed\u00fcrfnisse des f\u00fcr die Verarbeitung Verantwortlichen gerechtfertigt sind, da er \u00fcber eine Datenbank mit Informationen \u00fcber Unternehmen verf\u00fcgt, die an einer Zusammenarbeit in dem von der Anzeige oder dem Kooperationsvorschlag betroffenen Bereich interessiert sind.<\/li>\n\n\n\n<li>Pers\u00f6nliche Daten von Kontaktpersonen bei Unternehmen oder Partnerunternehmen werden so lange gespeichert, bis sie bekannterma\u00dfen veraltet sind oder bis ein Antrag auf L\u00f6schung eingegangen ist.<\/li>\n\n\n\n<li>Es werden personenbezogene Daten verarbeitet:<br\/>a) zum Zwecke gemeinsamer Unternehmungen und der Ausf\u00fchrung von Auftr\u00e4gen oder abgeschlossenen Kooperationsvereinbarungen;.<br\/>(b) f\u00fcr die Vermarktung von Dienstleistungen, die von dem f\u00fcr die Verarbeitung Verantwortlichen oder seinen Partnern angeboten werden;<br\/>c) die Suche nach optimalen Servicel\u00f6sungen f\u00fcr Unternehmen auf der Grundlage von Informationen \u00fcber die Aktivit\u00e4ten potenzieller Kampagnenempf\u00e4nger;<\/li>\n<\/ol>\n","protected":false},"excerpt":{"rendered":"<p>VERARBEITUNG VON PERSONENBEZOGENEN DATEN Informationspflicht f\u00fcr potenzielle Mitarbeiter Informationspflicht f\u00fcr potenzielle Kunden<\/p>\n","protected":false},"author":1,"featured_media":0,"parent":0,"menu_order":0,"comment_status":"closed","ping_status":"closed","template":"","meta":{"_acf_changed":false,"footnotes":""},"class_list":["post-85085","page","type-page","status-publish","hentry"],"acf":[],"yoast_head":"<!-- This site is optimized with the Yoast SEO plugin v25.5 - https:\/\/yoast.com\/wordpress\/plugins\/seo\/ -->\n<title>Datenverarbeitung - Weegree<\/title>\n<meta name=\"robots\" content=\"index, follow, max-snippet:-1, max-image-preview:large, max-video-preview:-1\" \/>\n<link rel=\"canonical\" href=\"https:\/\/weegree.com\/de\/datenverarbeitung\/\" \/>\n<meta property=\"og:locale\" content=\"de_DE\" \/>\n<meta property=\"og:type\" content=\"article\" \/>\n<meta property=\"og:title\" content=\"Datenverarbeitung - Weegree\" \/>\n<meta property=\"og:description\" content=\"VERARBEITUNG VON PERSONENBEZOGENEN DATEN Informationspflicht f\u00fcr potenzielle Mitarbeiter Informationspflicht f\u00fcr potenzielle Kunden\" \/>\n<meta property=\"og:url\" content=\"https:\/\/weegree.com\/de\/datenverarbeitung\/\" \/>\n<meta property=\"og:site_name\" content=\"Weegree\" \/>\n<meta property=\"article:publisher\" content=\"http:\/\/www.facebook.com\/weegreeworld\" \/>\n<meta property=\"article:modified_time\" content=\"2024-06-11T09:08:20+00:00\" \/>\n<meta name=\"twitter:card\" content=\"summary_large_image\" \/>\n<meta name=\"twitter:label1\" content=\"Gesch\u00e4tzte Lesezeit\" \/>\n\t<meta name=\"twitter:data1\" content=\"4\u00a0Minuten\" \/>\n<script type=\"application\/ld+json\" class=\"yoast-schema-graph\">{\"@context\":\"https:\/\/schema.org\",\"@graph\":[{\"@type\":\"WebPage\",\"@id\":\"https:\/\/weegree.com\/de\/datenverarbeitung\/\",\"url\":\"https:\/\/weegree.com\/de\/datenverarbeitung\/\",\"name\":\"Datenverarbeitung - Weegree\",\"isPartOf\":{\"@id\":\"https:\/\/weegree.com\/fr\/#website\"},\"datePublished\":\"2024-06-03T12:28:29+00:00\",\"dateModified\":\"2024-06-11T09:08:20+00:00\",\"breadcrumb\":{\"@id\":\"https:\/\/weegree.com\/de\/datenverarbeitung\/#breadcrumb\"},\"inLanguage\":\"de\",\"potentialAction\":[{\"@type\":\"ReadAction\",\"target\":[\"https:\/\/weegree.com\/de\/datenverarbeitung\/\"]}]},{\"@type\":\"BreadcrumbList\",\"@id\":\"https:\/\/weegree.com\/de\/datenverarbeitung\/#breadcrumb\",\"itemListElement\":[{\"@type\":\"ListItem\",\"position\":1,\"name\":\"Strona g\u0142\u00f3wna\",\"item\":\"https:\/\/weegree.com\/de\/\"},{\"@type\":\"ListItem\",\"position\":2,\"name\":\"Datenverarbeitung\"}]},{\"@type\":\"WebSite\",\"@id\":\"https:\/\/weegree.com\/fr\/#website\",\"url\":\"https:\/\/weegree.com\/fr\/\",\"name\":\"Weegree\",\"description\":\"dostarczanie specjalist\u00f3w to nasza specjalno\u015b\u0107\",\"publisher\":{\"@id\":\"https:\/\/weegree.com\/fr\/#organization\"},\"potentialAction\":[{\"@type\":\"SearchAction\",\"target\":{\"@type\":\"EntryPoint\",\"urlTemplate\":\"https:\/\/weegree.com\/fr\/?s={search_term_string}\"},\"query-input\":{\"@type\":\"PropertyValueSpecification\",\"valueRequired\":true,\"valueName\":\"search_term_string\"}}],\"inLanguage\":\"de\"},{\"@type\":\"Organization\",\"@id\":\"https:\/\/weegree.com\/fr\/#organization\",\"name\":\"Weegree\",\"url\":\"https:\/\/weegree.com\/fr\/\",\"logo\":{\"@type\":\"ImageObject\",\"inLanguage\":\"de\",\"@id\":\"https:\/\/weegree.com\/fr\/#\/schema\/logo\/image\/\",\"url\":\"https:\/\/weegree.com\/wp-content\/uploads\/2024\/06\/weegree-logo.svg\",\"contentUrl\":\"https:\/\/weegree.com\/wp-content\/uploads\/2024\/06\/weegree-logo.svg\",\"width\":94,\"height\":36,\"caption\":\"Weegree\"},\"image\":{\"@id\":\"https:\/\/weegree.com\/fr\/#\/schema\/logo\/image\/\"},\"sameAs\":[\"http:\/\/www.facebook.com\/weegreeworld\",\"http:\/\/www.linkedin.com\/company\/2972953\"]}]}<\/script>\n<!-- \/ Yoast SEO plugin. -->","yoast_head_json":{"title":"Datenverarbeitung - Weegree","robots":{"index":"index","follow":"follow","max-snippet":"max-snippet:-1","max-image-preview":"max-image-preview:large","max-video-preview":"max-video-preview:-1"},"canonical":"https:\/\/weegree.com\/de\/datenverarbeitung\/","og_locale":"de_DE","og_type":"article","og_title":"Datenverarbeitung - Weegree","og_description":"VERARBEITUNG VON PERSONENBEZOGENEN DATEN Informationspflicht f\u00fcr potenzielle Mitarbeiter Informationspflicht f\u00fcr potenzielle Kunden","og_url":"https:\/\/weegree.com\/de\/datenverarbeitung\/","og_site_name":"Weegree","article_publisher":"http:\/\/www.facebook.com\/weegreeworld","article_modified_time":"2024-06-11T09:08:20+00:00","twitter_card":"summary_large_image","twitter_misc":{"Gesch\u00e4tzte Lesezeit":"4\u00a0Minuten"},"schema":{"@context":"https:\/\/schema.org","@graph":[{"@type":"WebPage","@id":"https:\/\/weegree.com\/de\/datenverarbeitung\/","url":"https:\/\/weegree.com\/de\/datenverarbeitung\/","name":"Datenverarbeitung - Weegree","isPartOf":{"@id":"https:\/\/weegree.com\/fr\/#website"},"datePublished":"2024-06-03T12:28:29+00:00","dateModified":"2024-06-11T09:08:20+00:00","breadcrumb":{"@id":"https:\/\/weegree.com\/de\/datenverarbeitung\/#breadcrumb"},"inLanguage":"de","potentialAction":[{"@type":"ReadAction","target":["https:\/\/weegree.com\/de\/datenverarbeitung\/"]}]},{"@type":"BreadcrumbList","@id":"https:\/\/weegree.com\/de\/datenverarbeitung\/#breadcrumb","itemListElement":[{"@type":"ListItem","position":1,"name":"Strona g\u0142\u00f3wna","item":"https:\/\/weegree.com\/de\/"},{"@type":"ListItem","position":2,"name":"Datenverarbeitung"}]},{"@type":"WebSite","@id":"https:\/\/weegree.com\/fr\/#website","url":"https:\/\/weegree.com\/fr\/","name":"Weegree","description":"dostarczanie specjalist\u00f3w to nasza specjalno\u015b\u0107","publisher":{"@id":"https:\/\/weegree.com\/fr\/#organization"},"potentialAction":[{"@type":"SearchAction","target":{"@type":"EntryPoint","urlTemplate":"https:\/\/weegree.com\/fr\/?s={search_term_string}"},"query-input":{"@type":"PropertyValueSpecification","valueRequired":true,"valueName":"search_term_string"}}],"inLanguage":"de"},{"@type":"Organization","@id":"https:\/\/weegree.com\/fr\/#organization","name":"Weegree","url":"https:\/\/weegree.com\/fr\/","logo":{"@type":"ImageObject","inLanguage":"de","@id":"https:\/\/weegree.com\/fr\/#\/schema\/logo\/image\/","url":"https:\/\/weegree.com\/wp-content\/uploads\/2024\/06\/weegree-logo.svg","contentUrl":"https:\/\/weegree.com\/wp-content\/uploads\/2024\/06\/weegree-logo.svg","width":94,"height":36,"caption":"Weegree"},"image":{"@id":"https:\/\/weegree.com\/fr\/#\/schema\/logo\/image\/"},"sameAs":["http:\/\/www.facebook.com\/weegreeworld","http:\/\/www.linkedin.com\/company\/2972953"]}]}},"_links":{"self":[{"href":"https:\/\/weegree.com\/de\/wp-json\/wp\/v2\/pages\/85085","targetHints":{"allow":["GET"]}}],"collection":[{"href":"https:\/\/weegree.com\/de\/wp-json\/wp\/v2\/pages"}],"about":[{"href":"https:\/\/weegree.com\/de\/wp-json\/wp\/v2\/types\/page"}],"author":[{"embeddable":true,"href":"https:\/\/weegree.com\/de\/wp-json\/wp\/v2\/users\/1"}],"replies":[{"embeddable":true,"href":"https:\/\/weegree.com\/de\/wp-json\/wp\/v2\/comments?post=85085"}],"version-history":[{"count":2,"href":"https:\/\/weegree.com\/de\/wp-json\/wp\/v2\/pages\/85085\/revisions"}],"predecessor-version":[{"id":85834,"href":"https:\/\/weegree.com\/de\/wp-json\/wp\/v2\/pages\/85085\/revisions\/85834"}],"wp:attachment":[{"href":"https:\/\/weegree.com\/de\/wp-json\/wp\/v2\/media?parent=85085"}],"curies":[{"name":"wp","href":"https:\/\/api.w.org\/{rel}","templated":true}]}}