{"id":85094,"date":"2024-06-03T11:38:04","date_gmt":"2024-06-03T11:38:04","guid":{"rendered":"https:\/\/weegree.com\/eu-projekte\/"},"modified":"2024-06-11T09:08:20","modified_gmt":"2024-06-11T09:08:20","slug":"eu-projekte","status":"publish","type":"page","link":"https:\/\/weegree.com\/de\/eu-projekte\/","title":{"rendered":"EU-Projekte"},"content":{"rendered":"\n<figure class=\"wp-block-gallery has-nested-images columns-default is-cropped wp-block-gallery-1 is-layout-flex wp-block-gallery-is-layout-flex\">\n<figure class=\"wp-block-image size-large\"><img decoding=\"async\" width=\"1024\" height=\"135\" data-id=\"85036\" src=\"http:\/\/weegree.com\/wp-content\/uploads\/2024\/06\/weegree-projekty-unijne-1024x135.jpg\" alt=\"\" class=\"wp-image-85036\" srcset=\"https:\/\/weegree.com\/wp-content\/uploads\/2024\/06\/weegree-projekty-unijne-1024x135.jpg 1024w, https:\/\/weegree.com\/wp-content\/uploads\/2024\/06\/weegree-projekty-unijne-300x40.jpg 300w, https:\/\/weegree.com\/wp-content\/uploads\/2024\/06\/weegree-projekty-unijne-768x101.jpg 768w, https:\/\/weegree.com\/wp-content\/uploads\/2024\/06\/weegree-projekty-unijne.jpg 1385w\" sizes=\"(max-width: 1024px) 100vw, 1024px\" \/><\/figure><\/figure>\n\n<div style=\"height:50px\" aria-hidden=\"true\" class=\"wp-block-spacer\"><\/div>\n\n<h4 class=\"wp-block-heading\"><strong>1. weegree sp. z o.o. S.k. f\u00fchrt das Projekt &#8222;Entwicklung von Informations- und Kommunikationstechnologien bei WEEGREE SP\u00d3\u0141KA Z OGRANICZON\u0104 ODPOWIEDZIALNO\u015aCI\u0104 SP\u00d3\u0141KA KOMANDYTOWA mit Sitz in Opole durch.&#8220;<\/strong><\/h4>\n\n<p>Kofinanziert von der Europ\u00e4ischen Union aus dem Europ\u00e4ischen Fonds f\u00fcr regionale Entwicklung im Rahmen des regionalen operationellen Programms der Woiwodschaft Oppeln 2014-2020; Priorit\u00e4tsachse 02 Wettbewerbsf\u00e4hige Wirtschaft, Ma\u00dfnahme 2.1 Neue Produkte und Dienstleistungen in KMU.<\/p>\n\n<p>Ziel und Wirkung des Projekts ist die Optimierung und Automatisierung von Gesch\u00e4ftsprozessen verbundener Unternehmen innerhalb der Kapitalgruppe durch die Implementierung eines integrierten IT-Systems, ECM+ERP, das die Verwaltung von Dokumenten, Gesch\u00e4ftsprozessen und Ressourcen der wirtschaftlichen Einheit mit mehreren Einheiten erleichtert, zusammen mit einer Anwendung f\u00fcr den Datenaustausch mit Kunden im Bereich der Mitarbeiterdelegation und der handschriftlichen biometrischen Unterzeichnung von Dokumenten.<\/p>\n\n<p>H\u00f6he der Finanzierung: 385 461,56<\/p>\n\n<p>Wert des Projekts: 948 425,13<\/p>\n\n<p><\/p>\n\n<p><strong>1. ANFRAGE NR. 1\/RPO.02.01.02-16-0071\/16<\/strong><\/p>\n\n<ul class=\"wp-block-list\">\n<li><a href=\"https:\/\/weegree.com\/wp-content\/uploads\/2019\/05\/0.ZO_nr_1.pdf\">DOKUMENTE ZUM HERUNTERLADEN<\/a><\/li>\n\n\n\n<li><a href=\"https:\/\/weegree.com\/wp-content\/uploads\/2019\/07\/decyzja_wyboru_wykonawcy.pdf\">ENTSCHEIDUNG \u00dcBER DIE AUSWAHL DES AUFTRAGNEHMERS<\/a><\/li>\n\n\n\n<li><a href=\"https:\/\/weegree.com\/wp-content\/uploads\/2019\/07\/PYTANIA-I-ODPOWIEDZI-1RPO.02.01.02-16-007116.pdf\">FRAGEN UND ANTWORTEN<\/a><\/li>\n<\/ul>\n\n<p><\/p>\n\n<div style=\"height:50px\" aria-hidden=\"true\" class=\"wp-block-spacer\"><\/div>\n\n<h4 class=\"wp-block-heading\"><strong>2) &#8222;Industrielle Forschung und Entwicklung bei Weegree Sp. z o.o. Sp. K. \u00fcber ein hybrides Intelligenzsystem zur Unterst\u00fctzung der intelligenten Spezialisierungen der Woiwodschaft Oppeln.&#8220;<\/strong><\/h4>\n\n<p><strong>WEEGREE sp\u00f3\u0142ka z ograniczon\u0105 odpowiedzialno\u015bci\u0105 sp.k. f\u00fchrt das Projekt durch: &#8222;Vorindustrielle Forschung und Entwicklung in Weegree Sp. z o.o. Sp. K. \u00fcber ein hybrides Intelligenzsystem zur Unterst\u00fctzung der intelligenten Spezialisierungen der Woiwodschaft Oppeln&#8220;.<\/strong><\/p>\n\n<p>Ziel und Wirkung des Projekts ist es, die F&amp;E-Aktivit\u00e4ten von Weegree zu verst\u00e4rken, indem industrielle Forschungs- und Entwicklungsarbeiten durchgef\u00fchrt werden, die zur Entwicklung eines hybriden Intelligenzsystems f\u00fchren werden. Dabei handelt es sich um ein IKT-Tool f\u00fcr industrielle Anwendungen mit besonderem Schwerpunkt auf der intelligenten Spezialisierung der Woiwodschaft Opolskie.<\/p>\n\n<p>Von der Europ\u00e4ischen Union kofinanziertes Projekt aus dem Europ\u00e4ischen Fonds f\u00fcr regionale Entwicklung im Rahmen des regionalen operationellen Programms der Woiwodschaft Oppeln 2014-2020; Priorit\u00e4tsachse 01 Innovation in der Wirtschaft, Ma\u00dfnahme 1.1 Innovation in Unternehmen<\/p>\n\n<p><strong>Gesamtwert 3.414.936,87<\/strong><\/p>\n\n<p><strong>Zuschussf\u00e4hige Ausgaben<\/strong> 3 198 994,27<\/p>\n\n<p><strong>Mittelausstattung<\/strong> 2 033 139,87<\/p>\n\n<p><strong>1. ANFRAGE NR. 1\/RPO.01.01.00-16-0072\/16<\/strong><\/p>\n\n<ul class=\"wp-block-list\">\n<li><a href=\"https:\/\/weegree.com\/zapytanie-ofertowe-nr-1rpo-01-01-00-16-007216\/\">DOKUMENTE ZUM HERUNTERLADEN<\/a><\/li>\n<\/ul>\n\n<p><strong>2. ANFRAGE NR. 2\/RPO.01.01.00-16-0072\/16<\/strong><\/p>\n\n<ul class=\"wp-block-list\">\n<li><a href=\"https:\/\/weegree.com\/zapytanie-ofertowe-nr-2rpo-01-01-00-16-007216\/\">DOKUMENTE ZUM HERUNTERLADEN<\/a><\/li>\n<\/ul>\n\n<p><strong>ANFRAGE NR. 3\/RPO.01.01.00-16-0072\/16<\/strong><\/p>\n\n<ul class=\"wp-block-list\">\n<li><a href=\"https:\/\/weegree.com\/zapytanie-ofertowe-nr-3rpo-01-01-00-16-007216\/\">DOKUMENTE ZUM HERUNTERLADEN<\/a><\/li>\n<\/ul>\n\n<p><strong>ANFRAGE NR. 4\/RPO.01.01.00-16-0072\/16<\/strong><\/p>\n\n<ul class=\"wp-block-list\">\n<li><a href=\"https:\/\/weegree.com\/zapytanie-ofertowe-nr-4rpo-01-01-00-16-007216\/\">DOKUMENTE ZUM HERUNTERLADEN<\/a><\/li>\n<\/ul>\n\n<div style=\"height:50px\" aria-hidden=\"true\" class=\"wp-block-spacer\"><\/div>\n\n<h4 class=\"wp-block-heading\"><strong>3. industrielle Forschung und Entwicklung bei Weegree Sp. z o.o. Sp. K. \u00fcber ein System mobiler modularer Smart Homes mit niedrigem Energieverbrauch.<\/strong><\/h4>\n\n<p><strong>WEEGREE sp\u00f3\u0142ka z ograniczon\u0105 odpowiedzialno\u015bci\u0105 sp.k. f\u00fchrt das Projekt &#8220;  <\/strong>Industrielle Forschung und Entwicklung bei Weegree Sp. z o.o. Sp. K. \u00fcber ein System mobiler modularer Smart Homes mit niedrigem Energieverbrauch.<\/p>\n\n<p>Ziel und Haupteffekt des Projekts ist die Steigerung der FuE-Aktivit\u00e4ten von Weegree Sp. z o.o. Sp. k. durch die Durchf\u00fchrung industrieller Forschungs- und Entwicklungsarbeiten, die zur Entwicklung einer Technologie f\u00fcr den Bau einer mobilen Wohneinheit f\u00fcr gemeinschaftliches Wohnen mit innovativen Systemen f\u00fchren werden: Vorfertigung und Solarenergiegewinnung. Durch die Entwicklung einer weltweit einzigartigen Technologie bedeutet die Umsetzung des Projekts einen Innovationsschub f\u00fcr das Unternehmen des Antragstellers, die gesamte Baubranche und die Wirtschaft des Landes.<\/p>\n\n<p>Das Ergebnis der Forschungskampagne wird die Entwicklung der technologischen Prinzipien der vorgeschlagenen L\u00f6sungen, der Bau verschiedener Varianten des Prototyps einer mobilen Wohneinheit und deren Erprobung unter realen Bedingungen sein, um die optimale L\u00f6sung auszuw\u00e4hlen, die die Forschungsannahmen in h\u00f6chstem Ma\u00dfe erf\u00fcllt.<\/p>\n\n<p>Von der Europ\u00e4ischen Union kofinanziertes Projekt aus dem Europ\u00e4ischen Fonds f\u00fcr regionale Entwicklung im Rahmen des regionalen operationellen Programms der Woiwodschaft Oppeln 2014-2020; Priorit\u00e4tsachse 01 Innovation in der Wirtschaft, Ma\u00dfnahme 1.1 Innovation in Unternehmen<\/p>\n\n<p>H\u00f6he der Finanzierung 2 544 625.00<\/p>\n\n<p>Projektwert 4.028.470,00<\/p>\n","protected":false},"excerpt":{"rendered":"<p>1. weegree sp. z o.o. S.k. f\u00fchrt das Projekt &#8222;Entwicklung von Informations- und Kommunikationstechnologien bei WEEGREE SP\u00d3\u0141KA Z OGRANICZON\u0104 ODPOWIEDZIALNO\u015aCI\u0104 SP\u00d3\u0141KA KOMANDYTOWA mit Sitz in Opole durch.&#8220; Kofinanziert von der Europ\u00e4ischen Union aus dem Europ\u00e4ischen Fonds f\u00fcr regionale Entwicklung im Rahmen des regionalen operationellen Programms der Woiwodschaft Oppeln 2014-2020; Priorit\u00e4tsachse 02 Wettbewerbsf\u00e4hige Wirtschaft, Ma\u00dfnahme 2.1 [&hellip;]<\/p>\n","protected":false},"author":1,"featured_media":0,"parent":0,"menu_order":0,"comment_status":"closed","ping_status":"closed","template":"","meta":{"_acf_changed":false,"footnotes":""},"class_list":["post-85094","page","type-page","status-publish","hentry"],"acf":[],"yoast_head":"<!-- This site is optimized with the Yoast SEO plugin v25.5 - https:\/\/yoast.com\/wordpress\/plugins\/seo\/ -->\n<title>EU-Projekte - Weegree<\/title>\n<meta name=\"robots\" content=\"index, follow, max-snippet:-1, max-image-preview:large, max-video-preview:-1\" \/>\n<link rel=\"canonical\" href=\"https:\/\/weegree.com\/de\/eu-projekte\/\" \/>\n<meta property=\"og:locale\" content=\"de_DE\" \/>\n<meta property=\"og:type\" content=\"article\" \/>\n<meta property=\"og:title\" content=\"EU-Projekte - Weegree\" \/>\n<meta property=\"og:description\" content=\"1. weegree sp. z o.o. S.k. f\u00fchrt das Projekt &#8222;Entwicklung von Informations- und Kommunikationstechnologien bei WEEGREE SP\u00d3\u0141KA Z OGRANICZON\u0104 ODPOWIEDZIALNO\u015aCI\u0104 SP\u00d3\u0141KA KOMANDYTOWA mit Sitz in Opole durch.&#8220; Kofinanziert von der Europ\u00e4ischen Union aus dem Europ\u00e4ischen Fonds f\u00fcr regionale Entwicklung im Rahmen des regionalen operationellen Programms der Woiwodschaft Oppeln 2014-2020; Priorit\u00e4tsachse 02 Wettbewerbsf\u00e4hige Wirtschaft, Ma\u00dfnahme 2.1 [&hellip;]\" \/>\n<meta property=\"og:url\" content=\"https:\/\/weegree.com\/de\/eu-projekte\/\" \/>\n<meta property=\"og:site_name\" content=\"Weegree\" \/>\n<meta property=\"article:publisher\" content=\"http:\/\/www.facebook.com\/weegreeworld\" \/>\n<meta property=\"article:modified_time\" content=\"2024-06-11T09:08:20+00:00\" \/>\n<meta property=\"og:image\" content=\"http:\/\/weegree.com\/wp-content\/uploads\/2024\/06\/weegree-projekty-unijne-1024x135.jpg\" \/>\n<meta name=\"twitter:card\" content=\"summary_large_image\" \/>\n<meta name=\"twitter:label1\" content=\"Gesch\u00e4tzte Lesezeit\" \/>\n\t<meta name=\"twitter:data1\" content=\"3\u00a0Minuten\" \/>\n<script type=\"application\/ld+json\" class=\"yoast-schema-graph\">{\"@context\":\"https:\/\/schema.org\",\"@graph\":[{\"@type\":\"WebPage\",\"@id\":\"https:\/\/weegree.com\/de\/eu-projekte\/\",\"url\":\"https:\/\/weegree.com\/de\/eu-projekte\/\",\"name\":\"EU-Projekte - Weegree\",\"isPartOf\":{\"@id\":\"https:\/\/weegree.com\/fr\/#website\"},\"primaryImageOfPage\":{\"@id\":\"https:\/\/weegree.com\/de\/eu-projekte\/#primaryimage\"},\"image\":{\"@id\":\"https:\/\/weegree.com\/de\/eu-projekte\/#primaryimage\"},\"thumbnailUrl\":\"http:\/\/weegree.com\/wp-content\/uploads\/2024\/06\/weegree-projekty-unijne-1024x135.jpg\",\"datePublished\":\"2024-06-03T11:38:04+00:00\",\"dateModified\":\"2024-06-11T09:08:20+00:00\",\"breadcrumb\":{\"@id\":\"https:\/\/weegree.com\/de\/eu-projekte\/#breadcrumb\"},\"inLanguage\":\"de\",\"potentialAction\":[{\"@type\":\"ReadAction\",\"target\":[\"https:\/\/weegree.com\/de\/eu-projekte\/\"]}]},{\"@type\":\"ImageObject\",\"inLanguage\":\"de\",\"@id\":\"https:\/\/weegree.com\/de\/eu-projekte\/#primaryimage\",\"url\":\"http:\/\/weegree.com\/wp-content\/uploads\/2024\/06\/weegree-projekty-unijne-1024x135.jpg\",\"contentUrl\":\"http:\/\/weegree.com\/wp-content\/uploads\/2024\/06\/weegree-projekty-unijne-1024x135.jpg\"},{\"@type\":\"BreadcrumbList\",\"@id\":\"https:\/\/weegree.com\/de\/eu-projekte\/#breadcrumb\",\"itemListElement\":[{\"@type\":\"ListItem\",\"position\":1,\"name\":\"Strona g\u0142\u00f3wna\",\"item\":\"https:\/\/weegree.com\/de\/\"},{\"@type\":\"ListItem\",\"position\":2,\"name\":\"EU-Projekte\"}]},{\"@type\":\"WebSite\",\"@id\":\"https:\/\/weegree.com\/fr\/#website\",\"url\":\"https:\/\/weegree.com\/fr\/\",\"name\":\"Weegree\",\"description\":\"dostarczanie specjalist\u00f3w to nasza specjalno\u015b\u0107\",\"publisher\":{\"@id\":\"https:\/\/weegree.com\/fr\/#organization\"},\"potentialAction\":[{\"@type\":\"SearchAction\",\"target\":{\"@type\":\"EntryPoint\",\"urlTemplate\":\"https:\/\/weegree.com\/fr\/?s={search_term_string}\"},\"query-input\":{\"@type\":\"PropertyValueSpecification\",\"valueRequired\":true,\"valueName\":\"search_term_string\"}}],\"inLanguage\":\"de\"},{\"@type\":\"Organization\",\"@id\":\"https:\/\/weegree.com\/fr\/#organization\",\"name\":\"Weegree\",\"url\":\"https:\/\/weegree.com\/fr\/\",\"logo\":{\"@type\":\"ImageObject\",\"inLanguage\":\"de\",\"@id\":\"https:\/\/weegree.com\/fr\/#\/schema\/logo\/image\/\",\"url\":\"https:\/\/weegree.com\/wp-content\/uploads\/2024\/06\/weegree-logo.svg\",\"contentUrl\":\"https:\/\/weegree.com\/wp-content\/uploads\/2024\/06\/weegree-logo.svg\",\"width\":94,\"height\":36,\"caption\":\"Weegree\"},\"image\":{\"@id\":\"https:\/\/weegree.com\/fr\/#\/schema\/logo\/image\/\"},\"sameAs\":[\"http:\/\/www.facebook.com\/weegreeworld\",\"http:\/\/www.linkedin.com\/company\/2972953\"]}]}<\/script>\n<!-- \/ Yoast SEO plugin. -->","yoast_head_json":{"title":"EU-Projekte - Weegree","robots":{"index":"index","follow":"follow","max-snippet":"max-snippet:-1","max-image-preview":"max-image-preview:large","max-video-preview":"max-video-preview:-1"},"canonical":"https:\/\/weegree.com\/de\/eu-projekte\/","og_locale":"de_DE","og_type":"article","og_title":"EU-Projekte - Weegree","og_description":"1. weegree sp. z o.o. S.k. f\u00fchrt das Projekt &#8222;Entwicklung von Informations- und Kommunikationstechnologien bei WEEGREE SP\u00d3\u0141KA Z OGRANICZON\u0104 ODPOWIEDZIALNO\u015aCI\u0104 SP\u00d3\u0141KA KOMANDYTOWA mit Sitz in Opole durch.&#8220; Kofinanziert von der Europ\u00e4ischen Union aus dem Europ\u00e4ischen Fonds f\u00fcr regionale Entwicklung im Rahmen des regionalen operationellen Programms der Woiwodschaft Oppeln 2014-2020; Priorit\u00e4tsachse 02 Wettbewerbsf\u00e4hige Wirtschaft, Ma\u00dfnahme 2.1 [&hellip;]","og_url":"https:\/\/weegree.com\/de\/eu-projekte\/","og_site_name":"Weegree","article_publisher":"http:\/\/www.facebook.com\/weegreeworld","article_modified_time":"2024-06-11T09:08:20+00:00","og_image":[{"url":"http:\/\/weegree.com\/wp-content\/uploads\/2024\/06\/weegree-projekty-unijne-1024x135.jpg","type":"","width":"","height":""}],"twitter_card":"summary_large_image","twitter_misc":{"Gesch\u00e4tzte Lesezeit":"3\u00a0Minuten"},"schema":{"@context":"https:\/\/schema.org","@graph":[{"@type":"WebPage","@id":"https:\/\/weegree.com\/de\/eu-projekte\/","url":"https:\/\/weegree.com\/de\/eu-projekte\/","name":"EU-Projekte - Weegree","isPartOf":{"@id":"https:\/\/weegree.com\/fr\/#website"},"primaryImageOfPage":{"@id":"https:\/\/weegree.com\/de\/eu-projekte\/#primaryimage"},"image":{"@id":"https:\/\/weegree.com\/de\/eu-projekte\/#primaryimage"},"thumbnailUrl":"http:\/\/weegree.com\/wp-content\/uploads\/2024\/06\/weegree-projekty-unijne-1024x135.jpg","datePublished":"2024-06-03T11:38:04+00:00","dateModified":"2024-06-11T09:08:20+00:00","breadcrumb":{"@id":"https:\/\/weegree.com\/de\/eu-projekte\/#breadcrumb"},"inLanguage":"de","potentialAction":[{"@type":"ReadAction","target":["https:\/\/weegree.com\/de\/eu-projekte\/"]}]},{"@type":"ImageObject","inLanguage":"de","@id":"https:\/\/weegree.com\/de\/eu-projekte\/#primaryimage","url":"http:\/\/weegree.com\/wp-content\/uploads\/2024\/06\/weegree-projekty-unijne-1024x135.jpg","contentUrl":"http:\/\/weegree.com\/wp-content\/uploads\/2024\/06\/weegree-projekty-unijne-1024x135.jpg"},{"@type":"BreadcrumbList","@id":"https:\/\/weegree.com\/de\/eu-projekte\/#breadcrumb","itemListElement":[{"@type":"ListItem","position":1,"name":"Strona g\u0142\u00f3wna","item":"https:\/\/weegree.com\/de\/"},{"@type":"ListItem","position":2,"name":"EU-Projekte"}]},{"@type":"WebSite","@id":"https:\/\/weegree.com\/fr\/#website","url":"https:\/\/weegree.com\/fr\/","name":"Weegree","description":"dostarczanie specjalist\u00f3w to nasza specjalno\u015b\u0107","publisher":{"@id":"https:\/\/weegree.com\/fr\/#organization"},"potentialAction":[{"@type":"SearchAction","target":{"@type":"EntryPoint","urlTemplate":"https:\/\/weegree.com\/fr\/?s={search_term_string}"},"query-input":{"@type":"PropertyValueSpecification","valueRequired":true,"valueName":"search_term_string"}}],"inLanguage":"de"},{"@type":"Organization","@id":"https:\/\/weegree.com\/fr\/#organization","name":"Weegree","url":"https:\/\/weegree.com\/fr\/","logo":{"@type":"ImageObject","inLanguage":"de","@id":"https:\/\/weegree.com\/fr\/#\/schema\/logo\/image\/","url":"https:\/\/weegree.com\/wp-content\/uploads\/2024\/06\/weegree-logo.svg","contentUrl":"https:\/\/weegree.com\/wp-content\/uploads\/2024\/06\/weegree-logo.svg","width":94,"height":36,"caption":"Weegree"},"image":{"@id":"https:\/\/weegree.com\/fr\/#\/schema\/logo\/image\/"},"sameAs":["http:\/\/www.facebook.com\/weegreeworld","http:\/\/www.linkedin.com\/company\/2972953"]}]}},"_links":{"self":[{"href":"https:\/\/weegree.com\/de\/wp-json\/wp\/v2\/pages\/85094","targetHints":{"allow":["GET"]}}],"collection":[{"href":"https:\/\/weegree.com\/de\/wp-json\/wp\/v2\/pages"}],"about":[{"href":"https:\/\/weegree.com\/de\/wp-json\/wp\/v2\/types\/page"}],"author":[{"embeddable":true,"href":"https:\/\/weegree.com\/de\/wp-json\/wp\/v2\/users\/1"}],"replies":[{"embeddable":true,"href":"https:\/\/weegree.com\/de\/wp-json\/wp\/v2\/comments?post=85094"}],"version-history":[{"count":2,"href":"https:\/\/weegree.com\/de\/wp-json\/wp\/v2\/pages\/85094\/revisions"}],"predecessor-version":[{"id":85840,"href":"https:\/\/weegree.com\/de\/wp-json\/wp\/v2\/pages\/85094\/revisions\/85840"}],"wp:attachment":[{"href":"https:\/\/weegree.com\/de\/wp-json\/wp\/v2\/media?parent=85094"}],"curies":[{"name":"wp","href":"https:\/\/api.w.org\/{rel}","templated":true}]}}