{"id":85609,"date":"2024-06-04T11:24:32","date_gmt":"2024-06-04T11:24:32","guid":{"rendered":"https:\/\/weegree.com\/applications\/"},"modified":"2024-06-10T13:12:25","modified_gmt":"2024-06-10T13:12:25","slug":"applications","status":"publish","type":"page","link":"https:\/\/weegree.com\/en\/applications\/","title":{"rendered":"Applications"},"content":{"rendered":"\n<h2 class=\"wp-block-heading\"><strong>Have you noticed irregularities or legal lapses in your company?<\/strong><\/h2>\n\n<p>You can safely make your objections known!<br\/>We will look at your signal and think about how to respond to prevent any future violations and abuse.<br\/>Contact us using the form or by emailing <a href=\"mailto:zgloszenia@weegree.com\">zgloszenia@weegree.com.<\/a><\/p>\n\n<div class=\"wp-block-contact-form-7-contact-form-selector\">\n<div class=\"wpcf7 no-js\" id=\"wpcf7-f85719-o1\" lang=\"en-US\" dir=\"ltr\" data-wpcf7-id=\"85719\">\n<div class=\"screen-reader-response\"><p role=\"status\" aria-live=\"polite\" aria-atomic=\"true\"><\/p> <ul><\/ul><\/div>\n<form action=\"\/en\/wp-json\/wp\/v2\/pages\/85609#wpcf7-f85719-o1\" method=\"post\" class=\"wpcf7-form init\" aria-label=\"Contact form\" enctype=\"multipart\/form-data\" novalidate=\"novalidate\" data-status=\"init\">\n<fieldset class=\"hidden-fields-container\"><input type=\"hidden\" name=\"_wpcf7\" value=\"85719\" \/><input type=\"hidden\" name=\"_wpcf7_version\" value=\"6.1\" \/><input type=\"hidden\" name=\"_wpcf7_locale\" value=\"en_US\" \/><input type=\"hidden\" name=\"_wpcf7_unit_tag\" value=\"wpcf7-f85719-o1\" \/><input type=\"hidden\" name=\"_wpcf7_container_post\" value=\"0\" \/><input type=\"hidden\" name=\"_wpcf7_posted_data_hash\" value=\"\" \/><input type=\"hidden\" name=\"_wpcf7_recaptcha_response\" value=\"\" \/>\n<\/fieldset>\n<div class=\"zgloszenia-form\">\n<span class=\"wpcf7-form-control-wrap\" data-name=\"your-name\"><input size=\"40\" maxlength=\"400\" class=\"wpcf7-form-control wpcf7-text wpcf7-validates-as-required\" autocomplete=\"name\" aria-required=\"true\" aria-invalid=\"false\" placeholder=\"Name\" value=\"\" type=\"text\" name=\"your-name\" \/><\/span>\n<span class=\"wpcf7-form-control-wrap\" data-name=\"your-email-or-phone\"><input size=\"40\" maxlength=\"400\" class=\"wpcf7-form-control wpcf7-text wpcf7-validates-as-required\" aria-required=\"true\" aria-invalid=\"false\" placeholder=\"Phone or address-email\" value=\"\" type=\"text\" name=\"your-email-or-phone\" \/><\/span>\n<span class=\"wpcf7-form-control-wrap\" data-name=\"your-text\"><textarea cols=\"40\" rows=\"10\" maxlength=\"2000\" class=\"wpcf7-form-control wpcf7-textarea wpcf7-validates-as-required\" aria-required=\"true\" aria-invalid=\"false\" placeholder=\"Description of the incident (facts, events and circumstances known, data of persons who can help clarify the case)\" name=\"your-text\"><\/textarea><\/span>\n<span class=\"wpcf7-form-control-wrap\" data-name=\"file-558\"><input size=\"40\" class=\"wpcf7-form-control wpcf7-file\" accept=\"audio\/*,video\/*,image\/*\" aria-invalid=\"false\" type=\"file\" name=\"file-558\" \/><\/span>\n<input class=\"wpcf7-form-control wpcf7-submit has-spinner wg-button\" type=\"submit\" value=\"Send\" \/>\n<\/div><div class=\"wpcf7-response-output\" aria-hidden=\"true\"><\/div>\n<\/form>\n<\/div>\n<\/div>\n","protected":false},"excerpt":{"rendered":"<p>Have you noticed irregularities or legal lapses in your company? You can safely make your objections known!We will look at your signal and think about how to respond to prevent any future violations and abuse.Contact us using the form or by emailing zgloszenia@weegree.com.<\/p>\n","protected":false},"author":1,"featured_media":0,"parent":0,"menu_order":0,"comment_status":"closed","ping_status":"closed","template":"","meta":{"_acf_changed":false,"footnotes":""},"class_list":["post-85609","page","type-page","status-publish","hentry"],"acf":[],"yoast_head":"<!-- This site is optimized with the Yoast SEO plugin v25.5 - https:\/\/yoast.com\/wordpress\/plugins\/seo\/ -->\n<title>Applications - Weegree<\/title>\n<meta name=\"robots\" content=\"index, follow, max-snippet:-1, max-image-preview:large, max-video-preview:-1\" \/>\n<link rel=\"canonical\" href=\"https:\/\/weegree.com\/en\/applications\/\" \/>\n<meta property=\"og:locale\" content=\"en_US\" \/>\n<meta property=\"og:type\" content=\"article\" \/>\n<meta property=\"og:title\" content=\"Applications - Weegree\" \/>\n<meta property=\"og:description\" content=\"Have you noticed irregularities or legal lapses in your company? You can safely make your objections known!We will look at your signal and think about how to respond to prevent any future violations and abuse.Contact us using the form or by emailing zgloszenia@weegree.com.\" \/>\n<meta property=\"og:url\" content=\"https:\/\/weegree.com\/en\/applications\/\" \/>\n<meta property=\"og:site_name\" content=\"Weegree\" \/>\n<meta property=\"article:publisher\" content=\"http:\/\/www.facebook.com\/weegreeworld\" \/>\n<meta property=\"article:modified_time\" content=\"2024-06-10T13:12:25+00:00\" \/>\n<meta name=\"twitter:card\" content=\"summary_large_image\" \/>\n<script type=\"application\/ld+json\" class=\"yoast-schema-graph\">{\"@context\":\"https:\/\/schema.org\",\"@graph\":[{\"@type\":\"WebPage\",\"@id\":\"https:\/\/weegree.com\/en\/applications\/\",\"url\":\"https:\/\/weegree.com\/en\/applications\/\",\"name\":\"Applications - Weegree\",\"isPartOf\":{\"@id\":\"https:\/\/weegree.com\/fr\/#website\"},\"datePublished\":\"2024-06-04T11:24:32+00:00\",\"dateModified\":\"2024-06-10T13:12:25+00:00\",\"breadcrumb\":{\"@id\":\"https:\/\/weegree.com\/en\/applications\/#breadcrumb\"},\"inLanguage\":\"en-US\",\"potentialAction\":[{\"@type\":\"ReadAction\",\"target\":[\"https:\/\/weegree.com\/en\/applications\/\"]}]},{\"@type\":\"BreadcrumbList\",\"@id\":\"https:\/\/weegree.com\/en\/applications\/#breadcrumb\",\"itemListElement\":[{\"@type\":\"ListItem\",\"position\":1,\"name\":\"Strona g\u0142\u00f3wna\",\"item\":\"https:\/\/weegree.com\/en\/\"},{\"@type\":\"ListItem\",\"position\":2,\"name\":\"Applications\"}]},{\"@type\":\"WebSite\",\"@id\":\"https:\/\/weegree.com\/fr\/#website\",\"url\":\"https:\/\/weegree.com\/fr\/\",\"name\":\"Weegree\",\"description\":\"dostarczanie specjalist\u00f3w to nasza specjalno\u015b\u0107\",\"publisher\":{\"@id\":\"https:\/\/weegree.com\/fr\/#organization\"},\"potentialAction\":[{\"@type\":\"SearchAction\",\"target\":{\"@type\":\"EntryPoint\",\"urlTemplate\":\"https:\/\/weegree.com\/fr\/?s={search_term_string}\"},\"query-input\":{\"@type\":\"PropertyValueSpecification\",\"valueRequired\":true,\"valueName\":\"search_term_string\"}}],\"inLanguage\":\"en-US\"},{\"@type\":\"Organization\",\"@id\":\"https:\/\/weegree.com\/fr\/#organization\",\"name\":\"Weegree\",\"url\":\"https:\/\/weegree.com\/fr\/\",\"logo\":{\"@type\":\"ImageObject\",\"inLanguage\":\"en-US\",\"@id\":\"https:\/\/weegree.com\/fr\/#\/schema\/logo\/image\/\",\"url\":\"https:\/\/weegree.com\/wp-content\/uploads\/2024\/06\/weegree-logo.svg\",\"contentUrl\":\"https:\/\/weegree.com\/wp-content\/uploads\/2024\/06\/weegree-logo.svg\",\"width\":94,\"height\":36,\"caption\":\"Weegree\"},\"image\":{\"@id\":\"https:\/\/weegree.com\/fr\/#\/schema\/logo\/image\/\"},\"sameAs\":[\"http:\/\/www.facebook.com\/weegreeworld\",\"http:\/\/www.linkedin.com\/company\/2972953\"]}]}<\/script>\n<!-- \/ Yoast SEO plugin. -->","yoast_head_json":{"title":"Applications - Weegree","robots":{"index":"index","follow":"follow","max-snippet":"max-snippet:-1","max-image-preview":"max-image-preview:large","max-video-preview":"max-video-preview:-1"},"canonical":"https:\/\/weegree.com\/en\/applications\/","og_locale":"en_US","og_type":"article","og_title":"Applications - Weegree","og_description":"Have you noticed irregularities or legal lapses in your company? You can safely make your objections known!We will look at your signal and think about how to respond to prevent any future violations and abuse.Contact us using the form or by emailing zgloszenia@weegree.com.","og_url":"https:\/\/weegree.com\/en\/applications\/","og_site_name":"Weegree","article_publisher":"http:\/\/www.facebook.com\/weegreeworld","article_modified_time":"2024-06-10T13:12:25+00:00","twitter_card":"summary_large_image","schema":{"@context":"https:\/\/schema.org","@graph":[{"@type":"WebPage","@id":"https:\/\/weegree.com\/en\/applications\/","url":"https:\/\/weegree.com\/en\/applications\/","name":"Applications - Weegree","isPartOf":{"@id":"https:\/\/weegree.com\/fr\/#website"},"datePublished":"2024-06-04T11:24:32+00:00","dateModified":"2024-06-10T13:12:25+00:00","breadcrumb":{"@id":"https:\/\/weegree.com\/en\/applications\/#breadcrumb"},"inLanguage":"en-US","potentialAction":[{"@type":"ReadAction","target":["https:\/\/weegree.com\/en\/applications\/"]}]},{"@type":"BreadcrumbList","@id":"https:\/\/weegree.com\/en\/applications\/#breadcrumb","itemListElement":[{"@type":"ListItem","position":1,"name":"Strona g\u0142\u00f3wna","item":"https:\/\/weegree.com\/en\/"},{"@type":"ListItem","position":2,"name":"Applications"}]},{"@type":"WebSite","@id":"https:\/\/weegree.com\/fr\/#website","url":"https:\/\/weegree.com\/fr\/","name":"Weegree","description":"dostarczanie specjalist\u00f3w to nasza specjalno\u015b\u0107","publisher":{"@id":"https:\/\/weegree.com\/fr\/#organization"},"potentialAction":[{"@type":"SearchAction","target":{"@type":"EntryPoint","urlTemplate":"https:\/\/weegree.com\/fr\/?s={search_term_string}"},"query-input":{"@type":"PropertyValueSpecification","valueRequired":true,"valueName":"search_term_string"}}],"inLanguage":"en-US"},{"@type":"Organization","@id":"https:\/\/weegree.com\/fr\/#organization","name":"Weegree","url":"https:\/\/weegree.com\/fr\/","logo":{"@type":"ImageObject","inLanguage":"en-US","@id":"https:\/\/weegree.com\/fr\/#\/schema\/logo\/image\/","url":"https:\/\/weegree.com\/wp-content\/uploads\/2024\/06\/weegree-logo.svg","contentUrl":"https:\/\/weegree.com\/wp-content\/uploads\/2024\/06\/weegree-logo.svg","width":94,"height":36,"caption":"Weegree"},"image":{"@id":"https:\/\/weegree.com\/fr\/#\/schema\/logo\/image\/"},"sameAs":["http:\/\/www.facebook.com\/weegreeworld","http:\/\/www.linkedin.com\/company\/2972953"]}]}},"_links":{"self":[{"href":"https:\/\/weegree.com\/en\/wp-json\/wp\/v2\/pages\/85609","targetHints":{"allow":["GET"]}}],"collection":[{"href":"https:\/\/weegree.com\/en\/wp-json\/wp\/v2\/pages"}],"about":[{"href":"https:\/\/weegree.com\/en\/wp-json\/wp\/v2\/types\/page"}],"author":[{"embeddable":true,"href":"https:\/\/weegree.com\/en\/wp-json\/wp\/v2\/users\/1"}],"replies":[{"embeddable":true,"href":"https:\/\/weegree.com\/en\/wp-json\/wp\/v2\/comments?post=85609"}],"version-history":[{"count":1,"href":"https:\/\/weegree.com\/en\/wp-json\/wp\/v2\/pages\/85609\/revisions"}],"predecessor-version":[{"id":85610,"href":"https:\/\/weegree.com\/en\/wp-json\/wp\/v2\/pages\/85609\/revisions\/85610"}],"wp:attachment":[{"href":"https:\/\/weegree.com\/en\/wp-json\/wp\/v2\/media?parent=85609"}],"curies":[{"name":"wp","href":"https:\/\/api.w.org\/{rel}","templated":true}]}}