{"id":18150,"date":"2024-05-20T16:36:31","date_gmt":"2024-05-20T16:36:31","guid":{"rendered":"https:\/\/weegree.com\/rodo\/"},"modified":"2024-06-11T09:08:15","modified_gmt":"2024-06-11T09:08:15","slug":"rodo","status":"publish","type":"page","link":"https:\/\/weegree.com\/fr\/rodo\/","title":{"rendered":"RODO"},"content":{"rendered":"\n<ul class=\"wp-block-list\">\n<li><a href=\"https:\/\/weegree.com\/przetwarzanie-danych\/\"><strong>Politique de protection des donn\u00e9es<\/strong><\/a><\/li>\n\n\n\n<li><a href=\"http:\/\/weegree.com\/wp-content\/uploads\/2021\/02\/dla-klientow-i-kontrahentow.pdf\"><strong>Clause d&rsquo;information pour les personnes qui sont nos clients ou nos partenaires commerciaux<\/strong><\/a><\/li>\n\n\n\n<li><a href=\"http:\/\/weegree.com\/wp-content\/uploads\/2021\/02\/dla-pracownikow-klienta-lub-kontrahenta.pdf\"><strong>Clause d&rsquo;information pour les employ\u00e9s du client ou du contractant<\/strong><\/a><\/li>\n\n\n\n<li><a href=\"http:\/\/weegree.com\/wp-content\/uploads\/2021\/02\/dla-osob-kontaktujacych-sie.pdf\"><strong>Clause d&rsquo;information pour les personnes qui contactent Weegree<\/strong><\/a><\/li>\n\n\n\n<li><a href=\"http:\/\/weegree.com\/wp-content\/uploads\/2021\/02\/dla-osob-szukajacych-pracy.pdf\"><strong>Clause d&rsquo;information pour les demandeurs d&#8217;emploi<\/strong><\/a><\/li>\n\n\n\n<li><a href=\"http:\/\/weegree.com\/wp-content\/uploads\/2021\/02\/dla-dzialan-marketingowych.pdf\"><strong>Clause d&rsquo;information pour les personnes participant aux activit\u00e9s de marketing<\/strong><\/a><\/li>\n\n\n\n<li><a href=\"http:\/\/weegree.com\/wp-content\/uploads\/2021\/02\/dla-pracownikow-i-wspolpracownikow.pdf\"><strong>Clause d&rsquo;information pour les employ\u00e9s et les associ\u00e9s<\/strong><\/a><\/li>\n\n\n\n<li><a href=\"http:\/\/weegree.com\/wp-content\/uploads\/2021\/02\/dla-bylych-pracownikow-i-wspolpracownikow.pdf\"><strong>Clause d&rsquo;information pour les anciens employ\u00e9s et associ\u00e9s<\/strong><\/a><\/li>\n\n\n\n<li><a href=\"http:\/\/weegree.com\/wp-content\/uploads\/2021\/02\/dla-potencjalnych-klientow.pdf\"><strong>Clause d&rsquo;information pour les clients potentiels<\/strong><\/a><\/li>\n\n\n\n<li><a href=\"http:\/\/weegree.com\/wp-content\/uploads\/2021\/02\/objetych-monitoringiem-wizyjnym.pdf\"><strong>Clause pour les personnes faisant l&rsquo;objet d&rsquo;une vid\u00e9osurveillance<\/strong><\/a><\/li>\n<\/ul>\n","protected":false},"excerpt":{"rendered":"","protected":false},"author":1,"featured_media":0,"parent":0,"menu_order":0,"comment_status":"closed","ping_status":"closed","template":"","meta":{"_acf_changed":false,"footnotes":""},"class_list":["post-18150","page","type-page","status-publish","hentry"],"acf":[],"yoast_head":"<!-- This site is optimized with the Yoast SEO plugin v25.5 - https:\/\/yoast.com\/wordpress\/plugins\/seo\/ -->\n<title>RODO - Weegree<\/title>\n<meta name=\"robots\" content=\"index, follow, max-snippet:-1, max-image-preview:large, max-video-preview:-1\" \/>\n<link rel=\"canonical\" href=\"https:\/\/weegree.com\/fr\/rodo\/\" \/>\n<meta property=\"og:locale\" content=\"fr_FR\" \/>\n<meta property=\"og:type\" content=\"article\" \/>\n<meta property=\"og:title\" content=\"RODO - Weegree\" \/>\n<meta property=\"og:url\" content=\"https:\/\/weegree.com\/fr\/rodo\/\" \/>\n<meta property=\"og:site_name\" content=\"Weegree\" \/>\n<meta property=\"article:publisher\" content=\"http:\/\/www.facebook.com\/weegreeworld\" \/>\n<meta property=\"article:modified_time\" content=\"2024-06-11T09:08:15+00:00\" \/>\n<meta name=\"twitter:card\" content=\"summary_large_image\" \/>\n<script type=\"application\/ld+json\" class=\"yoast-schema-graph\">{\"@context\":\"https:\/\/schema.org\",\"@graph\":[{\"@type\":\"WebPage\",\"@id\":\"https:\/\/weegree.com\/fr\/rodo\/\",\"url\":\"https:\/\/weegree.com\/fr\/rodo\/\",\"name\":\"RODO - Weegree\",\"isPartOf\":{\"@id\":\"https:\/\/weegree.com\/fr\/#website\"},\"datePublished\":\"2024-05-20T16:36:31+00:00\",\"dateModified\":\"2024-06-11T09:08:15+00:00\",\"breadcrumb\":{\"@id\":\"https:\/\/weegree.com\/fr\/rodo\/#breadcrumb\"},\"inLanguage\":\"fr-FR\",\"potentialAction\":[{\"@type\":\"ReadAction\",\"target\":[\"https:\/\/weegree.com\/fr\/rodo\/\"]}]},{\"@type\":\"BreadcrumbList\",\"@id\":\"https:\/\/weegree.com\/fr\/rodo\/#breadcrumb\",\"itemListElement\":[{\"@type\":\"ListItem\",\"position\":1,\"name\":\"Strona g\u0142\u00f3wna\",\"item\":\"https:\/\/weegree.com\/fr\/\"},{\"@type\":\"ListItem\",\"position\":2,\"name\":\"RODO\"}]},{\"@type\":\"WebSite\",\"@id\":\"https:\/\/weegree.com\/fr\/#website\",\"url\":\"https:\/\/weegree.com\/fr\/\",\"name\":\"Weegree\",\"description\":\"dostarczanie specjalist\u00f3w to nasza specjalno\u015b\u0107\",\"publisher\":{\"@id\":\"https:\/\/weegree.com\/fr\/#organization\"},\"potentialAction\":[{\"@type\":\"SearchAction\",\"target\":{\"@type\":\"EntryPoint\",\"urlTemplate\":\"https:\/\/weegree.com\/fr\/?s={search_term_string}\"},\"query-input\":{\"@type\":\"PropertyValueSpecification\",\"valueRequired\":true,\"valueName\":\"search_term_string\"}}],\"inLanguage\":\"fr-FR\"},{\"@type\":\"Organization\",\"@id\":\"https:\/\/weegree.com\/fr\/#organization\",\"name\":\"Weegree\",\"url\":\"https:\/\/weegree.com\/fr\/\",\"logo\":{\"@type\":\"ImageObject\",\"inLanguage\":\"fr-FR\",\"@id\":\"https:\/\/weegree.com\/fr\/#\/schema\/logo\/image\/\",\"url\":\"https:\/\/weegree.com\/wp-content\/uploads\/2024\/06\/weegree-logo.svg\",\"contentUrl\":\"https:\/\/weegree.com\/wp-content\/uploads\/2024\/06\/weegree-logo.svg\",\"width\":94,\"height\":36,\"caption\":\"Weegree\"},\"image\":{\"@id\":\"https:\/\/weegree.com\/fr\/#\/schema\/logo\/image\/\"},\"sameAs\":[\"http:\/\/www.facebook.com\/weegreeworld\",\"http:\/\/www.linkedin.com\/company\/2972953\"]}]}<\/script>\n<!-- \/ Yoast SEO plugin. -->","yoast_head_json":{"title":"RODO - Weegree","robots":{"index":"index","follow":"follow","max-snippet":"max-snippet:-1","max-image-preview":"max-image-preview:large","max-video-preview":"max-video-preview:-1"},"canonical":"https:\/\/weegree.com\/fr\/rodo\/","og_locale":"fr_FR","og_type":"article","og_title":"RODO - Weegree","og_url":"https:\/\/weegree.com\/fr\/rodo\/","og_site_name":"Weegree","article_publisher":"http:\/\/www.facebook.com\/weegreeworld","article_modified_time":"2024-06-11T09:08:15+00:00","twitter_card":"summary_large_image","schema":{"@context":"https:\/\/schema.org","@graph":[{"@type":"WebPage","@id":"https:\/\/weegree.com\/fr\/rodo\/","url":"https:\/\/weegree.com\/fr\/rodo\/","name":"RODO - Weegree","isPartOf":{"@id":"https:\/\/weegree.com\/fr\/#website"},"datePublished":"2024-05-20T16:36:31+00:00","dateModified":"2024-06-11T09:08:15+00:00","breadcrumb":{"@id":"https:\/\/weegree.com\/fr\/rodo\/#breadcrumb"},"inLanguage":"fr-FR","potentialAction":[{"@type":"ReadAction","target":["https:\/\/weegree.com\/fr\/rodo\/"]}]},{"@type":"BreadcrumbList","@id":"https:\/\/weegree.com\/fr\/rodo\/#breadcrumb","itemListElement":[{"@type":"ListItem","position":1,"name":"Strona g\u0142\u00f3wna","item":"https:\/\/weegree.com\/fr\/"},{"@type":"ListItem","position":2,"name":"RODO"}]},{"@type":"WebSite","@id":"https:\/\/weegree.com\/fr\/#website","url":"https:\/\/weegree.com\/fr\/","name":"Weegree","description":"dostarczanie specjalist\u00f3w to nasza specjalno\u015b\u0107","publisher":{"@id":"https:\/\/weegree.com\/fr\/#organization"},"potentialAction":[{"@type":"SearchAction","target":{"@type":"EntryPoint","urlTemplate":"https:\/\/weegree.com\/fr\/?s={search_term_string}"},"query-input":{"@type":"PropertyValueSpecification","valueRequired":true,"valueName":"search_term_string"}}],"inLanguage":"fr-FR"},{"@type":"Organization","@id":"https:\/\/weegree.com\/fr\/#organization","name":"Weegree","url":"https:\/\/weegree.com\/fr\/","logo":{"@type":"ImageObject","inLanguage":"fr-FR","@id":"https:\/\/weegree.com\/fr\/#\/schema\/logo\/image\/","url":"https:\/\/weegree.com\/wp-content\/uploads\/2024\/06\/weegree-logo.svg","contentUrl":"https:\/\/weegree.com\/wp-content\/uploads\/2024\/06\/weegree-logo.svg","width":94,"height":36,"caption":"Weegree"},"image":{"@id":"https:\/\/weegree.com\/fr\/#\/schema\/logo\/image\/"},"sameAs":["http:\/\/www.facebook.com\/weegreeworld","http:\/\/www.linkedin.com\/company\/2972953"]}]}},"_links":{"self":[{"href":"https:\/\/weegree.com\/fr\/wp-json\/wp\/v2\/pages\/18150","targetHints":{"allow":["GET"]}}],"collection":[{"href":"https:\/\/weegree.com\/fr\/wp-json\/wp\/v2\/pages"}],"about":[{"href":"https:\/\/weegree.com\/fr\/wp-json\/wp\/v2\/types\/page"}],"author":[{"embeddable":true,"href":"https:\/\/weegree.com\/fr\/wp-json\/wp\/v2\/users\/1"}],"replies":[{"embeddable":true,"href":"https:\/\/weegree.com\/fr\/wp-json\/wp\/v2\/comments?post=18150"}],"version-history":[{"count":2,"href":"https:\/\/weegree.com\/fr\/wp-json\/wp\/v2\/pages\/18150\/revisions"}],"predecessor-version":[{"id":85814,"href":"https:\/\/weegree.com\/fr\/wp-json\/wp\/v2\/pages\/18150\/revisions\/85814"}],"wp:attachment":[{"href":"https:\/\/weegree.com\/fr\/wp-json\/wp\/v2\/media?parent=18150"}],"curies":[{"name":"wp","href":"https:\/\/api.w.org\/{rel}","templated":true}]}}