{"id":85061,"date":"2024-06-03T12:28:29","date_gmt":"2024-06-03T12:28:29","guid":{"rendered":"https:\/\/weegree.com\/traitement-des-donnees\/"},"modified":"2024-06-11T09:08:20","modified_gmt":"2024-06-11T09:08:20","slug":"traitement-des-donnees","status":"publish","type":"page","link":"https:\/\/weegree.com\/fr\/traitement-des-donnees\/","title":{"rendered":"Traitement des donn\u00e9es"},"content":{"rendered":"\n<h2 class=\"wp-block-heading\"><strong>TRAITEMENT DES DONN\u00c9ES \u00c0 CARACT\u00c8RE PERSONNEL<\/strong><\/h2>\n\n<p><strong>  Obligation d&rsquo;information des travailleurs potentiels<\/strong><\/p>\n\n<ol class=\"wp-block-list\">\n<li>L&rsquo;administrateur des donn\u00e9es fournies et collect\u00e9es est Weegree sp. z o.o. S.K., dont le si\u00e8ge est situ\u00e9 \u00e0 Opole, ul. Krakowska 26, 45-018 Opole.<\/li>\n\n\n\n<li>Vous trouverez les coordonn\u00e9es du responsable du traitement des donn\u00e9es dans la section contact du site www.weegree.com. Le d\u00e9l\u00e9gu\u00e9 \u00e0 la protection des donn\u00e9es peut \u00eatre contact\u00e9 \u00e0 l&rsquo;adresse iod@weegree.com et via les coordonn\u00e9es figurant dans la section contact du site www.weegree.com.<\/li>\n\n\n\n<li>Les donn\u00e9es \u00e0 caract\u00e8re personnel sont trait\u00e9es dans le cadre de la proc\u00e9dure de recrutement. Les donn\u00e9es marqu\u00e9es comme obligatoires sont trait\u00e9es conform\u00e9ment aux dispositions du code du travail. Les autres donn\u00e9es que vous fournissez, y compris les coordonn\u00e9es, sont trait\u00e9es sur la base de votre consentement.<\/li>\n\n\n\n<li>Les donn\u00e9es \u00e0 caract\u00e8re personnel seront communiqu\u00e9es aux employeurs \u00e0 des fins d&#8217;emploi ou de recrutement ult\u00e9rieur, conform\u00e9ment \u00e0 la finalit\u00e9 du traitement. Les donn\u00e9es peuvent \u00eatre communiqu\u00e9es \u00e0 des sous-traitants uniquement dans le cadre des services fournis au responsable du traitement, notamment au service de recrutement, aux soci\u00e9t\u00e9s informatiques, aux services RH et financiers, ainsi qu&rsquo;aux autorit\u00e9s publiques.<\/li>\n\n\n\n<li>Les donn\u00e9es seront conserv\u00e9es pendant la dur\u00e9e du processus de recrutement. Si vous consentez volontairement \u00e0 participer \u00e0 des recrutements futurs, vos donn\u00e9es seront trait\u00e9es pendant une p\u00e9riode de deux ans ou jusqu&rsquo;\u00e0 ce que vous les retiriez.<\/li>\n\n\n\n<li>Vous avez le droit de demander au responsable du traitement l&rsquo;acc\u00e8s aux donn\u00e9es \u00e0 caract\u00e8re personnel vous concernant, leur rectification, leur effacement ou leur limitation, ainsi que le droit d&rsquo;opposition et le droit \u00e0 la portabilit\u00e9 des donn\u00e9es. Vous avez le droit de d\u00e9poser une plainte aupr\u00e8s d&rsquo;une autorit\u00e9 de contr\u00f4le.<\/li>\n\n\n\n<li>Si vous avez donn\u00e9 votre consentement, vous avez le droit de le retirer. Le retrait du consentement \u00e0 tout moment n&rsquo;affecte pas la l\u00e9galit\u00e9 du traitement effectu\u00e9 sur la base du consentement avant son retrait. Si vous retirez votre consentement \u00e0 participer aux processus de recrutement et de vente ult\u00e9rieurs, vos donn\u00e9es ne seront plus trait\u00e9es \u00e0 cette fin.<\/li>\n\n\n\n<li>La base du traitement est le consentement volontaire (article 6, paragraphe 1, point a), du RGPD) et les dispositions du code du travail.<\/li>\n<\/ol>\n\n<p><strong>Obligation d&rsquo;information des clients potentiels<\/strong><\/p>\n\n<ol class=\"wp-block-list\">\n<li>L&rsquo;administrateur des donn\u00e9es fournies et collect\u00e9es est Weegree sp. z o.o. S.K., dont le si\u00e8ge est situ\u00e9 \u00e0 Opole, ul. Krakowska 26, 45-018 Opole.<\/li>\n\n\n\n<li>Vous trouverez les coordonn\u00e9es du responsable du traitement des donn\u00e9es dans la section contact du site www.weegree.com. Le d\u00e9l\u00e9gu\u00e9 \u00e0 la protection des donn\u00e9es peut \u00eatre contact\u00e9 \u00e0 l&rsquo;adresse iod@weegree.com et via les coordonn\u00e9es figurant dans la section contact du site www.weegree.com.<\/li>\n\n\n\n<li>Les donn\u00e9es \u00e0 caract\u00e8re personnel sont trait\u00e9es dans le cadre de la proc\u00e9dure et des ventes.<\/li>\n\n\n\n<li>Les donn\u00e9es peuvent \u00eatre communiqu\u00e9es \u00e0 des sous-traitants uniquement dans le cadre des services fournis au responsable du traitement, notamment le service d&rsquo;application des ventes, les soci\u00e9t\u00e9s informatiques et le fournisseur d&rsquo;h\u00e9bergement.<\/li>\n\n\n\n<li>Les donn\u00e9es sont conserv\u00e9es pendant toute la dur\u00e9e du processus de vente.<\/li>\n\n\n\n<li>Vous avez le droit de demander au responsable du traitement l&rsquo;acc\u00e8s aux donn\u00e9es \u00e0 caract\u00e8re personnel vous concernant, leur rectification, leur effacement ou leur limitation, ainsi que le droit d&rsquo;opposition et le droit \u00e0 la portabilit\u00e9 des donn\u00e9es. Vous avez le droit de d\u00e9poser une plainte aupr\u00e8s d&rsquo;une autorit\u00e9 de contr\u00f4le.<\/li>\n\n\n\n<li>Si vous avez donn\u00e9 votre consentement, vous avez le droit de le retirer. Le retrait du consentement \u00e0 tout moment n&rsquo;affecte pas la l\u00e9galit\u00e9 du traitement effectu\u00e9 sur la base du consentement avant son retrait. Si vous retirez votre consentement \u00e0 participer aux processus de recrutement et de vente ult\u00e9rieurs, vos donn\u00e9es ne seront plus trait\u00e9es \u00e0 cette fin.<\/li>\n\n\n\n<li>La base du traitement est le consentement volontaire donn\u00e9 en nous contactant (article 6, paragraphe 1, point a), du RODO) ou notre acquisition d&rsquo;informations mises \u00e0 disposition volontairement, par exemple par le biais d&rsquo;annonces ou de propositions de coop\u00e9ration publi\u00e9es dans le domaine public (internet, presse), ce qui est justifi\u00e9 par les besoins sp\u00e9cifiques du responsable du traitement, en tant qu&rsquo;entit\u00e9 disposant d&rsquo;une base de donn\u00e9es d&rsquo;informations sur les entit\u00e9s int\u00e9ress\u00e9es par une coop\u00e9ration dans le domaine couvert par l&rsquo;annonce ou la proposition de coop\u00e9ration.<\/li>\n\n\n\n<li>Les donn\u00e9es personnelles des personnes de contact des entreprises ou des entit\u00e9s partenaires seront conserv\u00e9es jusqu&rsquo;\u00e0 ce qu&rsquo;elles soient consid\u00e9r\u00e9es comme obsol\u00e8tes ou jusqu&rsquo;\u00e0 ce qu&rsquo;une demande de suppression soit re\u00e7ue.<\/li>\n\n\n\n<li>Les donn\u00e9es personnelles seront trait\u00e9es :<br\/>a) aux fins de la cr\u00e9ation d&rsquo;entreprises communes et de l&rsquo;ex\u00e9cution de commandes ou d&rsquo;accords de coop\u00e9ration conclus ;.<br\/>(b) pour la commercialisation des services offerts par le responsable du traitement ou ses partenaires ;<br\/>c) rechercher des solutions de service optimales pour les entreprises sur la base d&rsquo;informations sur les activit\u00e9s des destinataires potentiels de la campagne ;<\/li>\n<\/ol>\n","protected":false},"excerpt":{"rendered":"<p>TRAITEMENT DES DONN\u00c9ES \u00c0 CARACT\u00c8RE PERSONNEL Obligation d&rsquo;information des travailleurs potentiels Obligation d&rsquo;information des clients potentiels<\/p>\n","protected":false},"author":1,"featured_media":0,"parent":0,"menu_order":0,"comment_status":"closed","ping_status":"closed","template":"","meta":{"_acf_changed":false,"footnotes":""},"class_list":["post-85061","page","type-page","status-publish","hentry"],"acf":[],"yoast_head":"<!-- This site is optimized with the Yoast SEO plugin v25.5 - https:\/\/yoast.com\/wordpress\/plugins\/seo\/ -->\n<title>Traitement des donn\u00e9es - Weegree<\/title>\n<meta name=\"robots\" content=\"index, follow, max-snippet:-1, max-image-preview:large, max-video-preview:-1\" \/>\n<link rel=\"canonical\" href=\"https:\/\/weegree.com\/fr\/traitement-des-donnees\/\" \/>\n<meta property=\"og:locale\" content=\"fr_FR\" \/>\n<meta property=\"og:type\" content=\"article\" \/>\n<meta property=\"og:title\" content=\"Traitement des donn\u00e9es - Weegree\" \/>\n<meta property=\"og:description\" content=\"TRAITEMENT DES DONN\u00c9ES \u00c0 CARACT\u00c8RE PERSONNEL Obligation d&rsquo;information des travailleurs potentiels Obligation d&rsquo;information des clients potentiels\" \/>\n<meta property=\"og:url\" content=\"https:\/\/weegree.com\/fr\/traitement-des-donnees\/\" \/>\n<meta property=\"og:site_name\" content=\"Weegree\" \/>\n<meta property=\"article:publisher\" content=\"http:\/\/www.facebook.com\/weegreeworld\" \/>\n<meta property=\"article:modified_time\" content=\"2024-06-11T09:08:20+00:00\" \/>\n<meta name=\"twitter:card\" content=\"summary_large_image\" \/>\n<meta name=\"twitter:label1\" content=\"Dur\u00e9e de lecture estim\u00e9e\" \/>\n\t<meta name=\"twitter:data1\" content=\"4 minutes\" \/>\n<script type=\"application\/ld+json\" class=\"yoast-schema-graph\">{\"@context\":\"https:\/\/schema.org\",\"@graph\":[{\"@type\":\"WebPage\",\"@id\":\"https:\/\/weegree.com\/fr\/traitement-des-donnees\/\",\"url\":\"https:\/\/weegree.com\/fr\/traitement-des-donnees\/\",\"name\":\"Traitement des donn\u00e9es - Weegree\",\"isPartOf\":{\"@id\":\"https:\/\/weegree.com\/fr\/#website\"},\"datePublished\":\"2024-06-03T12:28:29+00:00\",\"dateModified\":\"2024-06-11T09:08:20+00:00\",\"breadcrumb\":{\"@id\":\"https:\/\/weegree.com\/fr\/traitement-des-donnees\/#breadcrumb\"},\"inLanguage\":\"fr-FR\",\"potentialAction\":[{\"@type\":\"ReadAction\",\"target\":[\"https:\/\/weegree.com\/fr\/traitement-des-donnees\/\"]}]},{\"@type\":\"BreadcrumbList\",\"@id\":\"https:\/\/weegree.com\/fr\/traitement-des-donnees\/#breadcrumb\",\"itemListElement\":[{\"@type\":\"ListItem\",\"position\":1,\"name\":\"Strona g\u0142\u00f3wna\",\"item\":\"https:\/\/weegree.com\/fr\/\"},{\"@type\":\"ListItem\",\"position\":2,\"name\":\"Traitement des donn\u00e9es\"}]},{\"@type\":\"WebSite\",\"@id\":\"https:\/\/weegree.com\/fr\/#website\",\"url\":\"https:\/\/weegree.com\/fr\/\",\"name\":\"Weegree\",\"description\":\"dostarczanie specjalist\u00f3w to nasza specjalno\u015b\u0107\",\"publisher\":{\"@id\":\"https:\/\/weegree.com\/fr\/#organization\"},\"potentialAction\":[{\"@type\":\"SearchAction\",\"target\":{\"@type\":\"EntryPoint\",\"urlTemplate\":\"https:\/\/weegree.com\/fr\/?s={search_term_string}\"},\"query-input\":{\"@type\":\"PropertyValueSpecification\",\"valueRequired\":true,\"valueName\":\"search_term_string\"}}],\"inLanguage\":\"fr-FR\"},{\"@type\":\"Organization\",\"@id\":\"https:\/\/weegree.com\/fr\/#organization\",\"name\":\"Weegree\",\"url\":\"https:\/\/weegree.com\/fr\/\",\"logo\":{\"@type\":\"ImageObject\",\"inLanguage\":\"fr-FR\",\"@id\":\"https:\/\/weegree.com\/fr\/#\/schema\/logo\/image\/\",\"url\":\"https:\/\/weegree.com\/wp-content\/uploads\/2024\/06\/weegree-logo.svg\",\"contentUrl\":\"https:\/\/weegree.com\/wp-content\/uploads\/2024\/06\/weegree-logo.svg\",\"width\":94,\"height\":36,\"caption\":\"Weegree\"},\"image\":{\"@id\":\"https:\/\/weegree.com\/fr\/#\/schema\/logo\/image\/\"},\"sameAs\":[\"http:\/\/www.facebook.com\/weegreeworld\",\"http:\/\/www.linkedin.com\/company\/2972953\"]}]}<\/script>\n<!-- \/ Yoast SEO plugin. -->","yoast_head_json":{"title":"Traitement des donn\u00e9es - Weegree","robots":{"index":"index","follow":"follow","max-snippet":"max-snippet:-1","max-image-preview":"max-image-preview:large","max-video-preview":"max-video-preview:-1"},"canonical":"https:\/\/weegree.com\/fr\/traitement-des-donnees\/","og_locale":"fr_FR","og_type":"article","og_title":"Traitement des donn\u00e9es - Weegree","og_description":"TRAITEMENT DES DONN\u00c9ES \u00c0 CARACT\u00c8RE PERSONNEL Obligation d&rsquo;information des travailleurs potentiels Obligation d&rsquo;information des clients potentiels","og_url":"https:\/\/weegree.com\/fr\/traitement-des-donnees\/","og_site_name":"Weegree","article_publisher":"http:\/\/www.facebook.com\/weegreeworld","article_modified_time":"2024-06-11T09:08:20+00:00","twitter_card":"summary_large_image","twitter_misc":{"Dur\u00e9e de lecture estim\u00e9e":"4 minutes"},"schema":{"@context":"https:\/\/schema.org","@graph":[{"@type":"WebPage","@id":"https:\/\/weegree.com\/fr\/traitement-des-donnees\/","url":"https:\/\/weegree.com\/fr\/traitement-des-donnees\/","name":"Traitement des donn\u00e9es - Weegree","isPartOf":{"@id":"https:\/\/weegree.com\/fr\/#website"},"datePublished":"2024-06-03T12:28:29+00:00","dateModified":"2024-06-11T09:08:20+00:00","breadcrumb":{"@id":"https:\/\/weegree.com\/fr\/traitement-des-donnees\/#breadcrumb"},"inLanguage":"fr-FR","potentialAction":[{"@type":"ReadAction","target":["https:\/\/weegree.com\/fr\/traitement-des-donnees\/"]}]},{"@type":"BreadcrumbList","@id":"https:\/\/weegree.com\/fr\/traitement-des-donnees\/#breadcrumb","itemListElement":[{"@type":"ListItem","position":1,"name":"Strona g\u0142\u00f3wna","item":"https:\/\/weegree.com\/fr\/"},{"@type":"ListItem","position":2,"name":"Traitement des donn\u00e9es"}]},{"@type":"WebSite","@id":"https:\/\/weegree.com\/fr\/#website","url":"https:\/\/weegree.com\/fr\/","name":"Weegree","description":"dostarczanie specjalist\u00f3w to nasza specjalno\u015b\u0107","publisher":{"@id":"https:\/\/weegree.com\/fr\/#organization"},"potentialAction":[{"@type":"SearchAction","target":{"@type":"EntryPoint","urlTemplate":"https:\/\/weegree.com\/fr\/?s={search_term_string}"},"query-input":{"@type":"PropertyValueSpecification","valueRequired":true,"valueName":"search_term_string"}}],"inLanguage":"fr-FR"},{"@type":"Organization","@id":"https:\/\/weegree.com\/fr\/#organization","name":"Weegree","url":"https:\/\/weegree.com\/fr\/","logo":{"@type":"ImageObject","inLanguage":"fr-FR","@id":"https:\/\/weegree.com\/fr\/#\/schema\/logo\/image\/","url":"https:\/\/weegree.com\/wp-content\/uploads\/2024\/06\/weegree-logo.svg","contentUrl":"https:\/\/weegree.com\/wp-content\/uploads\/2024\/06\/weegree-logo.svg","width":94,"height":36,"caption":"Weegree"},"image":{"@id":"https:\/\/weegree.com\/fr\/#\/schema\/logo\/image\/"},"sameAs":["http:\/\/www.facebook.com\/weegreeworld","http:\/\/www.linkedin.com\/company\/2972953"]}]}},"_links":{"self":[{"href":"https:\/\/weegree.com\/fr\/wp-json\/wp\/v2\/pages\/85061","targetHints":{"allow":["GET"]}}],"collection":[{"href":"https:\/\/weegree.com\/fr\/wp-json\/wp\/v2\/pages"}],"about":[{"href":"https:\/\/weegree.com\/fr\/wp-json\/wp\/v2\/types\/page"}],"author":[{"embeddable":true,"href":"https:\/\/weegree.com\/fr\/wp-json\/wp\/v2\/users\/1"}],"replies":[{"embeddable":true,"href":"https:\/\/weegree.com\/fr\/wp-json\/wp\/v2\/comments?post=85061"}],"version-history":[{"count":2,"href":"https:\/\/weegree.com\/fr\/wp-json\/wp\/v2\/pages\/85061\/revisions"}],"predecessor-version":[{"id":85838,"href":"https:\/\/weegree.com\/fr\/wp-json\/wp\/v2\/pages\/85061\/revisions\/85838"}],"wp:attachment":[{"href":"https:\/\/weegree.com\/fr\/wp-json\/wp\/v2\/media?parent=85061"}],"curies":[{"name":"wp","href":"https:\/\/api.w.org\/{rel}","templated":true}]}}