{"id":85063,"date":"2024-06-03T11:38:04","date_gmt":"2024-06-03T11:38:04","guid":{"rendered":"https:\/\/weegree.com\/projets-de-lue\/"},"modified":"2024-06-11T09:08:20","modified_gmt":"2024-06-11T09:08:20","slug":"projets-de-lue","status":"publish","type":"page","link":"https:\/\/weegree.com\/fr\/projets-de-lue\/","title":{"rendered":"Projets de l&rsquo;UE"},"content":{"rendered":"\n<figure class=\"wp-block-gallery has-nested-images columns-default is-cropped wp-block-gallery-1 is-layout-flex wp-block-gallery-is-layout-flex\">\n<figure class=\"wp-block-image size-large\"><img decoding=\"async\" width=\"1024\" height=\"135\" data-id=\"85036\" src=\"http:\/\/weegree.com\/wp-content\/uploads\/2024\/06\/weegree-projekty-unijne-1024x135.jpg\" alt=\"\" class=\"wp-image-85036\" srcset=\"https:\/\/weegree.com\/wp-content\/uploads\/2024\/06\/weegree-projekty-unijne-1024x135.jpg 1024w, https:\/\/weegree.com\/wp-content\/uploads\/2024\/06\/weegree-projekty-unijne-300x40.jpg 300w, https:\/\/weegree.com\/wp-content\/uploads\/2024\/06\/weegree-projekty-unijne-768x101.jpg 768w, https:\/\/weegree.com\/wp-content\/uploads\/2024\/06\/weegree-projekty-unijne.jpg 1385w\" sizes=\"(max-width: 1024px) 100vw, 1024px\" \/><\/figure><\/figure>\n\n<div style=\"height:50px\" aria-hidden=\"true\" class=\"wp-block-spacer\"><\/div>\n\n<h4 class=\"wp-block-heading\"><strong>1) Weegree sp. z o.o. S.k. met en \u0153uvre le projet \u00ab\u00a0D\u00e9veloppement des technologies de l&rsquo;information et de la communication chez WEEGREE SP\u00d3\u0141KA Z OGRANICZON\u0104 ODPOWIEDZIALNO\u015aCI\u0104 SP\u00d3\u0141KA KOMANDYTOWA, dont le si\u00e8ge social se trouve \u00e0 Opole\u00a0\u00bb.<\/strong><\/h4>\n\n<p>Cofinanc\u00e9 par l&rsquo;Union europ\u00e9enne au titre du Fonds europ\u00e9en de d\u00e9veloppement r\u00e9gional dans le cadre du programme op\u00e9rationnel r\u00e9gional de la vo\u00efvodie d&rsquo;Opole 2014-2020 ; axe prioritaire 02 \u00c9conomie comp\u00e9titive, mesure 2.1 Nouveaux produits et services dans les PME.<\/p>\n\n<p>L&rsquo;objectif et l&rsquo;effet du projet sont d&rsquo;optimiser et d&rsquo;automatiser les processus d&rsquo;affaires des soci\u00e9t\u00e9s li\u00e9es au sein du groupe de capitaux gr\u00e2ce \u00e0 la mise en \u0153uvre d&rsquo;un syst\u00e8me informatique int\u00e9gr\u00e9, ECM+ERP, qui facilite la gestion des documents, des processus d&rsquo;affaires et des ressources de l&rsquo;entit\u00e9 \u00e9conomique multi-entit\u00e9s, ainsi qu&rsquo;une application pour l&rsquo;\u00e9change de donn\u00e9es avec les clients dans le domaine de la d\u00e9l\u00e9gation des employ\u00e9s et de la signature biom\u00e9trique manuscrite des documents.<\/p>\n\n<p>Montant du financement : 385 461,56<\/p>\n\n<p>Valeur du projet : 948 425,13<\/p>\n\n<p><\/p>\n\n<p><strong>1. DEMANDE DE RENSEIGNEMENTS N\u00b0 1\/RPO.02.01.02-16-0071\/16<\/strong><\/p>\n\n<ul class=\"wp-block-list\">\n<li><a href=\"https:\/\/weegree.com\/wp-content\/uploads\/2019\/05\/0.ZO_nr_1.pdf\">DOCUMENTS \u00c0 T\u00c9L\u00c9CHARGER<\/a><\/li>\n\n\n\n<li><a href=\"https:\/\/weegree.com\/wp-content\/uploads\/2019\/07\/decyzja_wyboru_wykonawcy.pdf\">D\u00c9CISION SUR LA S\u00c9LECTION DU CONTRACTANT<\/a><\/li>\n\n\n\n<li><a href=\"https:\/\/weegree.com\/wp-content\/uploads\/2019\/07\/PYTANIA-I-ODPOWIEDZI-1RPO.02.01.02-16-007116.pdf\">QUESTIONS ET R\u00c9PONSES<\/a><\/li>\n<\/ul>\n\n<p><\/p>\n\n<div style=\"height:50px\" aria-hidden=\"true\" class=\"wp-block-spacer\"><\/div>\n\n<h4 class=\"wp-block-heading\"><strong>2) \u00ab\u00a0Recherche et d\u00e9veloppement industriels chez Weegree Sp. z o.o. Sp. K. sur un syst\u00e8me d&rsquo;intelligence hybride pour soutenir les sp\u00e9cialisations intelligentes de la vo\u00efvodie d&rsquo;Opole\u00a0\u00bb.<\/strong><\/h4>\n\n<p><strong>WEEGREE sp\u00f3\u0142ka z ograniczon\u0105 odpowiedzialno\u015bci\u0105 sp.k. r\u00e9alise le projet \u00ab\u00a0Recherche et d\u00e9veloppement pr\u00e9-sensoriels \u00e0 Weegree Sp. z o.o. Sp. K. sur un syst\u00e8me d&rsquo;intelligence hybride soutenant les sp\u00e9cialisations intelligentes de la vo\u00efvodie d&rsquo;Opole\u00a0\u00bb.<\/strong><\/p>\n\n<p>L&rsquo;objectif et l&rsquo;effet du projet sont d&rsquo;augmenter l&rsquo;activit\u00e9 de R&amp;D de Weegree en r\u00e9alisant des travaux de recherche et de d\u00e9veloppement industriels qui conduiront au d\u00e9veloppement d&rsquo;un syst\u00e8me d&rsquo;intelligence hybride, qui est un outil TIC d\u00e9di\u00e9 aux applications industrielles avec un accent particulier sur la sp\u00e9cialisation intelligente de la vo\u00efvodie d&rsquo;Opole.<\/p>\n\n<p>Projet cofinanc\u00e9 par l&rsquo;Union europ\u00e9enne au titre du Fonds europ\u00e9en de d\u00e9veloppement r\u00e9gional dans le cadre du programme op\u00e9rationnel r\u00e9gional de la vo\u00efvodie d&rsquo;Opole 2014-2020 ; axe prioritaire 01 Innovation dans l&rsquo;\u00e9conomie, mesure 1.1 Innovation dans les entreprises.<\/p>\n\n<p><strong>Valeur totale 3 414 936,87<\/strong><\/p>\n\n<p><strong>D\u00e9penses \u00e9ligibles<\/strong> 3 198 994,27<\/p>\n\n<p><strong>Financement<\/strong> 2 033 139,87<\/p>\n\n<p><strong>1. DEMANDE DE RENSEIGNEMENTS N\u00b0 1\/RPO.01.01.00-16-0072\/16<\/strong><\/p>\n\n<ul class=\"wp-block-list\">\n<li><a href=\"https:\/\/weegree.com\/zapytanie-ofertowe-nr-1rpo-01-01-00-16-007216\/\">DOCUMENTS \u00c0 T\u00c9L\u00c9CHARGER<\/a><\/li>\n<\/ul>\n\n<p><strong>DEMANDE DE RENSEIGNEMENTS N\u00b0 2\/RPO.01.01.00-16-0072\/16<\/strong><\/p>\n\n<ul class=\"wp-block-list\">\n<li><a href=\"https:\/\/weegree.com\/zapytanie-ofertowe-nr-2rpo-01-01-00-16-007216\/\">DOCUMENTS \u00c0 T\u00c9L\u00c9CHARGER<\/a><\/li>\n<\/ul>\n\n<p><strong>DEMANDE DE RENSEIGNEMENTS N\u00b0 3\/RPO.01.01.00-16-0072\/16<\/strong><\/p>\n\n<ul class=\"wp-block-list\">\n<li><a href=\"https:\/\/weegree.com\/zapytanie-ofertowe-nr-3rpo-01-01-00-16-007216\/\">DOCUMENTS \u00c0 T\u00c9L\u00c9CHARGER<\/a><\/li>\n<\/ul>\n\n<p><strong>DEMANDE DE RENSEIGNEMENTS N\u00b0 4\/RPO.01.01.00-16-0072\/16<\/strong><\/p>\n\n<ul class=\"wp-block-list\">\n<li><a href=\"https:\/\/weegree.com\/zapytanie-ofertowe-nr-4rpo-01-01-00-16-007216\/\">DOCUMENTS \u00c0 T\u00c9L\u00c9CHARGER<\/a><\/li>\n<\/ul>\n\n<div style=\"height:50px\" aria-hidden=\"true\" class=\"wp-block-spacer\"><\/div>\n\n<h4 class=\"wp-block-heading\"><strong>3. recherche et d\u00e9veloppement industriels chez Weegree Sp. z o.o. Sp. K. sur un syst\u00e8me de maisons intelligentes modulaires mobiles \u00e0 faible consommation d&rsquo;\u00e9nergie.<\/strong><\/h4>\n\n<p><strong>WEEGREE sp\u00f3\u0142ka z ograniczon\u0105 odpowiedzialno\u015bci\u0105 sp.k. met en \u0153uvre le projet \u00a0\u00bb  <\/strong>Recherche et d\u00e9veloppement industriels chez Weegree Sp. z o.o. Sp. K. sur un syst\u00e8me de maisons intelligentes modulaires mobiles \u00e0 faible consommation d&rsquo;\u00e9nergie.<\/p>\n\n<p>L&rsquo;objectif et l&rsquo;effet principal du projet sont d&rsquo;accro\u00eetre l&rsquo;activit\u00e9 de R&amp;D de Weegree Sp. z o.o. Sp. k. en r\u00e9alisant des travaux de recherche et de d\u00e9veloppement industriels qui aboutiront au d\u00e9veloppement d&rsquo;une technologie pour la construction d&rsquo;une unit\u00e9 de logement mobile pour la vie en communaut\u00e9 avec des syst\u00e8mes innovants : pr\u00e9fabrication et r\u00e9colte d&rsquo;\u00e9nergie solaire. En cr\u00e9ant une technologie unique au monde, la mise en \u0153uvre du projet se traduit par une augmentation de l&rsquo;innovation pour l&rsquo;entreprise du demandeur, l&rsquo;ensemble du secteur de la construction et l&rsquo;\u00e9conomie du pays.<\/p>\n\n<p>Le r\u00e9sultat de la campagne de recherche sera le d\u00e9veloppement des principes technologiques des solutions propos\u00e9es, la construction de diff\u00e9rentes variantes du prototype d&rsquo;unit\u00e9 d&rsquo;habitation mobile et son test en conditions r\u00e9elles afin de s\u00e9lectionner la solution optimale r\u00e9pondant le mieux aux hypoth\u00e8ses de recherche.<\/p>\n\n<p>Projet cofinanc\u00e9 par l&rsquo;Union europ\u00e9enne au titre du Fonds europ\u00e9en de d\u00e9veloppement r\u00e9gional dans le cadre du programme op\u00e9rationnel r\u00e9gional de la vo\u00efvodie d&rsquo;Opole 2014-2020 ; axe prioritaire 01 Innovation dans l&rsquo;\u00e9conomie, mesure 1.1 Innovation dans les entreprises.<\/p>\n\n<p>Montant du financement 2 544 625,00<\/p>\n\n<p>Valeur du projet 4 028 470,00<\/p>\n","protected":false},"excerpt":{"rendered":"<p>1) Weegree sp. z o.o. S.k. met en \u0153uvre le projet \u00ab\u00a0D\u00e9veloppement des technologies de l&rsquo;information et de la communication chez WEEGREE SP\u00d3\u0141KA Z OGRANICZON\u0104 ODPOWIEDZIALNO\u015aCI\u0104 SP\u00d3\u0141KA KOMANDYTOWA, dont le si\u00e8ge social se trouve \u00e0 Opole\u00a0\u00bb. Cofinanc\u00e9 par l&rsquo;Union europ\u00e9enne au titre du Fonds europ\u00e9en de d\u00e9veloppement r\u00e9gional dans le cadre du programme op\u00e9rationnel r\u00e9gional [&hellip;]<\/p>\n","protected":false},"author":1,"featured_media":0,"parent":0,"menu_order":0,"comment_status":"closed","ping_status":"closed","template":"","meta":{"_acf_changed":false,"footnotes":""},"class_list":["post-85063","page","type-page","status-publish","hentry"],"acf":[],"yoast_head":"<!-- This site is optimized with the Yoast SEO plugin v25.5 - https:\/\/yoast.com\/wordpress\/plugins\/seo\/ -->\n<title>Projets de l&#039;UE - Weegree<\/title>\n<meta name=\"robots\" content=\"index, follow, max-snippet:-1, max-image-preview:large, max-video-preview:-1\" \/>\n<link rel=\"canonical\" href=\"https:\/\/weegree.com\/fr\/projets-de-lue\/\" \/>\n<meta property=\"og:locale\" content=\"fr_FR\" \/>\n<meta property=\"og:type\" content=\"article\" \/>\n<meta property=\"og:title\" content=\"Projets de l&#039;UE - Weegree\" \/>\n<meta property=\"og:description\" content=\"1) Weegree sp. z o.o. S.k. met en \u0153uvre le projet \u00ab\u00a0D\u00e9veloppement des technologies de l&rsquo;information et de la communication chez WEEGREE SP\u00d3\u0141KA Z OGRANICZON\u0104 ODPOWIEDZIALNO\u015aCI\u0104 SP\u00d3\u0141KA KOMANDYTOWA, dont le si\u00e8ge social se trouve \u00e0 Opole\u00a0\u00bb. Cofinanc\u00e9 par l&rsquo;Union europ\u00e9enne au titre du Fonds europ\u00e9en de d\u00e9veloppement r\u00e9gional dans le cadre du programme op\u00e9rationnel r\u00e9gional [&hellip;]\" \/>\n<meta property=\"og:url\" content=\"https:\/\/weegree.com\/fr\/projets-de-lue\/\" \/>\n<meta property=\"og:site_name\" content=\"Weegree\" \/>\n<meta property=\"article:publisher\" content=\"http:\/\/www.facebook.com\/weegreeworld\" \/>\n<meta property=\"article:modified_time\" content=\"2024-06-11T09:08:20+00:00\" \/>\n<meta property=\"og:image\" content=\"http:\/\/weegree.com\/wp-content\/uploads\/2024\/06\/weegree-projekty-unijne-1024x135.jpg\" \/>\n<meta name=\"twitter:card\" content=\"summary_large_image\" \/>\n<meta name=\"twitter:label1\" content=\"Dur\u00e9e de lecture estim\u00e9e\" \/>\n\t<meta name=\"twitter:data1\" content=\"3 minutes\" \/>\n<script type=\"application\/ld+json\" class=\"yoast-schema-graph\">{\"@context\":\"https:\/\/schema.org\",\"@graph\":[{\"@type\":\"WebPage\",\"@id\":\"https:\/\/weegree.com\/fr\/projets-de-lue\/\",\"url\":\"https:\/\/weegree.com\/fr\/projets-de-lue\/\",\"name\":\"Projets de l'UE - Weegree\",\"isPartOf\":{\"@id\":\"https:\/\/weegree.com\/fr\/#website\"},\"primaryImageOfPage\":{\"@id\":\"https:\/\/weegree.com\/fr\/projets-de-lue\/#primaryimage\"},\"image\":{\"@id\":\"https:\/\/weegree.com\/fr\/projets-de-lue\/#primaryimage\"},\"thumbnailUrl\":\"http:\/\/weegree.com\/wp-content\/uploads\/2024\/06\/weegree-projekty-unijne-1024x135.jpg\",\"datePublished\":\"2024-06-03T11:38:04+00:00\",\"dateModified\":\"2024-06-11T09:08:20+00:00\",\"breadcrumb\":{\"@id\":\"https:\/\/weegree.com\/fr\/projets-de-lue\/#breadcrumb\"},\"inLanguage\":\"fr-FR\",\"potentialAction\":[{\"@type\":\"ReadAction\",\"target\":[\"https:\/\/weegree.com\/fr\/projets-de-lue\/\"]}]},{\"@type\":\"ImageObject\",\"inLanguage\":\"fr-FR\",\"@id\":\"https:\/\/weegree.com\/fr\/projets-de-lue\/#primaryimage\",\"url\":\"http:\/\/weegree.com\/wp-content\/uploads\/2024\/06\/weegree-projekty-unijne-1024x135.jpg\",\"contentUrl\":\"http:\/\/weegree.com\/wp-content\/uploads\/2024\/06\/weegree-projekty-unijne-1024x135.jpg\"},{\"@type\":\"BreadcrumbList\",\"@id\":\"https:\/\/weegree.com\/fr\/projets-de-lue\/#breadcrumb\",\"itemListElement\":[{\"@type\":\"ListItem\",\"position\":1,\"name\":\"Strona g\u0142\u00f3wna\",\"item\":\"https:\/\/weegree.com\/fr\/\"},{\"@type\":\"ListItem\",\"position\":2,\"name\":\"Projets de l&rsquo;UE\"}]},{\"@type\":\"WebSite\",\"@id\":\"https:\/\/weegree.com\/fr\/#website\",\"url\":\"https:\/\/weegree.com\/fr\/\",\"name\":\"Weegree\",\"description\":\"dostarczanie specjalist\u00f3w to nasza specjalno\u015b\u0107\",\"publisher\":{\"@id\":\"https:\/\/weegree.com\/fr\/#organization\"},\"potentialAction\":[{\"@type\":\"SearchAction\",\"target\":{\"@type\":\"EntryPoint\",\"urlTemplate\":\"https:\/\/weegree.com\/fr\/?s={search_term_string}\"},\"query-input\":{\"@type\":\"PropertyValueSpecification\",\"valueRequired\":true,\"valueName\":\"search_term_string\"}}],\"inLanguage\":\"fr-FR\"},{\"@type\":\"Organization\",\"@id\":\"https:\/\/weegree.com\/fr\/#organization\",\"name\":\"Weegree\",\"url\":\"https:\/\/weegree.com\/fr\/\",\"logo\":{\"@type\":\"ImageObject\",\"inLanguage\":\"fr-FR\",\"@id\":\"https:\/\/weegree.com\/fr\/#\/schema\/logo\/image\/\",\"url\":\"https:\/\/weegree.com\/wp-content\/uploads\/2024\/06\/weegree-logo.svg\",\"contentUrl\":\"https:\/\/weegree.com\/wp-content\/uploads\/2024\/06\/weegree-logo.svg\",\"width\":94,\"height\":36,\"caption\":\"Weegree\"},\"image\":{\"@id\":\"https:\/\/weegree.com\/fr\/#\/schema\/logo\/image\/\"},\"sameAs\":[\"http:\/\/www.facebook.com\/weegreeworld\",\"http:\/\/www.linkedin.com\/company\/2972953\"]}]}<\/script>\n<!-- \/ Yoast SEO plugin. -->","yoast_head_json":{"title":"Projets de l'UE - Weegree","robots":{"index":"index","follow":"follow","max-snippet":"max-snippet:-1","max-image-preview":"max-image-preview:large","max-video-preview":"max-video-preview:-1"},"canonical":"https:\/\/weegree.com\/fr\/projets-de-lue\/","og_locale":"fr_FR","og_type":"article","og_title":"Projets de l'UE - Weegree","og_description":"1) Weegree sp. z o.o. S.k. met en \u0153uvre le projet \u00ab\u00a0D\u00e9veloppement des technologies de l&rsquo;information et de la communication chez WEEGREE SP\u00d3\u0141KA Z OGRANICZON\u0104 ODPOWIEDZIALNO\u015aCI\u0104 SP\u00d3\u0141KA KOMANDYTOWA, dont le si\u00e8ge social se trouve \u00e0 Opole\u00a0\u00bb. Cofinanc\u00e9 par l&rsquo;Union europ\u00e9enne au titre du Fonds europ\u00e9en de d\u00e9veloppement r\u00e9gional dans le cadre du programme op\u00e9rationnel r\u00e9gional [&hellip;]","og_url":"https:\/\/weegree.com\/fr\/projets-de-lue\/","og_site_name":"Weegree","article_publisher":"http:\/\/www.facebook.com\/weegreeworld","article_modified_time":"2024-06-11T09:08:20+00:00","og_image":[{"url":"http:\/\/weegree.com\/wp-content\/uploads\/2024\/06\/weegree-projekty-unijne-1024x135.jpg","type":"","width":"","height":""}],"twitter_card":"summary_large_image","twitter_misc":{"Dur\u00e9e de lecture estim\u00e9e":"3 minutes"},"schema":{"@context":"https:\/\/schema.org","@graph":[{"@type":"WebPage","@id":"https:\/\/weegree.com\/fr\/projets-de-lue\/","url":"https:\/\/weegree.com\/fr\/projets-de-lue\/","name":"Projets de l'UE - Weegree","isPartOf":{"@id":"https:\/\/weegree.com\/fr\/#website"},"primaryImageOfPage":{"@id":"https:\/\/weegree.com\/fr\/projets-de-lue\/#primaryimage"},"image":{"@id":"https:\/\/weegree.com\/fr\/projets-de-lue\/#primaryimage"},"thumbnailUrl":"http:\/\/weegree.com\/wp-content\/uploads\/2024\/06\/weegree-projekty-unijne-1024x135.jpg","datePublished":"2024-06-03T11:38:04+00:00","dateModified":"2024-06-11T09:08:20+00:00","breadcrumb":{"@id":"https:\/\/weegree.com\/fr\/projets-de-lue\/#breadcrumb"},"inLanguage":"fr-FR","potentialAction":[{"@type":"ReadAction","target":["https:\/\/weegree.com\/fr\/projets-de-lue\/"]}]},{"@type":"ImageObject","inLanguage":"fr-FR","@id":"https:\/\/weegree.com\/fr\/projets-de-lue\/#primaryimage","url":"http:\/\/weegree.com\/wp-content\/uploads\/2024\/06\/weegree-projekty-unijne-1024x135.jpg","contentUrl":"http:\/\/weegree.com\/wp-content\/uploads\/2024\/06\/weegree-projekty-unijne-1024x135.jpg"},{"@type":"BreadcrumbList","@id":"https:\/\/weegree.com\/fr\/projets-de-lue\/#breadcrumb","itemListElement":[{"@type":"ListItem","position":1,"name":"Strona g\u0142\u00f3wna","item":"https:\/\/weegree.com\/fr\/"},{"@type":"ListItem","position":2,"name":"Projets de l&rsquo;UE"}]},{"@type":"WebSite","@id":"https:\/\/weegree.com\/fr\/#website","url":"https:\/\/weegree.com\/fr\/","name":"Weegree","description":"dostarczanie specjalist\u00f3w to nasza specjalno\u015b\u0107","publisher":{"@id":"https:\/\/weegree.com\/fr\/#organization"},"potentialAction":[{"@type":"SearchAction","target":{"@type":"EntryPoint","urlTemplate":"https:\/\/weegree.com\/fr\/?s={search_term_string}"},"query-input":{"@type":"PropertyValueSpecification","valueRequired":true,"valueName":"search_term_string"}}],"inLanguage":"fr-FR"},{"@type":"Organization","@id":"https:\/\/weegree.com\/fr\/#organization","name":"Weegree","url":"https:\/\/weegree.com\/fr\/","logo":{"@type":"ImageObject","inLanguage":"fr-FR","@id":"https:\/\/weegree.com\/fr\/#\/schema\/logo\/image\/","url":"https:\/\/weegree.com\/wp-content\/uploads\/2024\/06\/weegree-logo.svg","contentUrl":"https:\/\/weegree.com\/wp-content\/uploads\/2024\/06\/weegree-logo.svg","width":94,"height":36,"caption":"Weegree"},"image":{"@id":"https:\/\/weegree.com\/fr\/#\/schema\/logo\/image\/"},"sameAs":["http:\/\/www.facebook.com\/weegreeworld","http:\/\/www.linkedin.com\/company\/2972953"]}]}},"_links":{"self":[{"href":"https:\/\/weegree.com\/fr\/wp-json\/wp\/v2\/pages\/85063","targetHints":{"allow":["GET"]}}],"collection":[{"href":"https:\/\/weegree.com\/fr\/wp-json\/wp\/v2\/pages"}],"about":[{"href":"https:\/\/weegree.com\/fr\/wp-json\/wp\/v2\/types\/page"}],"author":[{"embeddable":true,"href":"https:\/\/weegree.com\/fr\/wp-json\/wp\/v2\/users\/1"}],"replies":[{"embeddable":true,"href":"https:\/\/weegree.com\/fr\/wp-json\/wp\/v2\/comments?post=85063"}],"version-history":[{"count":2,"href":"https:\/\/weegree.com\/fr\/wp-json\/wp\/v2\/pages\/85063\/revisions"}],"predecessor-version":[{"id":85823,"href":"https:\/\/weegree.com\/fr\/wp-json\/wp\/v2\/pages\/85063\/revisions\/85823"}],"wp:attachment":[{"href":"https:\/\/weegree.com\/fr\/wp-json\/wp\/v2\/media?parent=85063"}],"curies":[{"name":"wp","href":"https:\/\/api.w.org\/{rel}","templated":true}]}}