{"id":18198,"date":"2024-03-25T12:51:30","date_gmt":"2024-03-25T12:51:30","guid":{"rendered":"https:\/\/weegree.com\/kontakt\/"},"modified":"2024-08-07T13:19:07","modified_gmt":"2024-08-07T13:19:07","slug":"kontakt","status":"publish","type":"page","link":"https:\/\/weegree.com\/nl\/kontakt\/","title":{"rendered":"Neem contact op met"},"content":{"rendered":"","protected":false},"excerpt":{"rendered":"","protected":false},"author":1,"featured_media":0,"parent":0,"menu_order":0,"comment_status":"closed","ping_status":"closed","template":"page-templates\/contact-us.php","meta":{"_acf_changed":false,"footnotes":""},"class_list":["post-18198","page","type-page","status-publish","hentry"],"acf":[],"yoast_head":"<!-- This site is optimized with the Yoast SEO plugin v25.5 - https:\/\/yoast.com\/wordpress\/plugins\/seo\/ -->\n<title>Neem contact op met - Weegree<\/title>\n<meta name=\"robots\" content=\"index, follow, max-snippet:-1, max-image-preview:large, max-video-preview:-1\" \/>\n<link rel=\"canonical\" href=\"https:\/\/weegree.com\/nl\/kontakt\/\" \/>\n<meta property=\"og:locale\" content=\"nl_NL\" \/>\n<meta property=\"og:type\" content=\"article\" \/>\n<meta property=\"og:title\" content=\"Neem contact op met - Weegree\" \/>\n<meta property=\"og:url\" content=\"https:\/\/weegree.com\/nl\/kontakt\/\" \/>\n<meta property=\"og:site_name\" content=\"Weegree\" \/>\n<meta property=\"article:publisher\" content=\"http:\/\/www.facebook.com\/weegreeworld\" \/>\n<meta property=\"article:modified_time\" content=\"2024-08-07T13:19:07+00:00\" \/>\n<meta name=\"twitter:card\" content=\"summary_large_image\" \/>\n<script type=\"application\/ld+json\" class=\"yoast-schema-graph\">{\"@context\":\"https:\/\/schema.org\",\"@graph\":[{\"@type\":\"WebPage\",\"@id\":\"https:\/\/weegree.com\/nl\/kontakt\/\",\"url\":\"https:\/\/weegree.com\/nl\/kontakt\/\",\"name\":\"Neem contact op met - Weegree\",\"isPartOf\":{\"@id\":\"https:\/\/weegree.com\/fr\/#website\"},\"datePublished\":\"2024-03-25T12:51:30+00:00\",\"dateModified\":\"2024-08-07T13:19:07+00:00\",\"breadcrumb\":{\"@id\":\"https:\/\/weegree.com\/nl\/kontakt\/#breadcrumb\"},\"inLanguage\":\"nl-NL\",\"potentialAction\":[{\"@type\":\"ReadAction\",\"target\":[\"https:\/\/weegree.com\/nl\/kontakt\/\"]}]},{\"@type\":\"BreadcrumbList\",\"@id\":\"https:\/\/weegree.com\/nl\/kontakt\/#breadcrumb\",\"itemListElement\":[{\"@type\":\"ListItem\",\"position\":1,\"name\":\"Strona g\u0142\u00f3wna\",\"item\":\"https:\/\/weegree.com\/nl\/\"},{\"@type\":\"ListItem\",\"position\":2,\"name\":\"Neem contact op met\"}]},{\"@type\":\"WebSite\",\"@id\":\"https:\/\/weegree.com\/fr\/#website\",\"url\":\"https:\/\/weegree.com\/fr\/\",\"name\":\"Weegree\",\"description\":\"dostarczanie specjalist\u00f3w to nasza specjalno\u015b\u0107\",\"publisher\":{\"@id\":\"https:\/\/weegree.com\/fr\/#organization\"},\"potentialAction\":[{\"@type\":\"SearchAction\",\"target\":{\"@type\":\"EntryPoint\",\"urlTemplate\":\"https:\/\/weegree.com\/fr\/?s={search_term_string}\"},\"query-input\":{\"@type\":\"PropertyValueSpecification\",\"valueRequired\":true,\"valueName\":\"search_term_string\"}}],\"inLanguage\":\"nl-NL\"},{\"@type\":\"Organization\",\"@id\":\"https:\/\/weegree.com\/fr\/#organization\",\"name\":\"Weegree\",\"url\":\"https:\/\/weegree.com\/fr\/\",\"logo\":{\"@type\":\"ImageObject\",\"inLanguage\":\"nl-NL\",\"@id\":\"https:\/\/weegree.com\/fr\/#\/schema\/logo\/image\/\",\"url\":\"https:\/\/weegree.com\/wp-content\/uploads\/2024\/06\/weegree-logo.svg\",\"contentUrl\":\"https:\/\/weegree.com\/wp-content\/uploads\/2024\/06\/weegree-logo.svg\",\"width\":94,\"height\":36,\"caption\":\"Weegree\"},\"image\":{\"@id\":\"https:\/\/weegree.com\/fr\/#\/schema\/logo\/image\/\"},\"sameAs\":[\"http:\/\/www.facebook.com\/weegreeworld\",\"http:\/\/www.linkedin.com\/company\/2972953\"]}]}<\/script>\n<!-- \/ Yoast SEO plugin. -->","yoast_head_json":{"title":"Neem contact op met - Weegree","robots":{"index":"index","follow":"follow","max-snippet":"max-snippet:-1","max-image-preview":"max-image-preview:large","max-video-preview":"max-video-preview:-1"},"canonical":"https:\/\/weegree.com\/nl\/kontakt\/","og_locale":"nl_NL","og_type":"article","og_title":"Neem contact op met - Weegree","og_url":"https:\/\/weegree.com\/nl\/kontakt\/","og_site_name":"Weegree","article_publisher":"http:\/\/www.facebook.com\/weegreeworld","article_modified_time":"2024-08-07T13:19:07+00:00","twitter_card":"summary_large_image","schema":{"@context":"https:\/\/schema.org","@graph":[{"@type":"WebPage","@id":"https:\/\/weegree.com\/nl\/kontakt\/","url":"https:\/\/weegree.com\/nl\/kontakt\/","name":"Neem contact op met - Weegree","isPartOf":{"@id":"https:\/\/weegree.com\/fr\/#website"},"datePublished":"2024-03-25T12:51:30+00:00","dateModified":"2024-08-07T13:19:07+00:00","breadcrumb":{"@id":"https:\/\/weegree.com\/nl\/kontakt\/#breadcrumb"},"inLanguage":"nl-NL","potentialAction":[{"@type":"ReadAction","target":["https:\/\/weegree.com\/nl\/kontakt\/"]}]},{"@type":"BreadcrumbList","@id":"https:\/\/weegree.com\/nl\/kontakt\/#breadcrumb","itemListElement":[{"@type":"ListItem","position":1,"name":"Strona g\u0142\u00f3wna","item":"https:\/\/weegree.com\/nl\/"},{"@type":"ListItem","position":2,"name":"Neem contact op met"}]},{"@type":"WebSite","@id":"https:\/\/weegree.com\/fr\/#website","url":"https:\/\/weegree.com\/fr\/","name":"Weegree","description":"dostarczanie specjalist\u00f3w to nasza specjalno\u015b\u0107","publisher":{"@id":"https:\/\/weegree.com\/fr\/#organization"},"potentialAction":[{"@type":"SearchAction","target":{"@type":"EntryPoint","urlTemplate":"https:\/\/weegree.com\/fr\/?s={search_term_string}"},"query-input":{"@type":"PropertyValueSpecification","valueRequired":true,"valueName":"search_term_string"}}],"inLanguage":"nl-NL"},{"@type":"Organization","@id":"https:\/\/weegree.com\/fr\/#organization","name":"Weegree","url":"https:\/\/weegree.com\/fr\/","logo":{"@type":"ImageObject","inLanguage":"nl-NL","@id":"https:\/\/weegree.com\/fr\/#\/schema\/logo\/image\/","url":"https:\/\/weegree.com\/wp-content\/uploads\/2024\/06\/weegree-logo.svg","contentUrl":"https:\/\/weegree.com\/wp-content\/uploads\/2024\/06\/weegree-logo.svg","width":94,"height":36,"caption":"Weegree"},"image":{"@id":"https:\/\/weegree.com\/fr\/#\/schema\/logo\/image\/"},"sameAs":["http:\/\/www.facebook.com\/weegreeworld","http:\/\/www.linkedin.com\/company\/2972953"]}]}},"_links":{"self":[{"href":"https:\/\/weegree.com\/nl\/wp-json\/wp\/v2\/pages\/18198","targetHints":{"allow":["GET"]}}],"collection":[{"href":"https:\/\/weegree.com\/nl\/wp-json\/wp\/v2\/pages"}],"about":[{"href":"https:\/\/weegree.com\/nl\/wp-json\/wp\/v2\/types\/page"}],"author":[{"embeddable":true,"href":"https:\/\/weegree.com\/nl\/wp-json\/wp\/v2\/users\/1"}],"replies":[{"embeddable":true,"href":"https:\/\/weegree.com\/nl\/wp-json\/wp\/v2\/comments?post=18198"}],"version-history":[{"count":3,"href":"https:\/\/weegree.com\/nl\/wp-json\/wp\/v2\/pages\/18198\/revisions"}],"predecessor-version":[{"id":88950,"href":"https:\/\/weegree.com\/nl\/wp-json\/wp\/v2\/pages\/18198\/revisions\/88950"}],"wp:attachment":[{"href":"https:\/\/weegree.com\/nl\/wp-json\/wp\/v2\/media?parent=18198"}],"curies":[{"name":"wp","href":"https:\/\/api.w.org\/{rel}","templated":true}]}}