{"id":85825,"date":"2024-06-03T11:38:04","date_gmt":"2024-06-03T11:38:04","guid":{"rendered":"https:\/\/weegree.com\/eu-projecten\/"},"modified":"2024-06-11T09:08:20","modified_gmt":"2024-06-11T09:08:20","slug":"eu-projecten","status":"publish","type":"page","link":"https:\/\/weegree.com\/nl\/eu-projecten\/","title":{"rendered":"EU-projecten"},"content":{"rendered":"\n<figure class=\"wp-block-gallery has-nested-images columns-default is-cropped wp-block-gallery-1 is-layout-flex wp-block-gallery-is-layout-flex\">\n<figure class=\"wp-block-image size-large\"><img decoding=\"async\" width=\"1024\" height=\"135\" data-id=\"85036\" src=\"http:\/\/weegree.com\/wp-content\/uploads\/2024\/06\/weegree-projekty-unijne-1024x135.jpg\" alt=\"\" class=\"wp-image-85036\" srcset=\"https:\/\/weegree.com\/wp-content\/uploads\/2024\/06\/weegree-projekty-unijne-1024x135.jpg 1024w, https:\/\/weegree.com\/wp-content\/uploads\/2024\/06\/weegree-projekty-unijne-300x40.jpg 300w, https:\/\/weegree.com\/wp-content\/uploads\/2024\/06\/weegree-projekty-unijne-768x101.jpg 768w, https:\/\/weegree.com\/wp-content\/uploads\/2024\/06\/weegree-projekty-unijne.jpg 1385w\" sizes=\"(max-width: 1024px) 100vw, 1024px\" \/><\/figure><\/figure>\n\n<div style=\"height:50px\" aria-hidden=\"true\" class=\"wp-block-spacer\"><\/div>\n\n<h4 class=\"wp-block-heading\"><strong>1. Weegree sp. z o.o. S.k. voert het project &#8220;Ontwikkeling van informatie- en communicatietechnologie\u00ebn bij WEEGREE SP\u00d3\u0141KA Z OGRANICZON\u0104 ODPOWIEDZIALNO\u015aCI\u0104 SP\u00d3\u0141KA KOMANDYTOWA met maatschappelijke zetel in Opole&#8221; uit.<\/strong><\/h4>\n\n<p>Medegefinancierd door de Europese Unie uit het Europees Fonds voor Regionale Ontwikkeling als onderdeel van het Regionaal Operationeel Programma 2014-2020 van het woiwodschap Opolskie; prioriteitsas 02 Concurrerende economie, maatregel 2.1 Nieuwe producten en diensten in het mkb.<\/p>\n\n<p>Het doel en effect van het project is het optimaliseren en automatiseren van bedrijfsprocessen van gerelateerde bedrijven binnen de kapitaalgroep door middel van de implementatie van een ge\u00efntegreerd IT-systeem, ECM+ERP, dat het beheer van documenten, bedrijfsprocessen en middelen van de economische eenheid met meerdere entiteiten vergemakkelijkt, samen met een applicatie voor gegevensuitwisseling met klanten op het gebied van delegatie van werknemers en handgeschreven biometrische ondertekening van documenten.<\/p>\n\n<p>Bedrag van de financiering: 385 461,56<\/p>\n\n<p>Waarde van het project: 948 425,13<\/p>\n\n<p><\/p>\n\n<p><strong>1. ONDERZOEK NR. 1\/RPO.02.01.02-16-0071\/16<\/strong><\/p>\n\n<ul class=\"wp-block-list\">\n<li><a href=\"https:\/\/weegree.com\/wp-content\/uploads\/2019\/05\/0.ZO_nr_1.pdf\">DOCUMENTEN OM TE DOWNLOADEN<\/a><\/li>\n\n\n\n<li><a href=\"https:\/\/weegree.com\/wp-content\/uploads\/2019\/07\/decyzja_wyboru_wykonawcy.pdf\">BESLISSING OVER DE SELECTIE VAN DE AANNEMER<\/a><\/li>\n\n\n\n<li><a href=\"https:\/\/weegree.com\/wp-content\/uploads\/2019\/07\/PYTANIA-I-ODPOWIEDZI-1RPO.02.01.02-16-007116.pdf\">VRAGEN EN ANTWOORDEN<\/a><\/li>\n<\/ul>\n\n<p><\/p>\n\n<div style=\"height:50px\" aria-hidden=\"true\" class=\"wp-block-spacer\"><\/div>\n\n<h4 class=\"wp-block-heading\"><strong>2. &#8220;Industrieel onderzoek en ontwikkeling bij Weegree Sp. z o.o. Sp. K. over een hybride intelligentiesysteem ter ondersteuning van de slimme specialisaties van het woiwodschap Opolskie&#8221;.<\/strong><\/h4>\n\n<p><strong>WEEGREE sp\u00f3\u0142ka z ograniczon\u0105 odpowiedzialno\u015bci\u0105 sp.k. voert het project &#8220;Pre-industrieel onderzoek en ontwikkeling in Weegree Sp. z o.o. Sp. K. over een hybride intelligentiesysteem ter ondersteuning van de slimme specialisaties van het woiwodschap Opolskie&#8221;.<\/strong><\/p>\n\n<p>Het doel en effect van het project is het vergroten van de O&amp;O-activiteiten van Weegree door het uitvoeren van industrieel onderzoek en ontwikkelingswerk dat zal leiden tot de ontwikkeling van een hybride intelligentiesysteem, dat een ICT-tool is voor industri\u00eble toepassingen met een bijzondere focus op de slimme specialisatie van het woiwodschap Opolskie.<\/p>\n\n<p>Project medegefinancierd door de Europese Unie uit het Europees Fonds voor Regionale Ontwikkeling in het kader van het Regionaal Operationeel Programma 2014-2020 van het woiwodschap Opolskie; prioriteitsas 01 Innovatie in de economie, maatregel 1.1 Innovatie in ondernemingen.<\/p>\n\n<p><strong>Totale waarde 3.414.936,87<\/strong><\/p>\n\n<p><strong>Subsidiabele uitgaven<\/strong> 3 198 994,27<\/p>\n\n<p><strong>Financiering<\/strong> 2 033 139,87<\/p>\n\n<p><strong>1. ONDERZOEK NR. 1\/RPO.01.01.00-16-0072\/16<\/strong><\/p>\n\n<ul class=\"wp-block-list\">\n<li><a href=\"https:\/\/weegree.com\/zapytanie-ofertowe-nr-1rpo-01-01-00-16-007216\/\">DOCUMENTEN OM TE DOWNLOADEN<\/a><\/li>\n<\/ul>\n\n<p><strong>ONDERZOEK NR. 2\/RPO.01.01.00-16-0072\/16<\/strong><\/p>\n\n<ul class=\"wp-block-list\">\n<li><a href=\"https:\/\/weegree.com\/zapytanie-ofertowe-nr-2rpo-01-01-00-16-007216\/\">DOCUMENTEN OM TE DOWNLOADEN<\/a><\/li>\n<\/ul>\n\n<p><strong>ONDERZOEK NR. 3\/RPO.01.01.00-16-0072\/16<\/strong><\/p>\n\n<ul class=\"wp-block-list\">\n<li><a href=\"https:\/\/weegree.com\/zapytanie-ofertowe-nr-3rpo-01-01-00-16-007216\/\">DOCUMENTEN OM TE DOWNLOADEN<\/a><\/li>\n<\/ul>\n\n<p><strong>ONDERZOEK NR. 4\/RPO.01.01.00-16-0072\/16<\/strong><\/p>\n\n<ul class=\"wp-block-list\">\n<li><a href=\"https:\/\/weegree.com\/zapytanie-ofertowe-nr-4rpo-01-01-00-16-007216\/\">DOCUMENTEN OM TE DOWNLOADEN<\/a><\/li>\n<\/ul>\n\n<div style=\"height:50px\" aria-hidden=\"true\" class=\"wp-block-spacer\"><\/div>\n\n<h4 class=\"wp-block-heading\"><strong>3. industrieel onderzoek en ontwikkeling bij Weegree Sp. z o.o. Sp. K. over een systeem van mobiele energiezuinige modulaire slimme huizen.<\/strong><\/h4>\n\n<p><strong>WEEGREE sp\u00f3\u0142ka z ograniczon\u0105 odpowiedzialno\u015bci\u0105 sp.k. voert het project &#8221;  <\/strong>Industrieel onderzoek en ontwikkeling bij Weegree Sp. z o.o. Sp. K. over een systeem van mobiele energiezuinige modulaire slimme huizen.<\/p>\n\n<p>Het doel en het belangrijkste effect van het project is het verhogen van de O&amp;O-activiteiten van Weegree Sp. z o.o. Sp. k. door het uitvoeren van industrieel onderzoek en ontwikkelingswerk dat zal leiden tot de ontwikkeling van technologie voor de bouw van een mobiele wooneenheid voor gemeenschappelijk wonen met innovatieve systemen: prefabricage en oogsten van zonne-energie. Door het cre\u00ebren van een technologie die uniek is in de wereld, vertaalt de implementatie van het project zich in een toename van innovatie voor het bedrijf van de aanvrager, de gehele bouwsector en de economie van het land.<\/p>\n\n<p>Het resultaat van de onderzoekscampagne is de ontwikkeling van de technologische principes van de voorgestelde oplossingen, de bouw van verschillende varianten van het prototype van de mobiele wooneenheid en het testen ervan in re\u00eble omstandigheden om de optimale oplossing te selecteren die zo goed mogelijk aan de onderzoekshypothesen voldoet.<\/p>\n\n<p>Project medegefinancierd door de Europese Unie uit het Europees Fonds voor Regionale Ontwikkeling in het kader van het Regionaal Operationeel Programma 2014-2020 van het woiwodschap Opolskie; prioriteitsas 01 Innovatie in de economie, maatregel 1.1 Innovatie in ondernemingen.<\/p>\n\n<p>Bedrag van de financiering 2 544 625,00<\/p>\n\n<p>Projectwaarde 4.028.470,00<\/p>\n","protected":false},"excerpt":{"rendered":"<p>1. Weegree sp. z o.o. S.k. voert het project &#8220;Ontwikkeling van informatie- en communicatietechnologie\u00ebn bij WEEGREE SP\u00d3\u0141KA Z OGRANICZON\u0104 ODPOWIEDZIALNO\u015aCI\u0104 SP\u00d3\u0141KA KOMANDYTOWA met maatschappelijke zetel in Opole&#8221; uit. Medegefinancierd door de Europese Unie uit het Europees Fonds voor Regionale Ontwikkeling als onderdeel van het Regionaal Operationeel Programma 2014-2020 van het woiwodschap Opolskie; prioriteitsas 02 Concurrerende [&hellip;]<\/p>\n","protected":false},"author":1,"featured_media":0,"parent":0,"menu_order":0,"comment_status":"closed","ping_status":"closed","template":"","meta":{"_acf_changed":false,"footnotes":""},"class_list":["post-85825","page","type-page","status-publish","hentry"],"acf":[],"yoast_head":"<!-- This site is optimized with the Yoast SEO plugin v25.5 - https:\/\/yoast.com\/wordpress\/plugins\/seo\/ -->\n<title>EU-projecten - Weegree<\/title>\n<meta name=\"robots\" content=\"index, follow, max-snippet:-1, max-image-preview:large, max-video-preview:-1\" \/>\n<link rel=\"canonical\" href=\"https:\/\/weegree.com\/nl\/eu-projecten\/\" \/>\n<meta property=\"og:locale\" content=\"nl_NL\" \/>\n<meta property=\"og:type\" content=\"article\" \/>\n<meta property=\"og:title\" content=\"EU-projecten - Weegree\" \/>\n<meta property=\"og:description\" content=\"1. Weegree sp. z o.o. S.k. voert het project &#8220;Ontwikkeling van informatie- en communicatietechnologie\u00ebn bij WEEGREE SP\u00d3\u0141KA Z OGRANICZON\u0104 ODPOWIEDZIALNO\u015aCI\u0104 SP\u00d3\u0141KA KOMANDYTOWA met maatschappelijke zetel in Opole&#8221; uit. Medegefinancierd door de Europese Unie uit het Europees Fonds voor Regionale Ontwikkeling als onderdeel van het Regionaal Operationeel Programma 2014-2020 van het woiwodschap Opolskie; prioriteitsas 02 Concurrerende [&hellip;]\" \/>\n<meta property=\"og:url\" content=\"https:\/\/weegree.com\/nl\/eu-projecten\/\" \/>\n<meta property=\"og:site_name\" content=\"Weegree\" \/>\n<meta property=\"article:publisher\" content=\"http:\/\/www.facebook.com\/weegreeworld\" \/>\n<meta property=\"article:modified_time\" content=\"2024-06-11T09:08:20+00:00\" \/>\n<meta property=\"og:image\" content=\"http:\/\/weegree.com\/wp-content\/uploads\/2024\/06\/weegree-projekty-unijne-1024x135.jpg\" \/>\n<meta name=\"twitter:card\" content=\"summary_large_image\" \/>\n<meta name=\"twitter:label1\" content=\"Est. reading time\" \/>\n\t<meta name=\"twitter:data1\" content=\"3 minutes\" \/>\n<script type=\"application\/ld+json\" class=\"yoast-schema-graph\">{\"@context\":\"https:\/\/schema.org\",\"@graph\":[{\"@type\":\"WebPage\",\"@id\":\"https:\/\/weegree.com\/nl\/eu-projecten\/\",\"url\":\"https:\/\/weegree.com\/nl\/eu-projecten\/\",\"name\":\"EU-projecten - Weegree\",\"isPartOf\":{\"@id\":\"https:\/\/weegree.com\/fr\/#website\"},\"primaryImageOfPage\":{\"@id\":\"https:\/\/weegree.com\/nl\/eu-projecten\/#primaryimage\"},\"image\":{\"@id\":\"https:\/\/weegree.com\/nl\/eu-projecten\/#primaryimage\"},\"thumbnailUrl\":\"http:\/\/weegree.com\/wp-content\/uploads\/2024\/06\/weegree-projekty-unijne-1024x135.jpg\",\"datePublished\":\"2024-06-03T11:38:04+00:00\",\"dateModified\":\"2024-06-11T09:08:20+00:00\",\"breadcrumb\":{\"@id\":\"https:\/\/weegree.com\/nl\/eu-projecten\/#breadcrumb\"},\"inLanguage\":\"nl-NL\",\"potentialAction\":[{\"@type\":\"ReadAction\",\"target\":[\"https:\/\/weegree.com\/nl\/eu-projecten\/\"]}]},{\"@type\":\"ImageObject\",\"inLanguage\":\"nl-NL\",\"@id\":\"https:\/\/weegree.com\/nl\/eu-projecten\/#primaryimage\",\"url\":\"http:\/\/weegree.com\/wp-content\/uploads\/2024\/06\/weegree-projekty-unijne-1024x135.jpg\",\"contentUrl\":\"http:\/\/weegree.com\/wp-content\/uploads\/2024\/06\/weegree-projekty-unijne-1024x135.jpg\"},{\"@type\":\"BreadcrumbList\",\"@id\":\"https:\/\/weegree.com\/nl\/eu-projecten\/#breadcrumb\",\"itemListElement\":[{\"@type\":\"ListItem\",\"position\":1,\"name\":\"Strona g\u0142\u00f3wna\",\"item\":\"https:\/\/weegree.com\/nl\/\"},{\"@type\":\"ListItem\",\"position\":2,\"name\":\"EU-projecten\"}]},{\"@type\":\"WebSite\",\"@id\":\"https:\/\/weegree.com\/fr\/#website\",\"url\":\"https:\/\/weegree.com\/fr\/\",\"name\":\"Weegree\",\"description\":\"dostarczanie specjalist\u00f3w to nasza specjalno\u015b\u0107\",\"publisher\":{\"@id\":\"https:\/\/weegree.com\/fr\/#organization\"},\"potentialAction\":[{\"@type\":\"SearchAction\",\"target\":{\"@type\":\"EntryPoint\",\"urlTemplate\":\"https:\/\/weegree.com\/fr\/?s={search_term_string}\"},\"query-input\":{\"@type\":\"PropertyValueSpecification\",\"valueRequired\":true,\"valueName\":\"search_term_string\"}}],\"inLanguage\":\"nl-NL\"},{\"@type\":\"Organization\",\"@id\":\"https:\/\/weegree.com\/fr\/#organization\",\"name\":\"Weegree\",\"url\":\"https:\/\/weegree.com\/fr\/\",\"logo\":{\"@type\":\"ImageObject\",\"inLanguage\":\"nl-NL\",\"@id\":\"https:\/\/weegree.com\/fr\/#\/schema\/logo\/image\/\",\"url\":\"https:\/\/weegree.com\/wp-content\/uploads\/2024\/06\/weegree-logo.svg\",\"contentUrl\":\"https:\/\/weegree.com\/wp-content\/uploads\/2024\/06\/weegree-logo.svg\",\"width\":94,\"height\":36,\"caption\":\"Weegree\"},\"image\":{\"@id\":\"https:\/\/weegree.com\/fr\/#\/schema\/logo\/image\/\"},\"sameAs\":[\"http:\/\/www.facebook.com\/weegreeworld\",\"http:\/\/www.linkedin.com\/company\/2972953\"]}]}<\/script>\n<!-- \/ Yoast SEO plugin. -->","yoast_head_json":{"title":"EU-projecten - Weegree","robots":{"index":"index","follow":"follow","max-snippet":"max-snippet:-1","max-image-preview":"max-image-preview:large","max-video-preview":"max-video-preview:-1"},"canonical":"https:\/\/weegree.com\/nl\/eu-projecten\/","og_locale":"nl_NL","og_type":"article","og_title":"EU-projecten - Weegree","og_description":"1. Weegree sp. z o.o. S.k. voert het project &#8220;Ontwikkeling van informatie- en communicatietechnologie\u00ebn bij WEEGREE SP\u00d3\u0141KA Z OGRANICZON\u0104 ODPOWIEDZIALNO\u015aCI\u0104 SP\u00d3\u0141KA KOMANDYTOWA met maatschappelijke zetel in Opole&#8221; uit. Medegefinancierd door de Europese Unie uit het Europees Fonds voor Regionale Ontwikkeling als onderdeel van het Regionaal Operationeel Programma 2014-2020 van het woiwodschap Opolskie; prioriteitsas 02 Concurrerende [&hellip;]","og_url":"https:\/\/weegree.com\/nl\/eu-projecten\/","og_site_name":"Weegree","article_publisher":"http:\/\/www.facebook.com\/weegreeworld","article_modified_time":"2024-06-11T09:08:20+00:00","og_image":[{"url":"http:\/\/weegree.com\/wp-content\/uploads\/2024\/06\/weegree-projekty-unijne-1024x135.jpg","type":"","width":"","height":""}],"twitter_card":"summary_large_image","twitter_misc":{"Est. reading time":"3 minutes"},"schema":{"@context":"https:\/\/schema.org","@graph":[{"@type":"WebPage","@id":"https:\/\/weegree.com\/nl\/eu-projecten\/","url":"https:\/\/weegree.com\/nl\/eu-projecten\/","name":"EU-projecten - Weegree","isPartOf":{"@id":"https:\/\/weegree.com\/fr\/#website"},"primaryImageOfPage":{"@id":"https:\/\/weegree.com\/nl\/eu-projecten\/#primaryimage"},"image":{"@id":"https:\/\/weegree.com\/nl\/eu-projecten\/#primaryimage"},"thumbnailUrl":"http:\/\/weegree.com\/wp-content\/uploads\/2024\/06\/weegree-projekty-unijne-1024x135.jpg","datePublished":"2024-06-03T11:38:04+00:00","dateModified":"2024-06-11T09:08:20+00:00","breadcrumb":{"@id":"https:\/\/weegree.com\/nl\/eu-projecten\/#breadcrumb"},"inLanguage":"nl-NL","potentialAction":[{"@type":"ReadAction","target":["https:\/\/weegree.com\/nl\/eu-projecten\/"]}]},{"@type":"ImageObject","inLanguage":"nl-NL","@id":"https:\/\/weegree.com\/nl\/eu-projecten\/#primaryimage","url":"http:\/\/weegree.com\/wp-content\/uploads\/2024\/06\/weegree-projekty-unijne-1024x135.jpg","contentUrl":"http:\/\/weegree.com\/wp-content\/uploads\/2024\/06\/weegree-projekty-unijne-1024x135.jpg"},{"@type":"BreadcrumbList","@id":"https:\/\/weegree.com\/nl\/eu-projecten\/#breadcrumb","itemListElement":[{"@type":"ListItem","position":1,"name":"Strona g\u0142\u00f3wna","item":"https:\/\/weegree.com\/nl\/"},{"@type":"ListItem","position":2,"name":"EU-projecten"}]},{"@type":"WebSite","@id":"https:\/\/weegree.com\/fr\/#website","url":"https:\/\/weegree.com\/fr\/","name":"Weegree","description":"dostarczanie specjalist\u00f3w to nasza specjalno\u015b\u0107","publisher":{"@id":"https:\/\/weegree.com\/fr\/#organization"},"potentialAction":[{"@type":"SearchAction","target":{"@type":"EntryPoint","urlTemplate":"https:\/\/weegree.com\/fr\/?s={search_term_string}"},"query-input":{"@type":"PropertyValueSpecification","valueRequired":true,"valueName":"search_term_string"}}],"inLanguage":"nl-NL"},{"@type":"Organization","@id":"https:\/\/weegree.com\/fr\/#organization","name":"Weegree","url":"https:\/\/weegree.com\/fr\/","logo":{"@type":"ImageObject","inLanguage":"nl-NL","@id":"https:\/\/weegree.com\/fr\/#\/schema\/logo\/image\/","url":"https:\/\/weegree.com\/wp-content\/uploads\/2024\/06\/weegree-logo.svg","contentUrl":"https:\/\/weegree.com\/wp-content\/uploads\/2024\/06\/weegree-logo.svg","width":94,"height":36,"caption":"Weegree"},"image":{"@id":"https:\/\/weegree.com\/fr\/#\/schema\/logo\/image\/"},"sameAs":["http:\/\/www.facebook.com\/weegreeworld","http:\/\/www.linkedin.com\/company\/2972953"]}]}},"_links":{"self":[{"href":"https:\/\/weegree.com\/nl\/wp-json\/wp\/v2\/pages\/85825","targetHints":{"allow":["GET"]}}],"collection":[{"href":"https:\/\/weegree.com\/nl\/wp-json\/wp\/v2\/pages"}],"about":[{"href":"https:\/\/weegree.com\/nl\/wp-json\/wp\/v2\/types\/page"}],"author":[{"embeddable":true,"href":"https:\/\/weegree.com\/nl\/wp-json\/wp\/v2\/users\/1"}],"replies":[{"embeddable":true,"href":"https:\/\/weegree.com\/nl\/wp-json\/wp\/v2\/comments?post=85825"}],"version-history":[{"count":1,"href":"https:\/\/weegree.com\/nl\/wp-json\/wp\/v2\/pages\/85825\/revisions"}],"predecessor-version":[{"id":85826,"href":"https:\/\/weegree.com\/nl\/wp-json\/wp\/v2\/pages\/85825\/revisions\/85826"}],"wp:attachment":[{"href":"https:\/\/weegree.com\/nl\/wp-json\/wp\/v2\/media?parent=85825"}],"curies":[{"name":"wp","href":"https:\/\/api.w.org\/{rel}","templated":true}]}}