{"id":18152,"date":"2024-05-20T16:36:31","date_gmt":"2024-05-20T16:36:31","guid":{"rendered":"https:\/\/weegree.com\/rodo\/"},"modified":"2024-06-06T07:34:41","modified_gmt":"2024-06-06T07:34:41","slug":"rodo","status":"publish","type":"page","link":"https:\/\/weegree.com\/ru\/rodo\/","title":{"rendered":"RODO"},"content":{"rendered":"\n<ul class=\"wp-block-list\">\n<li><a href=\"https:\/\/weegree.com\/przetwarzanie-danych\/\"><strong>\u041f\u043e\u043b\u0438\u0442\u0438\u043a\u0430 \u0437\u0430\u0449\u0438\u0442\u044b \u0434\u0430\u043d\u043d\u044b\u0445<\/strong><\/a><\/li>\n\n\n\n<li><a href=\"http:\/\/weegree.com\/wp-content\/uploads\/2021\/02\/dla-klientow-i-kontrahentow.pdf\"><strong>\u0418\u043d\u0444\u043e\u0440\u043c\u0430\u0446\u0438\u043e\u043d\u043d\u0430\u044f \u043e\u0433\u043e\u0432\u043e\u0440\u043a\u0430 \u0434\u043b\u044f \u043b\u0438\u0446, \u043a\u043e\u0442\u043e\u0440\u044b\u0435 \u044f\u0432\u043b\u044f\u044e\u0442\u0441\u044f \u043d\u0430\u0448\u0438\u043c\u0438 \u043a\u043b\u0438\u0435\u043d\u0442\u0430\u043c\u0438 \u0438\u043b\u0438 \u0434\u0435\u043b\u043e\u0432\u044b\u043c\u0438 \u043f\u0430\u0440\u0442\u043d\u0435\u0440\u0430\u043c\u0438<\/strong><\/a><\/li>\n\n\n\n<li><a href=\"http:\/\/weegree.com\/wp-content\/uploads\/2021\/02\/dla-pracownikow-klienta-lub-kontrahenta.pdf\"><strong>\u0418\u043d\u0444\u043e\u0440\u043c\u0430\u0446\u0438\u043e\u043d\u043d\u043e\u0435 \u043f\u043e\u043b\u043e\u0436\u0435\u043d\u0438\u0435 \u0434\u043b\u044f \u0441\u043e\u0442\u0440\u0443\u0434\u043d\u0438\u043a\u043e\u0432 \u0437\u0430\u043a\u0430\u0437\u0447\u0438\u043a\u0430 \u0438\u043b\u0438 \u043f\u043e\u0434\u0440\u044f\u0434\u0447\u0438\u043a\u0430<\/strong><\/a><\/li>\n\n\n\n<li><a href=\"http:\/\/weegree.com\/wp-content\/uploads\/2021\/02\/dla-osob-kontaktujacych-sie.pdf\"><strong>\u0418\u043d\u0444\u043e\u0440\u043c\u0430\u0446\u0438\u043e\u043d\u043d\u0430\u044f \u0441\u0442\u0430\u0442\u044c\u044f \u0434\u043b\u044f \u0442\u0435\u0445, \u043a\u0442\u043e \u043e\u0431\u0440\u0430\u0449\u0430\u0435\u0442\u0441\u044f \u0432 Weegree<\/strong><\/a><\/li>\n\n\n\n<li><a href=\"http:\/\/weegree.com\/wp-content\/uploads\/2021\/02\/dla-osob-szukajacych-pracy.pdf\"><strong>\u0418\u043d\u0444\u043e\u0440\u043c\u0430\u0446\u0438\u043e\u043d\u043d\u0430\u044f \u0441\u0442\u0430\u0442\u044c\u044f \u0434\u043b\u044f \u0442\u0435\u0445, \u043a\u0442\u043e \u0438\u0449\u0435\u0442 \u0440\u0430\u0431\u043e\u0442\u0443<\/strong><\/a><\/li>\n\n\n\n<li><a href=\"http:\/\/weegree.com\/wp-content\/uploads\/2021\/02\/dla-dzialan-marketingowych.pdf\"><strong>\u0418\u043d\u0444\u043e\u0440\u043c\u0430\u0446\u0438\u043e\u043d\u043d\u043e\u0435 \u043f\u043e\u043b\u043e\u0436\u0435\u043d\u0438\u0435 \u0434\u043b\u044f \u043b\u0438\u0446, \u0443\u0447\u0430\u0441\u0442\u0432\u0443\u044e\u0449\u0438\u0445 \u0432 \u043c\u0430\u0440\u043a\u0435\u0442\u0438\u043d\u0433\u043e\u0432\u044b\u0445 \u043c\u0435\u0440\u043e\u043f\u0440\u0438\u044f\u0442\u0438\u044f\u0445<\/strong><\/a><\/li>\n\n\n\n<li><a href=\"http:\/\/weegree.com\/wp-content\/uploads\/2021\/02\/dla-pracownikow-i-wspolpracownikow.pdf\"><strong>\u041f\u043e\u043b\u043e\u0436\u0435\u043d\u0438\u0435 \u043e\u0431 \u0438\u043d\u0444\u043e\u0440\u043c\u0430\u0446\u0438\u0438 \u0434\u043b\u044f \u0441\u043e\u0442\u0440\u0443\u0434\u043d\u0438\u043a\u043e\u0432 \u0438 \u043f\u0430\u0440\u0442\u043d\u0435\u0440\u043e\u0432<\/strong><\/a><\/li>\n\n\n\n<li><a href=\"http:\/\/weegree.com\/wp-content\/uploads\/2021\/02\/dla-bylych-pracownikow-i-wspolpracownikow.pdf\"><strong>\u0418\u043d\u0444\u043e\u0440\u043c\u0430\u0446\u0438\u043e\u043d\u043d\u0430\u044f \u043e\u0433\u043e\u0432\u043e\u0440\u043a\u0430 \u0434\u043b\u044f \u0431\u044b\u0432\u0448\u0438\u0445 \u0441\u043e\u0442\u0440\u0443\u0434\u043d\u0438\u043a\u043e\u0432 \u0438 \u0435\u0434\u0438\u043d\u043e\u043c\u044b\u0448\u043b\u0435\u043d\u043d\u0438\u043a\u043e\u0432<\/strong><\/a><\/li>\n\n\n\n<li><a href=\"http:\/\/weegree.com\/wp-content\/uploads\/2021\/02\/dla-potencjalnych-klientow.pdf\"><strong>\u0418\u043d\u0444\u043e\u0440\u043c\u0430\u0446\u0438\u043e\u043d\u043d\u0430\u044f \u0441\u0442\u0430\u0442\u044c\u044f \u0434\u043b\u044f \u043f\u043e\u0442\u0435\u043d\u0446\u0438\u0430\u043b\u044c\u043d\u044b\u0445 \u043a\u043b\u0438\u0435\u043d\u0442\u043e\u0432<\/strong><\/a><\/li>\n\n\n\n<li><a href=\"http:\/\/weegree.com\/wp-content\/uploads\/2021\/02\/objetych-monitoringiem-wizyjnym.pdf\"><strong>\u041e\u0433\u043e\u0432\u043e\u0440\u043a\u0430 \u0434\u043b\u044f \u043b\u0438\u0446, \u043f\u043e\u0434\u0432\u0435\u0440\u0433\u0430\u044e\u0449\u0438\u0445\u0441\u044f \u0432\u0438\u0434\u0435\u043e\u043d\u0430\u0431\u043b\u044e\u0434\u0435\u043d\u0438\u044e<\/strong><\/a><\/li>\n<\/ul>\n","protected":false},"excerpt":{"rendered":"","protected":false},"author":1,"featured_media":0,"parent":0,"menu_order":0,"comment_status":"closed","ping_status":"closed","template":"","meta":{"_acf_changed":false,"footnotes":""},"class_list":["post-18152","page","type-page","status-publish","hentry"],"acf":[],"yoast_head":"<!-- This site is optimized with the Yoast SEO plugin v25.5 - https:\/\/yoast.com\/wordpress\/plugins\/seo\/ -->\n<title>RODO - Weegree<\/title>\n<meta name=\"robots\" content=\"index, follow, max-snippet:-1, max-image-preview:large, max-video-preview:-1\" \/>\n<link rel=\"canonical\" href=\"https:\/\/weegree.com\/ru\/rodo\/\" \/>\n<meta property=\"og:locale\" content=\"ru_RU\" \/>\n<meta property=\"og:type\" content=\"article\" \/>\n<meta property=\"og:title\" content=\"RODO - Weegree\" \/>\n<meta property=\"og:url\" content=\"https:\/\/weegree.com\/ru\/rodo\/\" \/>\n<meta property=\"og:site_name\" content=\"Weegree\" \/>\n<meta property=\"article:publisher\" content=\"http:\/\/www.facebook.com\/weegreeworld\" \/>\n<meta property=\"article:modified_time\" content=\"2024-06-06T07:34:41+00:00\" \/>\n<meta name=\"twitter:card\" content=\"summary_large_image\" \/>\n<script type=\"application\/ld+json\" class=\"yoast-schema-graph\">{\"@context\":\"https:\/\/schema.org\",\"@graph\":[{\"@type\":\"WebPage\",\"@id\":\"https:\/\/weegree.com\/ru\/rodo\/\",\"url\":\"https:\/\/weegree.com\/ru\/rodo\/\",\"name\":\"RODO - Weegree\",\"isPartOf\":{\"@id\":\"https:\/\/weegree.com\/fr\/#website\"},\"datePublished\":\"2024-05-20T16:36:31+00:00\",\"dateModified\":\"2024-06-06T07:34:41+00:00\",\"breadcrumb\":{\"@id\":\"https:\/\/weegree.com\/ru\/rodo\/#breadcrumb\"},\"inLanguage\":\"ru-RU\",\"potentialAction\":[{\"@type\":\"ReadAction\",\"target\":[\"https:\/\/weegree.com\/ru\/rodo\/\"]}]},{\"@type\":\"BreadcrumbList\",\"@id\":\"https:\/\/weegree.com\/ru\/rodo\/#breadcrumb\",\"itemListElement\":[{\"@type\":\"ListItem\",\"position\":1,\"name\":\"Strona g\u0142\u00f3wna\",\"item\":\"https:\/\/weegree.com\/ru\/\"},{\"@type\":\"ListItem\",\"position\":2,\"name\":\"RODO\"}]},{\"@type\":\"WebSite\",\"@id\":\"https:\/\/weegree.com\/fr\/#website\",\"url\":\"https:\/\/weegree.com\/fr\/\",\"name\":\"Weegree\",\"description\":\"dostarczanie specjalist\u00f3w to nasza specjalno\u015b\u0107\",\"publisher\":{\"@id\":\"https:\/\/weegree.com\/fr\/#organization\"},\"potentialAction\":[{\"@type\":\"SearchAction\",\"target\":{\"@type\":\"EntryPoint\",\"urlTemplate\":\"https:\/\/weegree.com\/fr\/?s={search_term_string}\"},\"query-input\":{\"@type\":\"PropertyValueSpecification\",\"valueRequired\":true,\"valueName\":\"search_term_string\"}}],\"inLanguage\":\"ru-RU\"},{\"@type\":\"Organization\",\"@id\":\"https:\/\/weegree.com\/fr\/#organization\",\"name\":\"Weegree\",\"url\":\"https:\/\/weegree.com\/fr\/\",\"logo\":{\"@type\":\"ImageObject\",\"inLanguage\":\"ru-RU\",\"@id\":\"https:\/\/weegree.com\/fr\/#\/schema\/logo\/image\/\",\"url\":\"https:\/\/weegree.com\/wp-content\/uploads\/2024\/06\/weegree-logo.svg\",\"contentUrl\":\"https:\/\/weegree.com\/wp-content\/uploads\/2024\/06\/weegree-logo.svg\",\"width\":94,\"height\":36,\"caption\":\"Weegree\"},\"image\":{\"@id\":\"https:\/\/weegree.com\/fr\/#\/schema\/logo\/image\/\"},\"sameAs\":[\"http:\/\/www.facebook.com\/weegreeworld\",\"http:\/\/www.linkedin.com\/company\/2972953\"]}]}<\/script>\n<!-- \/ Yoast SEO plugin. -->","yoast_head_json":{"title":"RODO - Weegree","robots":{"index":"index","follow":"follow","max-snippet":"max-snippet:-1","max-image-preview":"max-image-preview:large","max-video-preview":"max-video-preview:-1"},"canonical":"https:\/\/weegree.com\/ru\/rodo\/","og_locale":"ru_RU","og_type":"article","og_title":"RODO - Weegree","og_url":"https:\/\/weegree.com\/ru\/rodo\/","og_site_name":"Weegree","article_publisher":"http:\/\/www.facebook.com\/weegreeworld","article_modified_time":"2024-06-06T07:34:41+00:00","twitter_card":"summary_large_image","schema":{"@context":"https:\/\/schema.org","@graph":[{"@type":"WebPage","@id":"https:\/\/weegree.com\/ru\/rodo\/","url":"https:\/\/weegree.com\/ru\/rodo\/","name":"RODO - Weegree","isPartOf":{"@id":"https:\/\/weegree.com\/fr\/#website"},"datePublished":"2024-05-20T16:36:31+00:00","dateModified":"2024-06-06T07:34:41+00:00","breadcrumb":{"@id":"https:\/\/weegree.com\/ru\/rodo\/#breadcrumb"},"inLanguage":"ru-RU","potentialAction":[{"@type":"ReadAction","target":["https:\/\/weegree.com\/ru\/rodo\/"]}]},{"@type":"BreadcrumbList","@id":"https:\/\/weegree.com\/ru\/rodo\/#breadcrumb","itemListElement":[{"@type":"ListItem","position":1,"name":"Strona g\u0142\u00f3wna","item":"https:\/\/weegree.com\/ru\/"},{"@type":"ListItem","position":2,"name":"RODO"}]},{"@type":"WebSite","@id":"https:\/\/weegree.com\/fr\/#website","url":"https:\/\/weegree.com\/fr\/","name":"Weegree","description":"dostarczanie specjalist\u00f3w to nasza specjalno\u015b\u0107","publisher":{"@id":"https:\/\/weegree.com\/fr\/#organization"},"potentialAction":[{"@type":"SearchAction","target":{"@type":"EntryPoint","urlTemplate":"https:\/\/weegree.com\/fr\/?s={search_term_string}"},"query-input":{"@type":"PropertyValueSpecification","valueRequired":true,"valueName":"search_term_string"}}],"inLanguage":"ru-RU"},{"@type":"Organization","@id":"https:\/\/weegree.com\/fr\/#organization","name":"Weegree","url":"https:\/\/weegree.com\/fr\/","logo":{"@type":"ImageObject","inLanguage":"ru-RU","@id":"https:\/\/weegree.com\/fr\/#\/schema\/logo\/image\/","url":"https:\/\/weegree.com\/wp-content\/uploads\/2024\/06\/weegree-logo.svg","contentUrl":"https:\/\/weegree.com\/wp-content\/uploads\/2024\/06\/weegree-logo.svg","width":94,"height":36,"caption":"Weegree"},"image":{"@id":"https:\/\/weegree.com\/fr\/#\/schema\/logo\/image\/"},"sameAs":["http:\/\/www.facebook.com\/weegreeworld","http:\/\/www.linkedin.com\/company\/2972953"]}]}},"_links":{"self":[{"href":"https:\/\/weegree.com\/ru\/wp-json\/wp\/v2\/pages\/18152","targetHints":{"allow":["GET"]}}],"collection":[{"href":"https:\/\/weegree.com\/ru\/wp-json\/wp\/v2\/pages"}],"about":[{"href":"https:\/\/weegree.com\/ru\/wp-json\/wp\/v2\/types\/page"}],"author":[{"embeddable":true,"href":"https:\/\/weegree.com\/ru\/wp-json\/wp\/v2\/users\/1"}],"replies":[{"embeddable":true,"href":"https:\/\/weegree.com\/ru\/wp-json\/wp\/v2\/comments?post=18152"}],"version-history":[{"count":0,"href":"https:\/\/weegree.com\/ru\/wp-json\/wp\/v2\/pages\/18152\/revisions"}],"wp:attachment":[{"href":"https:\/\/weegree.com\/ru\/wp-json\/wp\/v2\/media?parent=18152"}],"curies":[{"name":"wp","href":"https:\/\/api.w.org\/{rel}","templated":true}]}}