{"id":85843,"date":"2024-06-04T11:24:32","date_gmt":"2024-06-04T11:24:32","guid":{"rendered":"https:\/\/weegree.com\/dodatky\/"},"modified":"2024-06-11T09:08:25","modified_gmt":"2024-06-11T09:08:25","slug":"dodatky","status":"publish","type":"page","link":"https:\/\/weegree.com\/uk\/dodatky\/","title":{"rendered":"\u0414\u043e\u0434\u0430\u0442\u043a\u0438"},"content":{"rendered":"\n<h2 class=\"wp-block-heading\"><strong>\u0427\u0438 \u043f\u043e\u043c\u0456\u0442\u0438\u043b\u0438 \u0432\u0438 \u043f\u043e\u0440\u0443\u0448\u0435\u043d\u043d\u044f \u0430\u0431\u043e \u044e\u0440\u0438\u0434\u0438\u0447\u043d\u0456 \u043d\u0435\u0434\u043e\u043b\u0456\u043a\u0438 \u0443 \u0432\u0430\u0448\u0456\u0439 \u043a\u043e\u043c\u043f\u0430\u043d\u0456\u0457?<\/strong><\/h2>\n\n<p>\u0412\u0438 \u043c\u043e\u0436\u0435\u0442\u0435 \u0441\u043c\u0456\u043b\u0438\u0432\u043e \u0432\u0438\u0441\u043b\u043e\u0432\u043b\u044e\u0432\u0430\u0442\u0438 \u0441\u0432\u043e\u0457 \u0437\u0430\u043d\u0435\u043f\u043e\u043a\u043e\u0454\u043d\u043d\u044f!<br\/>\u041c\u0438 \u0440\u043e\u0437\u0433\u043b\u044f\u043d\u0435\u043c\u043e \u0432\u0430\u0448 \u0441\u0438\u0433\u043d\u0430\u043b \u0456 \u043f\u043e\u0434\u0443\u043c\u0430\u0454\u043c\u043e, \u044f\u043a \u0440\u0435\u0430\u0433\u0443\u0432\u0430\u0442\u0438, \u0449\u043e\u0431 \u0437\u0430\u043f\u043e\u0431\u0456\u0433\u0442\u0438 \u0431\u0443\u0434\u044c-\u044f\u043a\u0438\u043c \u043f\u043e\u0440\u0443\u0448\u0435\u043d\u043d\u044f\u043c \u0456 \u0437\u043b\u043e\u0432\u0436\u0438\u0432\u0430\u043d\u043d\u044f\u043c \u0443 \u043c\u0430\u0439\u0431\u0443\u0442\u043d\u044c\u043e\u043c\u0443.<br\/>\u0417\u0432&#8217;\u044f\u0436\u0456\u0442\u044c\u0441\u044f \u0437 \u043d\u0430\u043c\u0438 \u0437\u0430 \u0434\u043e\u043f\u043e\u043c\u043e\u0433\u043e\u044e \u0444\u043e\u0440\u043c\u0438 \u0430\u0431\u043e \u0435\u043b\u0435\u043a\u0442\u0440\u043e\u043d\u043d\u043e\u044e \u043f\u043e\u0448\u0442\u043e\u044e <a href=\"mailto:zgloszenia@weegree.com\">zgloszenia@weegree.com.<\/a><\/p>\n\n<div class=\"wp-block-contact-form-7-contact-form-selector\">\n<div class=\"wpcf7 no-js\" id=\"wpcf7-f85944-o1\" lang=\"uk\" dir=\"ltr\" data-wpcf7-id=\"85944\">\n<div class=\"screen-reader-response\"><p role=\"status\" aria-live=\"polite\" aria-atomic=\"true\"><\/p> <ul><\/ul><\/div>\n<form action=\"\/uk\/wp-json\/wp\/v2\/pages\/85843#wpcf7-f85944-o1\" method=\"post\" class=\"wpcf7-form init\" aria-label=\"\u041a\u043e\u043d\u0442\u0430\u043a\u0442\u043d\u0430 \u0444\u043e\u0440\u043c\u0430\" enctype=\"multipart\/form-data\" novalidate=\"novalidate\" data-status=\"init\">\n<fieldset class=\"hidden-fields-container\"><input type=\"hidden\" name=\"_wpcf7\" value=\"85944\" \/><input type=\"hidden\" name=\"_wpcf7_version\" value=\"6.1\" \/><input type=\"hidden\" name=\"_wpcf7_locale\" value=\"uk\" \/><input type=\"hidden\" name=\"_wpcf7_unit_tag\" value=\"wpcf7-f85944-o1\" \/><input type=\"hidden\" name=\"_wpcf7_container_post\" value=\"0\" \/><input type=\"hidden\" name=\"_wpcf7_posted_data_hash\" value=\"\" \/><input type=\"hidden\" name=\"_wpcf7_recaptcha_response\" value=\"\" \/>\n<\/fieldset>\n<div class=\"zgloszenia-form\">\n<span class=\"wpcf7-form-control-wrap\" data-name=\"your-name\"><input size=\"40\" maxlength=\"400\" class=\"wpcf7-form-control wpcf7-text wpcf7-validates-as-required\" autocomplete=\"name\" aria-required=\"true\" aria-invalid=\"false\" placeholder=\"\u0406\u043c&#039;\u044f\" value=\"\" type=\"text\" name=\"your-name\" \/><\/span>\n<span class=\"wpcf7-form-control-wrap\" data-name=\"your-email-or-phone\"><input size=\"40\" maxlength=\"400\" class=\"wpcf7-form-control wpcf7-text wpcf7-validates-as-required\" aria-required=\"true\" aria-invalid=\"false\" placeholder=\"\u0422\u0435\u043b\u0435\u0444\u043e\u043d \u0430\u0431\u043e \u0430\u0434\u0440\u0435\u0441\u0430 \u0435\u043b\u0435\u043a\u0442\u0440\u043e\u043d\u043d\u043e\u0457 \u043f\u043e\u0448\u0442\u0438\" value=\"\" type=\"text\" name=\"your-email-or-phone\" \/><\/span>\n<span class=\"wpcf7-form-control-wrap\" data-name=\"your-text\"><textarea cols=\"40\" rows=\"10\" maxlength=\"2000\" class=\"wpcf7-form-control wpcf7-textarea wpcf7-validates-as-required\" aria-required=\"true\" aria-invalid=\"false\" placeholder=\"\u041e\u043f\u0438\u0441 \u0456\u043d\u0446\u0438\u0434\u0435\u043d\u0442\u0443 (\u0432\u0456\u0434\u043e\u043c\u0456 \u0444\u0430\u043a\u0442\u0438, \u043f\u043e\u0434\u0456\u0457 \u0442\u0430 \u043e\u0431\u0441\u0442\u0430\u0432\u0438\u043d\u0438, \u0434\u0430\u043d\u0456 \u043f\u0440\u043e \u043e\u0441\u0456\u0431, \u044f\u043a\u0456 \u043c\u043e\u0436\u0443\u0442\u044c \u0434\u043e\u043f\u043e\u043c\u043e\u0433\u0442\u0438 \u0443 \u0437&#039;\u044f\u0441\u0443\u0432\u0430\u043d\u043d\u0456 \u0441\u043f\u0440\u0430\u0432\u0438)\" name=\"your-text\"><\/textarea><\/span>\n<span class=\"wpcf7-form-control-wrap\" data-name=\"file-558\"><input size=\"40\" class=\"wpcf7-form-control wpcf7-file\" accept=\"audio\/*,video\/*,image\/*\" aria-invalid=\"false\" type=\"file\" name=\"file-558\" \/><\/span>\n<input class=\"wpcf7-form-control wpcf7-submit has-spinner wg-button\" type=\"submit\" value=\"\u041d\u0430\u0434\u0456\u0441\u043b\u0430\u0442\u0438\" \/>\n<\/div><div class=\"wpcf7-response-output\" aria-hidden=\"true\"><\/div>\n<\/form>\n<\/div>\n<\/div>\n","protected":false},"excerpt":{"rendered":"<p>\u0427\u0438 \u043f\u043e\u043c\u0456\u0442\u0438\u043b\u0438 \u0432\u0438 \u043f\u043e\u0440\u0443\u0448\u0435\u043d\u043d\u044f \u0430\u0431\u043e \u044e\u0440\u0438\u0434\u0438\u0447\u043d\u0456 \u043d\u0435\u0434\u043e\u043b\u0456\u043a\u0438 \u0443 \u0432\u0430\u0448\u0456\u0439 \u043a\u043e\u043c\u043f\u0430\u043d\u0456\u0457? \u0412\u0438 \u043c\u043e\u0436\u0435\u0442\u0435 \u0441\u043c\u0456\u043b\u0438\u0432\u043e \u0432\u0438\u0441\u043b\u043e\u0432\u043b\u044e\u0432\u0430\u0442\u0438 \u0441\u0432\u043e\u0457 \u0437\u0430\u043d\u0435\u043f\u043e\u043a\u043e\u0454\u043d\u043d\u044f!\u041c\u0438 \u0440\u043e\u0437\u0433\u043b\u044f\u043d\u0435\u043c\u043e \u0432\u0430\u0448 \u0441\u0438\u0433\u043d\u0430\u043b \u0456 \u043f\u043e\u0434\u0443\u043c\u0430\u0454\u043c\u043e, \u044f\u043a \u0440\u0435\u0430\u0433\u0443\u0432\u0430\u0442\u0438, \u0449\u043e\u0431 \u0437\u0430\u043f\u043e\u0431\u0456\u0433\u0442\u0438 \u0431\u0443\u0434\u044c-\u044f\u043a\u0438\u043c \u043f\u043e\u0440\u0443\u0448\u0435\u043d\u043d\u044f\u043c \u0456 \u0437\u043b\u043e\u0432\u0436\u0438\u0432\u0430\u043d\u043d\u044f\u043c \u0443 \u043c\u0430\u0439\u0431\u0443\u0442\u043d\u044c\u043e\u043c\u0443.\u0417\u0432&#8217;\u044f\u0436\u0456\u0442\u044c\u0441\u044f \u0437 \u043d\u0430\u043c\u0438 \u0437\u0430 \u0434\u043e\u043f\u043e\u043c\u043e\u0433\u043e\u044e \u0444\u043e\u0440\u043c\u0438 \u0430\u0431\u043e \u0435\u043b\u0435\u043a\u0442\u0440\u043e\u043d\u043d\u043e\u044e \u043f\u043e\u0448\u0442\u043e\u044e zgloszenia@weegree.com.<\/p>\n","protected":false},"author":1,"featured_media":0,"parent":0,"menu_order":0,"comment_status":"closed","ping_status":"closed","template":"","meta":{"_acf_changed":false,"footnotes":""},"class_list":["post-85843","page","type-page","status-publish","hentry"],"acf":[],"yoast_head":"<!-- This site is optimized with the Yoast SEO plugin v25.5 - https:\/\/yoast.com\/wordpress\/plugins\/seo\/ -->\n<title>\u0414\u043e\u0434\u0430\u0442\u043a\u0438 - Weegree<\/title>\n<meta name=\"robots\" content=\"index, follow, max-snippet:-1, max-image-preview:large, max-video-preview:-1\" \/>\n<link rel=\"canonical\" href=\"https:\/\/weegree.com\/uk\/dodatky\/\" \/>\n<meta property=\"og:locale\" content=\"uk_UA\" \/>\n<meta property=\"og:type\" content=\"article\" \/>\n<meta property=\"og:title\" content=\"\u0414\u043e\u0434\u0430\u0442\u043a\u0438 - Weegree\" \/>\n<meta property=\"og:description\" content=\"\u0427\u0438 \u043f\u043e\u043c\u0456\u0442\u0438\u043b\u0438 \u0432\u0438 \u043f\u043e\u0440\u0443\u0448\u0435\u043d\u043d\u044f \u0430\u0431\u043e \u044e\u0440\u0438\u0434\u0438\u0447\u043d\u0456 \u043d\u0435\u0434\u043e\u043b\u0456\u043a\u0438 \u0443 \u0432\u0430\u0448\u0456\u0439 \u043a\u043e\u043c\u043f\u0430\u043d\u0456\u0457? \u0412\u0438 \u043c\u043e\u0436\u0435\u0442\u0435 \u0441\u043c\u0456\u043b\u0438\u0432\u043e \u0432\u0438\u0441\u043b\u043e\u0432\u043b\u044e\u0432\u0430\u0442\u0438 \u0441\u0432\u043e\u0457 \u0437\u0430\u043d\u0435\u043f\u043e\u043a\u043e\u0454\u043d\u043d\u044f!\u041c\u0438 \u0440\u043e\u0437\u0433\u043b\u044f\u043d\u0435\u043c\u043e \u0432\u0430\u0448 \u0441\u0438\u0433\u043d\u0430\u043b \u0456 \u043f\u043e\u0434\u0443\u043c\u0430\u0454\u043c\u043e, \u044f\u043a \u0440\u0435\u0430\u0433\u0443\u0432\u0430\u0442\u0438, \u0449\u043e\u0431 \u0437\u0430\u043f\u043e\u0431\u0456\u0433\u0442\u0438 \u0431\u0443\u0434\u044c-\u044f\u043a\u0438\u043c \u043f\u043e\u0440\u0443\u0448\u0435\u043d\u043d\u044f\u043c \u0456 \u0437\u043b\u043e\u0432\u0436\u0438\u0432\u0430\u043d\u043d\u044f\u043c \u0443 \u043c\u0430\u0439\u0431\u0443\u0442\u043d\u044c\u043e\u043c\u0443.\u0417\u0432&#8217;\u044f\u0436\u0456\u0442\u044c\u0441\u044f \u0437 \u043d\u0430\u043c\u0438 \u0437\u0430 \u0434\u043e\u043f\u043e\u043c\u043e\u0433\u043e\u044e \u0444\u043e\u0440\u043c\u0438 \u0430\u0431\u043e \u0435\u043b\u0435\u043a\u0442\u0440\u043e\u043d\u043d\u043e\u044e \u043f\u043e\u0448\u0442\u043e\u044e zgloszenia@weegree.com.\" \/>\n<meta property=\"og:url\" content=\"https:\/\/weegree.com\/uk\/dodatky\/\" \/>\n<meta property=\"og:site_name\" content=\"Weegree\" \/>\n<meta property=\"article:publisher\" content=\"http:\/\/www.facebook.com\/weegreeworld\" \/>\n<meta property=\"article:modified_time\" content=\"2024-06-11T09:08:25+00:00\" \/>\n<meta name=\"twitter:card\" content=\"summary_large_image\" \/>\n<script type=\"application\/ld+json\" class=\"yoast-schema-graph\">{\"@context\":\"https:\/\/schema.org\",\"@graph\":[{\"@type\":\"WebPage\",\"@id\":\"https:\/\/weegree.com\/uk\/dodatky\/\",\"url\":\"https:\/\/weegree.com\/uk\/dodatky\/\",\"name\":\"\u0414\u043e\u0434\u0430\u0442\u043a\u0438 - Weegree\",\"isPartOf\":{\"@id\":\"https:\/\/weegree.com\/fr\/#website\"},\"datePublished\":\"2024-06-04T11:24:32+00:00\",\"dateModified\":\"2024-06-11T09:08:25+00:00\",\"breadcrumb\":{\"@id\":\"https:\/\/weegree.com\/uk\/dodatky\/#breadcrumb\"},\"inLanguage\":\"uk\",\"potentialAction\":[{\"@type\":\"ReadAction\",\"target\":[\"https:\/\/weegree.com\/uk\/dodatky\/\"]}]},{\"@type\":\"BreadcrumbList\",\"@id\":\"https:\/\/weegree.com\/uk\/dodatky\/#breadcrumb\",\"itemListElement\":[{\"@type\":\"ListItem\",\"position\":1,\"name\":\"Strona g\u0142\u00f3wna\",\"item\":\"https:\/\/weegree.com\/uk\/\"},{\"@type\":\"ListItem\",\"position\":2,\"name\":\"\u0414\u043e\u0434\u0430\u0442\u043a\u0438\"}]},{\"@type\":\"WebSite\",\"@id\":\"https:\/\/weegree.com\/fr\/#website\",\"url\":\"https:\/\/weegree.com\/fr\/\",\"name\":\"Weegree\",\"description\":\"dostarczanie specjalist\u00f3w to nasza specjalno\u015b\u0107\",\"publisher\":{\"@id\":\"https:\/\/weegree.com\/fr\/#organization\"},\"potentialAction\":[{\"@type\":\"SearchAction\",\"target\":{\"@type\":\"EntryPoint\",\"urlTemplate\":\"https:\/\/weegree.com\/fr\/?s={search_term_string}\"},\"query-input\":{\"@type\":\"PropertyValueSpecification\",\"valueRequired\":true,\"valueName\":\"search_term_string\"}}],\"inLanguage\":\"uk\"},{\"@type\":\"Organization\",\"@id\":\"https:\/\/weegree.com\/fr\/#organization\",\"name\":\"Weegree\",\"url\":\"https:\/\/weegree.com\/fr\/\",\"logo\":{\"@type\":\"ImageObject\",\"inLanguage\":\"uk\",\"@id\":\"https:\/\/weegree.com\/fr\/#\/schema\/logo\/image\/\",\"url\":\"https:\/\/weegree.com\/wp-content\/uploads\/2024\/06\/weegree-logo.svg\",\"contentUrl\":\"https:\/\/weegree.com\/wp-content\/uploads\/2024\/06\/weegree-logo.svg\",\"width\":94,\"height\":36,\"caption\":\"Weegree\"},\"image\":{\"@id\":\"https:\/\/weegree.com\/fr\/#\/schema\/logo\/image\/\"},\"sameAs\":[\"http:\/\/www.facebook.com\/weegreeworld\",\"http:\/\/www.linkedin.com\/company\/2972953\"]}]}<\/script>\n<!-- \/ Yoast SEO plugin. -->","yoast_head_json":{"title":"\u0414\u043e\u0434\u0430\u0442\u043a\u0438 - Weegree","robots":{"index":"index","follow":"follow","max-snippet":"max-snippet:-1","max-image-preview":"max-image-preview:large","max-video-preview":"max-video-preview:-1"},"canonical":"https:\/\/weegree.com\/uk\/dodatky\/","og_locale":"uk_UA","og_type":"article","og_title":"\u0414\u043e\u0434\u0430\u0442\u043a\u0438 - Weegree","og_description":"\u0427\u0438 \u043f\u043e\u043c\u0456\u0442\u0438\u043b\u0438 \u0432\u0438 \u043f\u043e\u0440\u0443\u0448\u0435\u043d\u043d\u044f \u0430\u0431\u043e \u044e\u0440\u0438\u0434\u0438\u0447\u043d\u0456 \u043d\u0435\u0434\u043e\u043b\u0456\u043a\u0438 \u0443 \u0432\u0430\u0448\u0456\u0439 \u043a\u043e\u043c\u043f\u0430\u043d\u0456\u0457? \u0412\u0438 \u043c\u043e\u0436\u0435\u0442\u0435 \u0441\u043c\u0456\u043b\u0438\u0432\u043e \u0432\u0438\u0441\u043b\u043e\u0432\u043b\u044e\u0432\u0430\u0442\u0438 \u0441\u0432\u043e\u0457 \u0437\u0430\u043d\u0435\u043f\u043e\u043a\u043e\u0454\u043d\u043d\u044f!\u041c\u0438 \u0440\u043e\u0437\u0433\u043b\u044f\u043d\u0435\u043c\u043e \u0432\u0430\u0448 \u0441\u0438\u0433\u043d\u0430\u043b \u0456 \u043f\u043e\u0434\u0443\u043c\u0430\u0454\u043c\u043e, \u044f\u043a \u0440\u0435\u0430\u0433\u0443\u0432\u0430\u0442\u0438, \u0449\u043e\u0431 \u0437\u0430\u043f\u043e\u0431\u0456\u0433\u0442\u0438 \u0431\u0443\u0434\u044c-\u044f\u043a\u0438\u043c \u043f\u043e\u0440\u0443\u0448\u0435\u043d\u043d\u044f\u043c \u0456 \u0437\u043b\u043e\u0432\u0436\u0438\u0432\u0430\u043d\u043d\u044f\u043c \u0443 \u043c\u0430\u0439\u0431\u0443\u0442\u043d\u044c\u043e\u043c\u0443.\u0417\u0432&#8217;\u044f\u0436\u0456\u0442\u044c\u0441\u044f \u0437 \u043d\u0430\u043c\u0438 \u0437\u0430 \u0434\u043e\u043f\u043e\u043c\u043e\u0433\u043e\u044e \u0444\u043e\u0440\u043c\u0438 \u0430\u0431\u043e \u0435\u043b\u0435\u043a\u0442\u0440\u043e\u043d\u043d\u043e\u044e \u043f\u043e\u0448\u0442\u043e\u044e zgloszenia@weegree.com.","og_url":"https:\/\/weegree.com\/uk\/dodatky\/","og_site_name":"Weegree","article_publisher":"http:\/\/www.facebook.com\/weegreeworld","article_modified_time":"2024-06-11T09:08:25+00:00","twitter_card":"summary_large_image","schema":{"@context":"https:\/\/schema.org","@graph":[{"@type":"WebPage","@id":"https:\/\/weegree.com\/uk\/dodatky\/","url":"https:\/\/weegree.com\/uk\/dodatky\/","name":"\u0414\u043e\u0434\u0430\u0442\u043a\u0438 - Weegree","isPartOf":{"@id":"https:\/\/weegree.com\/fr\/#website"},"datePublished":"2024-06-04T11:24:32+00:00","dateModified":"2024-06-11T09:08:25+00:00","breadcrumb":{"@id":"https:\/\/weegree.com\/uk\/dodatky\/#breadcrumb"},"inLanguage":"uk","potentialAction":[{"@type":"ReadAction","target":["https:\/\/weegree.com\/uk\/dodatky\/"]}]},{"@type":"BreadcrumbList","@id":"https:\/\/weegree.com\/uk\/dodatky\/#breadcrumb","itemListElement":[{"@type":"ListItem","position":1,"name":"Strona g\u0142\u00f3wna","item":"https:\/\/weegree.com\/uk\/"},{"@type":"ListItem","position":2,"name":"\u0414\u043e\u0434\u0430\u0442\u043a\u0438"}]},{"@type":"WebSite","@id":"https:\/\/weegree.com\/fr\/#website","url":"https:\/\/weegree.com\/fr\/","name":"Weegree","description":"dostarczanie specjalist\u00f3w to nasza specjalno\u015b\u0107","publisher":{"@id":"https:\/\/weegree.com\/fr\/#organization"},"potentialAction":[{"@type":"SearchAction","target":{"@type":"EntryPoint","urlTemplate":"https:\/\/weegree.com\/fr\/?s={search_term_string}"},"query-input":{"@type":"PropertyValueSpecification","valueRequired":true,"valueName":"search_term_string"}}],"inLanguage":"uk"},{"@type":"Organization","@id":"https:\/\/weegree.com\/fr\/#organization","name":"Weegree","url":"https:\/\/weegree.com\/fr\/","logo":{"@type":"ImageObject","inLanguage":"uk","@id":"https:\/\/weegree.com\/fr\/#\/schema\/logo\/image\/","url":"https:\/\/weegree.com\/wp-content\/uploads\/2024\/06\/weegree-logo.svg","contentUrl":"https:\/\/weegree.com\/wp-content\/uploads\/2024\/06\/weegree-logo.svg","width":94,"height":36,"caption":"Weegree"},"image":{"@id":"https:\/\/weegree.com\/fr\/#\/schema\/logo\/image\/"},"sameAs":["http:\/\/www.facebook.com\/weegreeworld","http:\/\/www.linkedin.com\/company\/2972953"]}]}},"_links":{"self":[{"href":"https:\/\/weegree.com\/uk\/wp-json\/wp\/v2\/pages\/85843","targetHints":{"allow":["GET"]}}],"collection":[{"href":"https:\/\/weegree.com\/uk\/wp-json\/wp\/v2\/pages"}],"about":[{"href":"https:\/\/weegree.com\/uk\/wp-json\/wp\/v2\/types\/page"}],"author":[{"embeddable":true,"href":"https:\/\/weegree.com\/uk\/wp-json\/wp\/v2\/users\/1"}],"replies":[{"embeddable":true,"href":"https:\/\/weegree.com\/uk\/wp-json\/wp\/v2\/comments?post=85843"}],"version-history":[{"count":1,"href":"https:\/\/weegree.com\/uk\/wp-json\/wp\/v2\/pages\/85843\/revisions"}],"predecessor-version":[{"id":85844,"href":"https:\/\/weegree.com\/uk\/wp-json\/wp\/v2\/pages\/85843\/revisions\/85844"}],"wp:attachment":[{"href":"https:\/\/weegree.com\/uk\/wp-json\/wp\/v2\/media?parent=85843"}],"curies":[{"name":"wp","href":"https:\/\/api.w.org\/{rel}","templated":true}]}}